{"id":13850,"date":"2024-06-24T17:09:17","date_gmt":"2024-06-24T17:09:17","guid":{"rendered":"https:\/\/grupoexpro.com\/?page_id=13850"},"modified":"2025-06-24T15:42:39","modified_gmt":"2025-06-24T15:42:39","slug":"sucursales","status":"publish","type":"page","link":"https:\/\/grupoexpro.com\/colombia\/sucursales\/","title":{"rendered":"Sucursales"},"content":{"rendered":"\t\t<div data-elementor-type=\"wp-page\" data-elementor-id=\"13850\" class=\"elementor elementor-13850\">\n\t\t\t\t\t\t\t\t\t<section class=\"elementor-section elementor-top-section elementor-element elementor-element-928934b ot-traditional elementor-section-boxed elementor-section-height-default elementor-section-height-default\" data-id=\"928934b\" data-element_type=\"section\" data-settings=\"{&quot;background_background&quot;:&quot;classic&quot;}\" data-e-bg-lazyload=\"\">\n\t\t\t\t\t\t<div class=\"elementor-container elementor-column-gap-extended\">\n\t\t\t\t\t<div class=\"elementor-column elementor-col-100 elementor-top-column elementor-element elementor-element-1f725fd ot-flex-column-vertical\" data-id=\"1f725fd\" data-element_type=\"column\">\n\t\t\t<div class=\"elementor-widget-wrap elementor-element-populated\">\n\t\t\t\t\t\t\t\t<div class=\"elementor-element elementor-element-7157721 elementor-widget elementor-widget-iheading\" data-id=\"7157721\" data-element_type=\"widget\" data-widget_type=\"iheading.default\">\n\t\t\t\t<div class=\"elementor-widget-container\">\n\t\t\t\t\t<div class=\"ot-heading\">\r\n\t        \t            <span>\/\/ Los servicios y soluciones de GRUPOEXPRO est\u00e1n presentes en<\/span>\r\n\t        <h2 class=\"main-heading\">Chile, Per\u00fa y Colombia.<\/h2>\t    <\/div>\r\n\t    \t\t<\/div>\n\t\t\t\t<\/div>\n\t\t\t\t\t<\/div>\n\t\t<\/div>\n\t\t\t\t\t\t\t<\/div>\n\t\t<\/section>\n\t\t\t\t<section class=\"elementor-section elementor-top-section elementor-element elementor-element-f229ee4 ot-traditional elementor-section-boxed elementor-section-height-default elementor-section-height-default\" data-id=\"f229ee4\" data-element_type=\"section\">\n\t\t\t\t\t\t<div class=\"elementor-container elementor-column-gap-default\">\n\t\t\t\t\t<div class=\"elementor-column elementor-col-50 elementor-top-column elementor-element elementor-element-3ffd2b3 ot-column-items-top ot-flex-column-vertical\" data-id=\"3ffd2b3\" data-element_type=\"column\">\n\t\t\t<div class=\"elementor-widget-wrap elementor-element-populated\">\n\t\t\t\t\t\t\t\t<div class=\"elementor-element elementor-element-78e9dd8 elementor-widget elementor-widget-iheading\" data-id=\"78e9dd8\" data-element_type=\"widget\" data-widget_type=\"iheading.default\">\n\t\t\t\t<div class=\"elementor-widget-container\">\n\t\t\t\t\t<div class=\"ot-heading\">\r\n\t        <h2 class=\"main-heading\">&nbsp;&nbsp;&nbsp;&nbsp;&nbsp;<img class=\"wp-image-12169\"src=\"https:\/\/grupoexpro.com\/colombia\/wp-content\/uploads\/2024\/04\/icono_colombia.svg\" alt=\"\" width=\"50\" \/><\/h2>\t    <\/div>\r\n\t    \t\t<\/div>\n\t\t\t\t<\/div>\n\t\t\t\t<div class=\"elementor-element elementor-element-7a65028 elementor-widget elementor-widget-icontact_info\" data-id=\"7a65028\" data-element_type=\"widget\" data-widget_type=\"icontact_info.default\">\n\t\t\t\t<div class=\"elementor-widget-container\">\n\t\t\t\t\t\t\t\t    \t<div class=\"contact-info box-style1\">\r\n\t\t\t\t\t\t\t\t    \t\t        <i class=\"flaticon-world-globe\"><\/i>\t\t\t        <div class=\"info-text\">\r\n\t\t\t        \t<h6>Direcci\u00f3n:<\/h6>\r\n\t\t\t        \t<p>Carrera 49a #94-81 OF 304, Centro Empresarial Castellana 94, Bogot\u00e1.<\/p>\r\n\t\t\t        <\/div>\r\n\t\t\t    <\/div>\r\n\t\t    \t    \t\t<\/div>\n\t\t\t\t<\/div>\n\t\t\t\t<div class=\"elementor-element elementor-element-6234f3b elementor-widget elementor-widget-icontact_info\" data-id=\"6234f3b\" data-element_type=\"widget\" data-widget_type=\"icontact_info.default\">\n\t\t\t\t<div class=\"elementor-widget-container\">\n\t\t\t\t\t\t\t\t    \t<div class=\"contact-info box-style1\">\r\n\t\t\t\t\t\t\t\t    \t\t        <i class=\"flaticon-envelope\"><\/i>\t\t\t        <div class=\"info-text\">\r\n\t\t\t        \t<h6>E-mail:<\/h6>\r\n\t\t\t        \t<p>contacto.colombia@grupoexpro.com<\/p>\r\n\t\t\t        <\/div>\r\n\t\t\t    <\/div>\r\n\t\t    \t    \t\t<\/div>\n\t\t\t\t<\/div>\n\t\t\t\t<div class=\"elementor-element elementor-element-4ced0b7 elementor-widget elementor-widget-icontact_info\" data-id=\"4ced0b7\" data-element_type=\"widget\" data-widget_type=\"icontact_info.default\">\n\t\t\t\t<div class=\"elementor-widget-container\">\n\t\t\t\t\t\t\t\t    \t<div class=\"contact-info box-style1\">\r\n\t\t\t\t\t\t\t\t    \t\t        <i class=\"flaticon-phone-1\"><\/i>\t\t\t        <div class=\"info-text\">\r\n\t\t\t        \t<h6>Tel\u00e9fono:<\/h6>\r\n\t\t\t        \t<p>(+57) 304 416 7717<\/p>\r\n\t\t\t        <\/div>\r\n\t\t\t    <\/div>\r\n\t\t    \t    \t\t<\/div>\n\t\t\t\t<\/div>\n\t\t\t\t\t<\/div>\n\t\t<\/div>\n\t\t\t\t<div class=\"elementor-column elementor-col-50 elementor-top-column elementor-element elementor-element-68635c8 ot-flex-column-vertical\" data-id=\"68635c8\" data-element_type=\"column\">\n\t\t\t<div class=\"elementor-widget-wrap elementor-element-populated\">\n\t\t\t\t\t\t\t\t<div class=\"elementor-element elementor-element-f639288 elementor-widget elementor-widget-image\" data-id=\"f639288\" data-element_type=\"widget\" data-widget_type=\"image.default\">\n\t\t\t\t<div class=\"elementor-widget-container\">\n\t\t\t<style>\/*! elementor - v3.11.3 - 07-03-2023 *\/\n.elementor-widget-image{text-align:center}.elementor-widget-image a{display:inline-block}.elementor-widget-image a img[src$=\".svg\"]{width:48px}.elementor-widget-image img{vertical-align:middle;display:inline-block}<\/style>\t\t\t\t\t\t\t\t\t\t\t\t<img loading=\"lazy\" decoding=\"async\" width=\"710\" height=\"697\" src=\"https:\/\/grupoexpro.com\/colombia\/wp-content\/uploads\/2025\/01\/Disen\u0303o-sin-ti\u0301tulo-1.jpg\" class=\"attachment-large size-large wp-image-14692\" alt=\"\" srcset=\"https:\/\/grupoexpro.com\/colombia\/wp-content\/uploads\/2025\/01\/Disen\u0303o-sin-ti\u0301tulo-1.jpg 710w, https:\/\/grupoexpro.com\/colombia\/wp-content\/uploads\/2025\/01\/Disen\u0303o-sin-ti\u0301tulo-1-300x295.jpg 300w\" sizes=\"auto, (max-width: 710px) 100vw, 710px\" \/>\t\t\t\t\t\t\t\t\t\t\t\t\t\t\t<\/div>\n\t\t\t\t<\/div>\n\t\t\t\t\t<\/div>\n\t\t<\/div>\n\t\t\t\t\t\t\t<\/div>\n\t\t<\/section>\n\t\t\t\t<section class=\"elementor-section elementor-top-section elementor-element elementor-element-fe47f95 ot-traditional elementor-section-boxed elementor-section-height-default elementor-section-height-default\" data-id=\"fe47f95\" data-element_type=\"section\">\n\t\t\t\t\t\t<div class=\"elementor-container elementor-column-gap-default\">\n\t\t\t\t\t<div class=\"elementor-column elementor-col-100 elementor-top-column elementor-element elementor-element-c58dcc1 ot-flex-column-vertical\" data-id=\"c58dcc1\" data-element_type=\"column\">\n\t\t\t<div class=\"elementor-widget-wrap elementor-element-populated\">\n\t\t\t\t\t\t\t\t<section class=\"elementor-section elementor-inner-section elementor-element elementor-element-e57ab94 elementor-section-full_width ot-traditional elementor-section-height-default elementor-section-height-default\" data-id=\"e57ab94\" data-element_type=\"section\" data-settings=\"{&quot;background_background&quot;:&quot;gradient&quot;}\">\n\t\t\t\t\t\t<div class=\"elementor-container elementor-column-gap-extended\">\n\t\t\t\t\t<div class=\"elementor-column elementor-col-25 elementor-inner-column elementor-element elementor-element-9aa8c45 ot-flex-column-vertical\" data-id=\"9aa8c45\" data-element_type=\"column\">\n\t\t\t<div class=\"elementor-widget-wrap elementor-element-populated\">\n\t\t\t\t\t\t\t\t<div class=\"elementor-element elementor-element-4adcc17 elementor-widget__width-inherit elementor-widget elementor-widget-icounter\" data-id=\"4adcc17\" data-element_type=\"widget\" data-widget_type=\"icounter.default\">\n\t\t\t\t<div class=\"elementor-widget-container\">\n\t\t\t\t\t\t\t\t    \t<div class=\"icounter ot-counter\">\r\n\t\t        \t<div>\r\n\t\t        \t\t<span class=\"num\" data-to=\"28\" data-time= \"2000\"><\/span>\r\n\t\t        \t\t<span>+<\/span>\r\n\t\t        \t<\/div>\r\n\t\t        \t<h6>A\u00f1os Experiencia<\/h6>      \t\t\t\t        \r\n\t\t\t    <\/div>\r\n\t\t    \t    \t\t<\/div>\n\t\t\t\t<\/div>\n\t\t\t\t\t<\/div>\n\t\t<\/div>\n\t\t\t\t<div class=\"elementor-column elementor-col-25 elementor-inner-column elementor-element elementor-element-c61aef0 ot-flex-column-vertical\" data-id=\"c61aef0\" data-element_type=\"column\">\n\t\t\t<div class=\"elementor-widget-wrap elementor-element-populated\">\n\t\t\t\t\t\t\t\t<div class=\"elementor-element elementor-element-331b054 elementor-widget elementor-widget-icounter\" data-id=\"331b054\" data-element_type=\"widget\" data-widget_type=\"icounter.default\">\n\t\t\t\t<div class=\"elementor-widget-container\">\n\t\t\t\t\t\t\t\t    \t<div class=\"icounter ot-counter\">\r\n\t\t        \t<div>\r\n\t\t        \t\t<span class=\"num\" data-to=\"3\" data-time= \"2000\"><\/span>\r\n\t\t        \t\t<span><\/span>\r\n\t\t        \t<\/div>\r\n\t\t        \t<h6>Pa\u00edses<\/h6>      \t\t\t\t        \r\n\t\t\t    <\/div>\r\n\t\t    \t    \t\t<\/div>\n\t\t\t\t<\/div>\n\t\t\t\t\t<\/div>\n\t\t<\/div>\n\t\t\t\t<div class=\"elementor-column elementor-col-25 elementor-inner-column elementor-element elementor-element-e1a4467 ot-flex-column-vertical\" data-id=\"e1a4467\" data-element_type=\"column\">\n\t\t\t<div class=\"elementor-widget-wrap elementor-element-populated\">\n\t\t\t\t\t\t\t\t<div class=\"elementor-element elementor-element-4c7f03e elementor-widget elementor-widget-icounter\" data-id=\"4c7f03e\" data-element_type=\"widget\" data-widget_type=\"icounter.default\">\n\t\t\t\t<div class=\"elementor-widget-container\">\n\t\t\t\t\t\t\t\t    \t<div class=\"icounter ot-counter\">\r\n\t\t        \t<div>\r\n\t\t        \t\t<span class=\"num\" data-to=\"12000\" data-time= \"2000\"><\/span>\r\n\t\t        \t\t<span>+<\/span>\r\n\t\t        \t<\/div>\r\n\t\t        \t<h6>Colaboradores<\/h6>      \t\t\t\t        \r\n\t\t\t    <\/div>\r\n\t\t    \t    \t\t<\/div>\n\t\t\t\t<\/div>\n\t\t\t\t\t<\/div>\n\t\t<\/div>\n\t\t\t\t<div class=\"elementor-column elementor-col-25 elementor-inner-column elementor-element elementor-element-b18ae62 ot-flex-column-vertical\" data-id=\"b18ae62\" data-element_type=\"column\">\n\t\t\t<div class=\"elementor-widget-wrap elementor-element-populated\">\n\t\t\t\t\t\t\t\t<div class=\"elementor-element elementor-element-5ded2cb elementor-widget elementor-widget-icounter\" data-id=\"5ded2cb\" data-element_type=\"widget\" data-widget_type=\"icounter.default\">\n\t\t\t\t<div class=\"elementor-widget-container\">\n\t\t\t\t\t\t\t\t    \t<div class=\"icounter ot-counter\">\r\n\t\t        \t<div>\r\n\t\t        \t\t<span class=\"num\" data-to=\"300\" data-time= \"2000\"><\/span>\r\n\t\t        \t\t<span>+<\/span>\r\n\t\t        \t<\/div>\r\n\t\t        \t<h6>Clientes<\/h6>      \t\t\t\t        \r\n\t\t\t    <\/div>\r\n\t\t    \t    \t\t<\/div>\n\t\t\t\t<\/div>\n\t\t\t\t\t<\/div>\n\t\t<\/div>\n\t\t\t\t\t\t\t<\/div>\n\t\t<\/section>\n\t\t\t\t\t<\/div>\n\t\t<\/div>\n\t\t\t\t\t\t\t<\/div>\n\t\t<\/section>\n\t\t\t\t\t\t\t<\/div>\n\t\t","protected":false},"excerpt":{"rendered":"<p>\/\/ Los servicios y soluciones de GRUPOEXPRO est\u00e1n presentes en Chile, Per\u00fa y Colombia. &nbsp;&nbsp;&nbsp;&nbsp;&nbsp; Direcci\u00f3n: Carrera 49a #94-81 OF 304, Centro Empresarial Castellana 94, Bogot\u00e1. E-mail: contacto.colombia@grupoexpro.com Tel\u00e9fono: (+57) 304 416 7717 + A\u00f1os Experiencia Pa\u00edses + Colaboradores + Clientes<\/p>\n","protected":false},"author":1,"featured_media":0,"parent":0,"menu_order":0,"comment_status":"closed","ping_status":"closed","template":"","meta":{"footnotes":""},"class_list":["post-13850","page","type-page","status-publish","hentry"],"yoast_head":"<!-- This site is optimized with the Yoast SEO plugin v22.4 - https:\/\/yoast.com\/wordpress\/plugins\/seo\/ -->\n<title>Sucursales - GrupoExpro procesos estrat\u00e9gicos y soluciones de personal<\/title>\n<meta name=\"description\" content=\"Tenemos presencia mundial con altos est\u00e1ndares de cumplimiento laboral, seguridad y satisfacci\u00f3n de clientes.\" \/>\n<meta name=\"robots\" content=\"noindex, follow, max-snippet:-1, max-image-preview:large, max-video-preview:-1\" \/>\n<meta property=\"og:locale\" content=\"es_ES\" \/>\n<meta property=\"og:type\" content=\"article\" \/>\n<meta property=\"og:title\" content=\"Sucursales - GrupoExpro procesos estrat\u00e9gicos y soluciones de personal\" \/>\n<meta property=\"og:description\" content=\"Tenemos presencia mundial con altos est\u00e1ndares de cumplimiento laboral, seguridad y satisfacci\u00f3n de clientes.\" \/>\n<meta property=\"og:url\" content=\"https:\/\/grupoexpro.com\/colombia\/sucursales\/\" \/>\n<meta property=\"og:site_name\" content=\"GrupoExpro\" \/>\n<meta property=\"article:publisher\" content=\"https:\/\/www.facebook.com\/GrupoExpro.Chile\/\" \/>\n<meta property=\"article:modified_time\" content=\"2025-06-24T15:42:39+00:00\" \/>\n<meta property=\"og:image\" content=\"https:\/\/grupoexpro.com\/colombia\/wp-content\/uploads\/2023\/10\/rrss-1.jpg\" \/>\n\t<meta property=\"og:image:width\" content=\"1200\" \/>\n\t<meta property=\"og:image:height\" content=\"675\" \/>\n\t<meta property=\"og:image:type\" content=\"image\/jpeg\" \/>\n<meta name=\"twitter:card\" content=\"summary_large_image\" \/>\n<meta name=\"twitter:site\" content=\"@grupoExpro\" \/>\n<meta name=\"twitter:label1\" content=\"Tiempo de lectura\" \/>\n\t<meta name=\"twitter:data1\" content=\"1 minuto\" \/>\n<script type=\"application\/ld+json\" class=\"yoast-schema-graph\">{\"@context\":\"https:\/\/schema.org\",\"@graph\":[{\"@type\":\"WebPage\",\"@id\":\"https:\/\/grupoexpro.com\/colombia\/sucursales\/\",\"url\":\"https:\/\/grupoexpro.com\/colombia\/sucursales\/\",\"name\":\"Sucursales - GrupoExpro procesos estrat\u00e9gicos y soluciones de personal\",\"isPartOf\":{\"@id\":\"https:\/\/grupoexpro.com\/colombia\/#website\"},\"datePublished\":\"2024-06-24T17:09:17+00:00\",\"dateModified\":\"2025-06-24T15:42:39+00:00\",\"description\":\"Tenemos presencia mundial con altos est\u00e1ndares de cumplimiento laboral, seguridad y satisfacci\u00f3n de clientes.\",\"breadcrumb\":{\"@id\":\"https:\/\/grupoexpro.com\/colombia\/sucursales\/#breadcrumb\"},\"inLanguage\":\"es\",\"potentialAction\":[{\"@type\":\"ReadAction\",\"target\":[\"https:\/\/grupoexpro.com\/colombia\/sucursales\/\"]}]},{\"@type\":\"BreadcrumbList\",\"@id\":\"https:\/\/grupoexpro.com\/colombia\/sucursales\/#breadcrumb\",\"itemListElement\":[{\"@type\":\"ListItem\",\"position\":1,\"name\":\"Portada\",\"item\":\"https:\/\/grupoexpro.com\/colombia\/\"},{\"@type\":\"ListItem\",\"position\":2,\"name\":\"Sucursales\"}]},{\"@type\":\"WebSite\",\"@id\":\"https:\/\/grupoexpro.com\/colombia\/#website\",\"url\":\"https:\/\/grupoexpro.com\/colombia\/\",\"name\":\"GrupoExpro\",\"description\":\"Web\",\"publisher\":{\"@id\":\"https:\/\/grupoexpro.com\/colombia\/#organization\"},\"alternateName\":\"GrupoExpro\",\"inLanguage\":\"es\"},{\"@type\":\"Organization\",\"@id\":\"https:\/\/grupoexpro.com\/colombia\/#organization\",\"name\":\"GrupoExpro\",\"alternateName\":\"GrupoExpro\",\"url\":\"https:\/\/grupoexpro.com\/colombia\/\",\"logo\":{\"@type\":\"ImageObject\",\"inLanguage\":\"es\",\"@id\":\"https:\/\/grupoexpro.com\/colombia\/#\/schema\/logo\/image\/\",\"url\":\"https:\/\/grupoexpro.com\/colombia\/wp-content\/uploads\/2023\/10\/rrss.jpg\",\"contentUrl\":\"https:\/\/grupoexpro.com\/colombia\/wp-content\/uploads\/2023\/10\/rrss.jpg\",\"width\":1200,\"height\":600,\"caption\":\"GrupoExpro\"},\"image\":{\"@id\":\"https:\/\/grupoexpro.com\/colombia\/#\/schema\/logo\/image\/\"},\"sameAs\":[\"https:\/\/www.facebook.com\/GrupoExpro.Chile\/\",\"https:\/\/twitter.com\/grupoExpro\",\"https:\/\/www.linkedin.com\/company\/grupo-expro\/\",\"https:\/\/www.instagram.com\/grupo_expro\/?hl=es-la\"]}]}<\/script>\n<!-- \/ Yoast SEO plugin. -->","yoast_head_json":{"title":"Sucursales - GrupoExpro procesos estrat\u00e9gicos y soluciones de personal","description":"Tenemos presencia mundial con altos est\u00e1ndares de cumplimiento laboral, seguridad y satisfacci\u00f3n de clientes.","robots":{"index":"noindex","follow":"follow","max-snippet":"max-snippet:-1","max-image-preview":"max-image-preview:large","max-video-preview":"max-video-preview:-1"},"og_locale":"es_ES","og_type":"article","og_title":"Sucursales - GrupoExpro procesos estrat\u00e9gicos y soluciones de personal","og_description":"Tenemos presencia mundial con altos est\u00e1ndares de cumplimiento laboral, seguridad y satisfacci\u00f3n de clientes.","og_url":"https:\/\/grupoexpro.com\/colombia\/sucursales\/","og_site_name":"GrupoExpro","article_publisher":"https:\/\/www.facebook.com\/GrupoExpro.Chile\/","article_modified_time":"2025-06-24T15:42:39+00:00","og_image":[{"width":1200,"height":675,"url":"https:\/\/grupoexpro.com\/colombia\/wp-content\/uploads\/2023\/10\/rrss-1.jpg","type":"image\/jpeg"}],"twitter_card":"summary_large_image","twitter_site":"@grupoExpro","twitter_misc":{"Tiempo de lectura":"1 minuto"},"schema":{"@context":"https:\/\/schema.org","@graph":[{"@type":"WebPage","@id":"https:\/\/grupoexpro.com\/colombia\/sucursales\/","url":"https:\/\/grupoexpro.com\/colombia\/sucursales\/","name":"Sucursales - GrupoExpro procesos estrat\u00e9gicos y soluciones de personal","isPartOf":{"@id":"https:\/\/grupoexpro.com\/colombia\/#website"},"datePublished":"2024-06-24T17:09:17+00:00","dateModified":"2025-06-24T15:42:39+00:00","description":"Tenemos presencia mundial con altos est\u00e1ndares de cumplimiento laboral, seguridad y satisfacci\u00f3n de clientes.","breadcrumb":{"@id":"https:\/\/grupoexpro.com\/colombia\/sucursales\/#breadcrumb"},"inLanguage":"es","potentialAction":[{"@type":"ReadAction","target":["https:\/\/grupoexpro.com\/colombia\/sucursales\/"]}]},{"@type":"BreadcrumbList","@id":"https:\/\/grupoexpro.com\/colombia\/sucursales\/#breadcrumb","itemListElement":[{"@type":"ListItem","position":1,"name":"Portada","item":"https:\/\/grupoexpro.com\/colombia\/"},{"@type":"ListItem","position":2,"name":"Sucursales"}]},{"@type":"WebSite","@id":"https:\/\/grupoexpro.com\/colombia\/#website","url":"https:\/\/grupoexpro.com\/colombia\/","name":"GrupoExpro","description":"Web","publisher":{"@id":"https:\/\/grupoexpro.com\/colombia\/#organization"},"alternateName":"GrupoExpro","inLanguage":"es"},{"@type":"Organization","@id":"https:\/\/grupoexpro.com\/colombia\/#organization","name":"GrupoExpro","alternateName":"GrupoExpro","url":"https:\/\/grupoexpro.com\/colombia\/","logo":{"@type":"ImageObject","inLanguage":"es","@id":"https:\/\/grupoexpro.com\/colombia\/#\/schema\/logo\/image\/","url":"https:\/\/grupoexpro.com\/colombia\/wp-content\/uploads\/2023\/10\/rrss.jpg","contentUrl":"https:\/\/grupoexpro.com\/colombia\/wp-content\/uploads\/2023\/10\/rrss.jpg","width":1200,"height":600,"caption":"GrupoExpro"},"image":{"@id":"https:\/\/grupoexpro.com\/colombia\/#\/schema\/logo\/image\/"},"sameAs":["https:\/\/www.facebook.com\/GrupoExpro.Chile\/","https:\/\/twitter.com\/grupoExpro","https:\/\/www.linkedin.com\/company\/grupo-expro\/","https:\/\/www.instagram.com\/grupo_expro\/?hl=es-la"]}]}},"_links":{"self":[{"href":"https:\/\/grupoexpro.com\/colombia\/wp-json\/wp\/v2\/pages\/13850","targetHints":{"allow":["GET"]}}],"collection":[{"href":"https:\/\/grupoexpro.com\/colombia\/wp-json\/wp\/v2\/pages"}],"about":[{"href":"https:\/\/grupoexpro.com\/colombia\/wp-json\/wp\/v2\/types\/page"}],"author":[{"embeddable":true,"href":"https:\/\/grupoexpro.com\/colombia\/wp-json\/wp\/v2\/users\/1"}],"replies":[{"embeddable":true,"href":"https:\/\/grupoexpro.com\/colombia\/wp-json\/wp\/v2\/comments?post=13850"}],"version-history":[{"count":120,"href":"https:\/\/grupoexpro.com\/colombia\/wp-json\/wp\/v2\/pages\/13850\/revisions"}],"predecessor-version":[{"id":16129,"href":"https:\/\/grupoexpro.com\/colombia\/wp-json\/wp\/v2\/pages\/13850\/revisions\/16129"}],"wp:attachment":[{"href":"https:\/\/grupoexpro.com\/colombia\/wp-json\/wp\/v2\/media?parent=13850"}],"curies":[{"name":"wp","href":"https:\/\/api.w.org\/{rel}","templated":true}]}}