{"id":15366,"date":"2025-04-24T19:46:48","date_gmt":"2025-04-24T19:46:48","guid":{"rendered":"https:\/\/grupoexpro.com\/colombia\/?page_id=15366"},"modified":"2025-07-03T21:24:03","modified_gmt":"2025-07-03T21:24:03","slug":"vacantes","status":"publish","type":"page","link":"https:\/\/grupoexpro.com\/colombia\/vacantes\/","title":{"rendered":"Vacantes"},"content":{"rendered":"\t\t<div data-elementor-type=\"wp-page\" data-elementor-id=\"15366\" class=\"elementor elementor-15366\">\n\t\t\t\t\t\t\t\t\t<section class=\"elementor-section elementor-top-section elementor-element elementor-element-a765dae ot-traditional elementor-section-boxed elementor-section-height-default elementor-section-height-default\" data-id=\"a765dae\" data-element_type=\"section\">\n\t\t\t\t\t\t<div class=\"elementor-container elementor-column-gap-default\">\n\t\t\t\t\t<div class=\"elementor-column elementor-col-100 elementor-top-column elementor-element elementor-element-9a5f127 ot-flex-column-vertical\" data-id=\"9a5f127\" data-element_type=\"column\">\n\t\t\t<div class=\"elementor-widget-wrap elementor-element-populated\">\n\t\t\t\t\t\t\t\t<div class=\"elementor-element elementor-element-bfbeea8 elementor-widget elementor-widget-iheading\" data-id=\"bfbeea8\" data-element_type=\"widget\" data-widget_type=\"iheading.default\">\n\t\t\t\t<div class=\"elementor-widget-container\">\n\t\t\t\t\t<div class=\"ot-heading\">\r\n\t        \t            <span>\/\/ GRUPOEXPRO<\/span>\r\n\t        <h2 class=\"main-heading\">Estas empresas necesitan tu talento<\/h2>\t    <\/div>\r\n\t    \t\t<\/div>\n\t\t\t\t<\/div>\n\t\t\t\t<div class=\"elementor-element elementor-element-166cddd elementor-widget elementor-widget-text-editor\" data-id=\"166cddd\" data-element_type=\"widget\" data-widget_type=\"text-editor.default\">\n\t\t\t\t<div class=\"elementor-widget-container\">\n\t\t\t<style>\/*! elementor - v3.11.3 - 07-03-2023 *\/\n.elementor-widget-text-editor.elementor-drop-cap-view-stacked .elementor-drop-cap{background-color:#818a91;color:#fff}.elementor-widget-text-editor.elementor-drop-cap-view-framed .elementor-drop-cap{color:#818a91;border:3px solid;background-color:transparent}.elementor-widget-text-editor:not(.elementor-drop-cap-view-default) .elementor-drop-cap{margin-top:8px}.elementor-widget-text-editor:not(.elementor-drop-cap-view-default) .elementor-drop-cap-letter{width:1em;height:1em}.elementor-widget-text-editor .elementor-drop-cap{float:left;text-align:center;line-height:1;font-size:50px}.elementor-widget-text-editor .elementor-drop-cap-letter{display:inline-block}<\/style>\t\t\t\t<p>Te ayudamos a encontrar ese primer trabajo <strong>\u00a1Postula Ahora!<\/strong><\/p>\t\t\t\t\t\t<\/div>\n\t\t\t\t<\/div>\n\t\t\t\t\t<\/div>\n\t\t<\/div>\n\t\t\t\t\t\t\t<\/div>\n\t\t<\/section>\n\t\t\t\t<section class=\"elementor-section elementor-top-section elementor-element elementor-element-f2cf15b ot-traditional elementor-section-boxed elementor-section-height-default elementor-section-height-default\" data-id=\"f2cf15b\" data-element_type=\"section\">\n\t\t\t\t\t\t<div class=\"elementor-container elementor-column-gap-default\">\n\t\t\t\t\t<div class=\"elementor-column elementor-col-25 elementor-top-column elementor-element elementor-element-3b96f12 ot-flex-column-vertical\" data-id=\"3b96f12\" data-element_type=\"column\">\n\t\t\t<div class=\"elementor-widget-wrap elementor-element-populated\">\n\t\t\t\t\t\t\t\t<div class=\"elementor-element elementor-element-4bb92de elementor-widget elementor-widget-ipricingtable3\" data-id=\"4bb92de\" data-element_type=\"widget\" data-widget_type=\"ipricingtable3.default\">\n\t\t\t\t<div class=\"elementor-widget-container\">\n\t\t\t\r\n\t\t<div class=\"ot-pricing-table-s3\">\r\n\t\t\t<h4 class=\"title-table\">Medell\u00edn: Agente Servicio al Cliente Biling\u00fce B2+<\/h4>\t\t\t\t\t\t<div class=\"des-table\">Si eres biling\u00fce, \u00a1y te apasionan los cargos del servicio al cliente! En IQOR Colombia buscan tu talento para que ayudes a los clientes con sus inquietudes<\/div>\t\t\t<a href=\"https:\/\/grupoexpro.com\/colombia\/postula-aqui\/\" class=\"table-btn\">POSTULA AQU\u00cd<\/a>\r\n\t\t\t\t\t<\/div>\r\n\r\n\t    \t\t<\/div>\n\t\t\t\t<\/div>\n\t\t\t\t\t<\/div>\n\t\t<\/div>\n\t\t\t\t<div class=\"elementor-column elementor-col-25 elementor-top-column elementor-element elementor-element-0cd273e ot-flex-column-vertical\" data-id=\"0cd273e\" data-element_type=\"column\">\n\t\t\t<div class=\"elementor-widget-wrap elementor-element-populated\">\n\t\t\t\t\t\t\t\t<div class=\"elementor-element elementor-element-1f2c775 elementor-widget elementor-widget-ipricingtable3\" data-id=\"1f2c775\" data-element_type=\"widget\" data-widget_type=\"ipricingtable3.default\">\n\t\t\t\t<div class=\"elementor-widget-container\">\n\t\t\t\r\n\t\t<div class=\"ot-pricing-table-s3\">\r\n\t\t\t<h4 class=\"title-table\"><br>Medell\u00edn: Ejecutivo Comercial<\/h4>\t\t\t\t\t\t<div class=\"des-table\"><br>Buscamos Ejecutivo Comercial para Banco, para trabajar 100% presencial en Medell\u00edn en cualquiera de las sedes.\nContrato a t\u00e9rmino indefinido.<br><\/div>\t\t\t<a href=\"https:\/\/grupoexpro.com\/colombia\/postula-aqui\/\" class=\"table-btn\">POSTULA AQU\u00cd<\/a>\r\n\t\t\t\t\t<\/div>\r\n\r\n\t    \t\t<\/div>\n\t\t\t\t<\/div>\n\t\t\t\t\t<\/div>\n\t\t<\/div>\n\t\t\t\t<div class=\"elementor-column elementor-col-25 elementor-top-column elementor-element elementor-element-8af9933 ot-flex-column-vertical\" data-id=\"8af9933\" data-element_type=\"column\">\n\t\t\t<div class=\"elementor-widget-wrap elementor-element-populated\">\n\t\t\t\t\t\t\t\t<div class=\"elementor-element elementor-element-e8a6956 elementor-widget elementor-widget-ipricingtable3\" data-id=\"e8a6956\" data-element_type=\"widget\" data-widget_type=\"ipricingtable3.default\">\n\t\t\t\t<div class=\"elementor-widget-container\">\n\t\t\t\r\n\t\t<div class=\"ot-pricing-table-s3\">\r\n\t\t\t<h4 class=\"title-table\">Medell\u00edn: Agente Biling\u00fce de Call Center<\/h4>\t\t\t\t\t\t<div class=\"des-table\"><br>Ser\u00e1s el primer punto de contacto para los clientes de Walmart en nuestra campa\u00f1a de IQOR, brindando un servicio de clase mundial en ingl\u00e9s y espa\u00f1ol.<\/div>\t\t\t<a href=\"https:\/\/grupoexpro.com\/colombia\/postula-aqui\/\" class=\"table-btn\">POSTULA AQU\u00cd<\/a>\r\n\t\t\t\t\t<\/div>\r\n\r\n\t    \t\t<\/div>\n\t\t\t\t<\/div>\n\t\t\t\t\t<\/div>\n\t\t<\/div>\n\t\t\t\t<div class=\"elementor-column elementor-col-25 elementor-top-column elementor-element elementor-element-6c8b589 ot-flex-column-vertical\" data-id=\"6c8b589\" data-element_type=\"column\">\n\t\t\t<div class=\"elementor-widget-wrap elementor-element-populated\">\n\t\t\t\t\t\t\t\t<div class=\"elementor-element elementor-element-d387ced elementor-widget elementor-widget-ipricingtable3\" data-id=\"d387ced\" data-element_type=\"widget\" data-widget_type=\"ipricingtable3.default\">\n\t\t\t\t<div class=\"elementor-widget-container\">\n\t\t\t\r\n\t\t<div class=\"ot-pricing-table-s3\">\r\n\t\t\t<h4 class=\"title-table\"><br>Medell\u00edn: Escoltas<\/h4>\t\t\t\t\t\t<div class=\"des-table\"><br><br>Buscamos Escoltas  para unirse a nuestro equipo en G4S. Debe tener curso de vigilancia actualizado.<br><br><br><br><\/div>\t\t\t<a href=\"https:\/\/grupoexpro.com\/colombia\/postula-aqui\/\" class=\"table-btn\">POSTULA AQU\u00cd<\/a>\r\n\t\t\t\t\t<\/div>\r\n\r\n\t    \t\t<\/div>\n\t\t\t\t<\/div>\n\t\t\t\t\t<\/div>\n\t\t<\/div>\n\t\t\t\t\t\t\t<\/div>\n\t\t<\/section>\n\t\t\t\t<section class=\"elementor-section elementor-top-section elementor-element elementor-element-00c0f2a ot-traditional elementor-section-boxed elementor-section-height-default elementor-section-height-default\" data-id=\"00c0f2a\" data-element_type=\"section\">\n\t\t\t\t\t\t<div class=\"elementor-container elementor-column-gap-default\">\n\t\t\t\t\t<div class=\"elementor-column elementor-col-25 elementor-top-column elementor-element elementor-element-0af9eba ot-flex-column-vertical\" data-id=\"0af9eba\" data-element_type=\"column\">\n\t\t\t<div class=\"elementor-widget-wrap elementor-element-populated\">\n\t\t\t\t\t\t\t\t<div class=\"elementor-element elementor-element-9ea2884 elementor-widget elementor-widget-ipricingtable3\" data-id=\"9ea2884\" data-element_type=\"widget\" data-widget_type=\"ipricingtable3.default\">\n\t\t\t\t<div class=\"elementor-widget-container\">\n\t\t\t\r\n\t\t<div class=\"ot-pricing-table-s3\">\r\n\t\t\t<h4 class=\"title-table\"><br>Medell\u00edn: Oficial de Seguridad<\/h4>\t\t\t\t\t\t<div class=\"des-table\">Buscamos Oficiales de Seguridad para unirse a nuestro equipo en GS4.  Debe tener conocimiento de t\u00e9cnicas de laboratorio y curso de vigilancia actualizado.<\/div>\t\t\t<a href=\"https:\/\/grupoexpro.com\/colombia\/postula-aqui\/\" class=\"table-btn\">POSTULA AQU\u00cd<\/a>\r\n\t\t\t\t\t<\/div>\r\n\r\n\t    \t\t<\/div>\n\t\t\t\t<\/div>\n\t\t\t\t\t<\/div>\n\t\t<\/div>\n\t\t\t\t<div class=\"elementor-column elementor-col-25 elementor-top-column elementor-element elementor-element-7c8519d ot-flex-column-vertical\" data-id=\"7c8519d\" data-element_type=\"column\">\n\t\t\t<div class=\"elementor-widget-wrap elementor-element-populated\">\n\t\t\t\t\t\t\t\t<div class=\"elementor-element elementor-element-b39257d elementor-widget elementor-widget-ipricingtable3\" data-id=\"b39257d\" data-element_type=\"widget\" data-widget_type=\"ipricingtable3.default\">\n\t\t\t\t<div class=\"elementor-widget-container\">\n\t\t\t\r\n\t\t<div class=\"ot-pricing-table-s3\">\r\n\t\t\t<h4 class=\"title-table\">Medell\u00edn: Operador de Medios Tecnol\u00f3gicos<\/h4>\t\t\t\t\t\t<div class=\"des-table\">Buscamos Operadores de Medios Tecnol\u00f3gicos para unirse a nuestro equipo en GS4.  Deben ser profesionales en Ingenier\u00eda en Ssitemas, El\u00e9ctrico o Electr\u00f3nica.<\/div>\t\t\t<a href=\"https:\/\/grupoexpro.com\/colombia\/postula-aqui\/\" class=\"table-btn\">POSTULA AQU\u00cd<\/a>\r\n\t\t\t\t\t<\/div>\r\n\r\n\t    \t\t<\/div>\n\t\t\t\t<\/div>\n\t\t\t\t\t<\/div>\n\t\t<\/div>\n\t\t\t\t<div class=\"elementor-column elementor-col-25 elementor-top-column elementor-element elementor-element-c581241 ot-flex-column-vertical\" data-id=\"c581241\" data-element_type=\"column\">\n\t\t\t<div class=\"elementor-widget-wrap elementor-element-populated\">\n\t\t\t\t\t\t\t\t<div class=\"elementor-element elementor-element-8041055 elementor-widget elementor-widget-ipricingtable3\" data-id=\"8041055\" data-element_type=\"widget\" data-widget_type=\"ipricingtable3.default\">\n\t\t\t\t<div class=\"elementor-widget-container\">\n\t\t\t\r\n\t\t<div class=\"ot-pricing-table-s3\">\r\n\t\t\t<h4 class=\"title-table\"><br>Guardias de Seguridad<\/h4>\t\t\t\t\t\t<div class=\"des-table\">Buscando guardias de seguridad para unirse a nuestro equipo en G4S.<br><br><br><br><br><\/div>\t\t\t<a href=\"https:\/\/grupoexpro.com\/colombia\/postula-aqui\/\" class=\"table-btn\">POSTULA AQU\u00cd<\/a>\r\n\t\t\t\t\t<\/div>\r\n\r\n\t    \t\t<\/div>\n\t\t\t\t<\/div>\n\t\t\t\t\t<\/div>\n\t\t<\/div>\n\t\t\t\t<div class=\"elementor-column elementor-col-25 elementor-top-column elementor-element elementor-element-aa7f156 ot-flex-column-vertical\" data-id=\"aa7f156\" data-element_type=\"column\">\n\t\t\t<div class=\"elementor-widget-wrap elementor-element-populated\">\n\t\t\t\t\t\t\t\t<div class=\"elementor-element elementor-element-3744829 elementor-widget elementor-widget-ipricingtable3\" data-id=\"3744829\" data-element_type=\"widget\" data-widget_type=\"ipricingtable3.default\">\n\t\t\t\t<div class=\"elementor-widget-container\">\n\t\t\t\r\n\t\t<div class=\"ot-pricing-table-s3\">\r\n\t\t\t<h4 class=\"title-table\">Agentes de Servicios Biling\u00fces<\/h4>\t\t\t\t\t\t<div class=\"des-table\">Estamos buscando agentes de servicios biling\u00fces (Alem\u00e1n)<br><br><br><br><br><\/div>\t\t\t<a href=\"https:\/\/grupoexpro.com\/colombia\/postula-aqui\/\" class=\"table-btn\">POSTULA AQU\u00cd<\/a>\r\n\t\t\t\t\t<\/div>\r\n\r\n\t    \t\t<\/div>\n\t\t\t\t<\/div>\n\t\t\t\t\t<\/div>\n\t\t<\/div>\n\t\t\t\t\t\t\t<\/div>\n\t\t<\/section>\n\t\t\t\t<section class=\"elementor-section elementor-top-section elementor-element elementor-element-f480cbc ot-traditional elementor-section-boxed elementor-section-height-default elementor-section-height-default\" data-id=\"f480cbc\" data-element_type=\"section\">\n\t\t\t\t\t\t<div class=\"elementor-container elementor-column-gap-default\">\n\t\t\t\t\t<div class=\"elementor-column elementor-col-100 elementor-top-column elementor-element elementor-element-a6bb2d4 ot-flex-column-vertical\" data-id=\"a6bb2d4\" data-element_type=\"column\">\n\t\t\t<div class=\"elementor-widget-wrap elementor-element-populated\">\n\t\t\t\t\t\t\t\t<section class=\"elementor-section elementor-inner-section elementor-element elementor-element-eefa0fc elementor-section-full_width ot-traditional elementor-section-height-default elementor-section-height-default\" data-id=\"eefa0fc\" data-element_type=\"section\" data-settings=\"{&quot;background_background&quot;:&quot;gradient&quot;}\">\n\t\t\t\t\t\t<div class=\"elementor-container elementor-column-gap-extended\">\n\t\t\t\t\t<div class=\"elementor-column elementor-col-25 elementor-inner-column elementor-element elementor-element-4e043bb ot-flex-column-vertical\" data-id=\"4e043bb\" data-element_type=\"column\">\n\t\t\t<div class=\"elementor-widget-wrap elementor-element-populated\">\n\t\t\t\t\t\t\t\t<div class=\"elementor-element elementor-element-082803c elementor-widget__width-inherit elementor-widget elementor-widget-icounter\" data-id=\"082803c\" data-element_type=\"widget\" data-widget_type=\"icounter.default\">\n\t\t\t\t<div class=\"elementor-widget-container\">\n\t\t\t\t\t\t\t\t    \t<div class=\"icounter ot-counter\">\r\n\t\t        \t<div>\r\n\t\t        \t\t<span class=\"num\" data-to=\"28\" data-time= \"2000\"><\/span>\r\n\t\t        \t\t<span>+<\/span>\r\n\t\t        \t<\/div>\r\n\t\t        \t<h6>A\u00f1os Experiencia<\/h6>      \t\t\t\t        \r\n\t\t\t    <\/div>\r\n\t\t    \t    \t\t<\/div>\n\t\t\t\t<\/div>\n\t\t\t\t\t<\/div>\n\t\t<\/div>\n\t\t\t\t<div class=\"elementor-column elementor-col-25 elementor-inner-column elementor-element elementor-element-dcde211 ot-flex-column-vertical\" data-id=\"dcde211\" data-element_type=\"column\">\n\t\t\t<div class=\"elementor-widget-wrap elementor-element-populated\">\n\t\t\t\t\t\t\t\t<div class=\"elementor-element elementor-element-379379a elementor-widget elementor-widget-icounter\" data-id=\"379379a\" data-element_type=\"widget\" data-widget_type=\"icounter.default\">\n\t\t\t\t<div class=\"elementor-widget-container\">\n\t\t\t\t\t\t\t\t    \t<div class=\"icounter ot-counter\">\r\n\t\t        \t<div>\r\n\t\t        \t\t<span class=\"num\" data-to=\"3\" data-time= \"2000\"><\/span>\r\n\t\t        \t\t<span><\/span>\r\n\t\t        \t<\/div>\r\n\t\t        \t<h6>Pa\u00edses<\/h6>      \t\t\t\t        \r\n\t\t\t    <\/div>\r\n\t\t    \t    \t\t<\/div>\n\t\t\t\t<\/div>\n\t\t\t\t\t<\/div>\n\t\t<\/div>\n\t\t\t\t<div class=\"elementor-column elementor-col-25 elementor-inner-column elementor-element elementor-element-ca1e5be ot-flex-column-vertical\" data-id=\"ca1e5be\" data-element_type=\"column\">\n\t\t\t<div class=\"elementor-widget-wrap elementor-element-populated\">\n\t\t\t\t\t\t\t\t<div class=\"elementor-element elementor-element-66aa5cc elementor-widget elementor-widget-icounter\" data-id=\"66aa5cc\" data-element_type=\"widget\" data-widget_type=\"icounter.default\">\n\t\t\t\t<div class=\"elementor-widget-container\">\n\t\t\t\t\t\t\t\t    \t<div class=\"icounter ot-counter\">\r\n\t\t        \t<div>\r\n\t\t        \t\t<span class=\"num\" data-to=\"12000\" data-time= \"2000\"><\/span>\r\n\t\t        \t\t<span>+<\/span>\r\n\t\t        \t<\/div>\r\n\t\t        \t<h6>Colaboradores<\/h6>      \t\t\t\t        \r\n\t\t\t    <\/div>\r\n\t\t    \t    \t\t<\/div>\n\t\t\t\t<\/div>\n\t\t\t\t\t<\/div>\n\t\t<\/div>\n\t\t\t\t<div class=\"elementor-column elementor-col-25 elementor-inner-column elementor-element elementor-element-8bed363 ot-flex-column-vertical\" data-id=\"8bed363\" data-element_type=\"column\">\n\t\t\t<div class=\"elementor-widget-wrap elementor-element-populated\">\n\t\t\t\t\t\t\t\t<div class=\"elementor-element elementor-element-7ebcebc elementor-widget elementor-widget-icounter\" data-id=\"7ebcebc\" data-element_type=\"widget\" data-widget_type=\"icounter.default\">\n\t\t\t\t<div class=\"elementor-widget-container\">\n\t\t\t\t\t\t\t\t    \t<div class=\"icounter ot-counter\">\r\n\t\t        \t<div>\r\n\t\t        \t\t<span class=\"num\" data-to=\"300\" data-time= \"2000\"><\/span>\r\n\t\t        \t\t<span>+<\/span>\r\n\t\t        \t<\/div>\r\n\t\t        \t<h6>Clientes<\/h6>      \t\t\t\t        \r\n\t\t\t    <\/div>\r\n\t\t    \t    \t\t<\/div>\n\t\t\t\t<\/div>\n\t\t\t\t\t<\/div>\n\t\t<\/div>\n\t\t\t\t\t\t\t<\/div>\n\t\t<\/section>\n\t\t\t\t\t<\/div>\n\t\t<\/div>\n\t\t\t\t\t\t\t<\/div>\n\t\t<\/section>\n\t\t\t\t\t\t\t<\/div>\n\t\t","protected":false},"excerpt":{"rendered":"<p>\/\/ GRUPOEXPRO Estas empresas necesitan tu talento Te ayudamos a encontrar ese primer trabajo \u00a1Postula Ahora! Medell\u00edn: Agente Servicio al Cliente Biling\u00fce B2+ Si eres biling\u00fce, \u00a1y te apasionan los cargos del servicio al cliente! En IQOR Colombia buscan tu talento para que ayudes a los clientes con sus inquietudes POSTULA AQU\u00cd Medell\u00edn: Ejecutivo Comercial [&hellip;]<\/p>\n","protected":false},"author":1,"featured_media":0,"parent":0,"menu_order":0,"comment_status":"closed","ping_status":"closed","template":"","meta":{"footnotes":""},"class_list":["post-15366","page","type-page","status-publish","hentry"],"yoast_head":"<!-- This site is optimized with the Yoast SEO plugin v22.4 - https:\/\/yoast.com\/wordpress\/plugins\/seo\/ -->\n<title>GrupoExpro - Outsourcing de Procesos, Hunting, Reclutamiento y Selecci\u00f3n<\/title>\n<meta name=\"description\" content=\"Soluciones integrales en RR.HH. en toda su cadena de valor, sumado a los m\u00e1s altos est\u00e1ndares de calidad en el mercado.\" \/>\n<meta name=\"robots\" content=\"noindex, follow, max-snippet:-1, max-image-preview:large, max-video-preview:-1\" \/>\n<meta property=\"og:locale\" content=\"es_ES\" \/>\n<meta property=\"og:type\" content=\"article\" \/>\n<meta property=\"og:title\" content=\"GrupoExpro - Outsourcing de Procesos, Hunting, Reclutamiento y Selecci\u00f3n\" \/>\n<meta property=\"og:description\" content=\"Soluciones integrales en RR.HH. en toda su cadena de valor, sumado a los m\u00e1s altos est\u00e1ndares de calidad en el mercado.\" \/>\n<meta property=\"og:url\" content=\"https:\/\/grupoexpro.com\/colombia\/vacantes\/\" \/>\n<meta property=\"og:site_name\" content=\"GrupoExpro\" \/>\n<meta property=\"article:publisher\" content=\"https:\/\/www.facebook.com\/GrupoExpro.Chile\/\" \/>\n<meta property=\"article:modified_time\" content=\"2025-07-03T21:24:03+00:00\" \/>\n<meta property=\"og:image\" content=\"https:\/\/grupoexpro.com\/colombia\/wp-content\/uploads\/2023\/10\/rrss.jpg\" \/>\n\t<meta property=\"og:image:width\" content=\"1200\" \/>\n\t<meta property=\"og:image:height\" content=\"600\" \/>\n\t<meta property=\"og:image:type\" content=\"image\/jpeg\" \/>\n<meta name=\"twitter:card\" content=\"summary_large_image\" \/>\n<meta name=\"twitter:site\" content=\"@grupoExpro\" \/>\n<meta name=\"twitter:label1\" content=\"Tiempo de lectura\" \/>\n\t<meta name=\"twitter:data1\" content=\"2 minutos\" \/>\n<script type=\"application\/ld+json\" class=\"yoast-schema-graph\">{\"@context\":\"https:\/\/schema.org\",\"@graph\":[{\"@type\":\"WebPage\",\"@id\":\"https:\/\/grupoexpro.com\/colombia\/vacantes\/\",\"url\":\"https:\/\/grupoexpro.com\/colombia\/vacantes\/\",\"name\":\"GrupoExpro - Outsourcing de Procesos, Hunting, Reclutamiento y Selecci\u00f3n\",\"isPartOf\":{\"@id\":\"https:\/\/grupoexpro.com\/colombia\/#website\"},\"datePublished\":\"2025-04-24T19:46:48+00:00\",\"dateModified\":\"2025-07-03T21:24:03+00:00\",\"description\":\"Soluciones integrales en RR.HH. en toda su cadena de valor, sumado a los m\u00e1s altos est\u00e1ndares de calidad en el mercado.\",\"breadcrumb\":{\"@id\":\"https:\/\/grupoexpro.com\/colombia\/vacantes\/#breadcrumb\"},\"inLanguage\":\"es\",\"potentialAction\":[{\"@type\":\"ReadAction\",\"target\":[\"https:\/\/grupoexpro.com\/colombia\/vacantes\/\"]}]},{\"@type\":\"BreadcrumbList\",\"@id\":\"https:\/\/grupoexpro.com\/colombia\/vacantes\/#breadcrumb\",\"itemListElement\":[{\"@type\":\"ListItem\",\"position\":1,\"name\":\"Portada\",\"item\":\"https:\/\/grupoexpro.com\/colombia\/\"},{\"@type\":\"ListItem\",\"position\":2,\"name\":\"Vacantes\"}]},{\"@type\":\"WebSite\",\"@id\":\"https:\/\/grupoexpro.com\/colombia\/#website\",\"url\":\"https:\/\/grupoexpro.com\/colombia\/\",\"name\":\"GrupoExpro\",\"description\":\"Web\",\"publisher\":{\"@id\":\"https:\/\/grupoexpro.com\/colombia\/#organization\"},\"alternateName\":\"GrupoExpro\",\"inLanguage\":\"es\"},{\"@type\":\"Organization\",\"@id\":\"https:\/\/grupoexpro.com\/colombia\/#organization\",\"name\":\"GrupoExpro\",\"alternateName\":\"GrupoExpro\",\"url\":\"https:\/\/grupoexpro.com\/colombia\/\",\"logo\":{\"@type\":\"ImageObject\",\"inLanguage\":\"es\",\"@id\":\"https:\/\/grupoexpro.com\/colombia\/#\/schema\/logo\/image\/\",\"url\":\"https:\/\/grupoexpro.com\/colombia\/wp-content\/uploads\/2023\/10\/rrss.jpg\",\"contentUrl\":\"https:\/\/grupoexpro.com\/colombia\/wp-content\/uploads\/2023\/10\/rrss.jpg\",\"width\":1200,\"height\":600,\"caption\":\"GrupoExpro\"},\"image\":{\"@id\":\"https:\/\/grupoexpro.com\/colombia\/#\/schema\/logo\/image\/\"},\"sameAs\":[\"https:\/\/www.facebook.com\/GrupoExpro.Chile\/\",\"https:\/\/twitter.com\/grupoExpro\",\"https:\/\/www.linkedin.com\/company\/grupo-expro\/\",\"https:\/\/www.instagram.com\/grupo_expro\/?hl=es-la\"]}]}<\/script>\n<!-- \/ Yoast SEO plugin. -->","yoast_head_json":{"title":"GrupoExpro - Outsourcing de Procesos, Hunting, Reclutamiento y Selecci\u00f3n","description":"Soluciones integrales en RR.HH. en toda su cadena de valor, sumado a los m\u00e1s altos est\u00e1ndares de calidad en el mercado.","robots":{"index":"noindex","follow":"follow","max-snippet":"max-snippet:-1","max-image-preview":"max-image-preview:large","max-video-preview":"max-video-preview:-1"},"og_locale":"es_ES","og_type":"article","og_title":"GrupoExpro - Outsourcing de Procesos, Hunting, Reclutamiento y Selecci\u00f3n","og_description":"Soluciones integrales en RR.HH. en toda su cadena de valor, sumado a los m\u00e1s altos est\u00e1ndares de calidad en el mercado.","og_url":"https:\/\/grupoexpro.com\/colombia\/vacantes\/","og_site_name":"GrupoExpro","article_publisher":"https:\/\/www.facebook.com\/GrupoExpro.Chile\/","article_modified_time":"2025-07-03T21:24:03+00:00","og_image":[{"width":1200,"height":600,"url":"https:\/\/grupoexpro.com\/colombia\/wp-content\/uploads\/2023\/10\/rrss.jpg","type":"image\/jpeg"}],"twitter_card":"summary_large_image","twitter_site":"@grupoExpro","twitter_misc":{"Tiempo de lectura":"2 minutos"},"schema":{"@context":"https:\/\/schema.org","@graph":[{"@type":"WebPage","@id":"https:\/\/grupoexpro.com\/colombia\/vacantes\/","url":"https:\/\/grupoexpro.com\/colombia\/vacantes\/","name":"GrupoExpro - Outsourcing de Procesos, Hunting, Reclutamiento y Selecci\u00f3n","isPartOf":{"@id":"https:\/\/grupoexpro.com\/colombia\/#website"},"datePublished":"2025-04-24T19:46:48+00:00","dateModified":"2025-07-03T21:24:03+00:00","description":"Soluciones integrales en RR.HH. en toda su cadena de valor, sumado a los m\u00e1s altos est\u00e1ndares de calidad en el mercado.","breadcrumb":{"@id":"https:\/\/grupoexpro.com\/colombia\/vacantes\/#breadcrumb"},"inLanguage":"es","potentialAction":[{"@type":"ReadAction","target":["https:\/\/grupoexpro.com\/colombia\/vacantes\/"]}]},{"@type":"BreadcrumbList","@id":"https:\/\/grupoexpro.com\/colombia\/vacantes\/#breadcrumb","itemListElement":[{"@type":"ListItem","position":1,"name":"Portada","item":"https:\/\/grupoexpro.com\/colombia\/"},{"@type":"ListItem","position":2,"name":"Vacantes"}]},{"@type":"WebSite","@id":"https:\/\/grupoexpro.com\/colombia\/#website","url":"https:\/\/grupoexpro.com\/colombia\/","name":"GrupoExpro","description":"Web","publisher":{"@id":"https:\/\/grupoexpro.com\/colombia\/#organization"},"alternateName":"GrupoExpro","inLanguage":"es"},{"@type":"Organization","@id":"https:\/\/grupoexpro.com\/colombia\/#organization","name":"GrupoExpro","alternateName":"GrupoExpro","url":"https:\/\/grupoexpro.com\/colombia\/","logo":{"@type":"ImageObject","inLanguage":"es","@id":"https:\/\/grupoexpro.com\/colombia\/#\/schema\/logo\/image\/","url":"https:\/\/grupoexpro.com\/colombia\/wp-content\/uploads\/2023\/10\/rrss.jpg","contentUrl":"https:\/\/grupoexpro.com\/colombia\/wp-content\/uploads\/2023\/10\/rrss.jpg","width":1200,"height":600,"caption":"GrupoExpro"},"image":{"@id":"https:\/\/grupoexpro.com\/colombia\/#\/schema\/logo\/image\/"},"sameAs":["https:\/\/www.facebook.com\/GrupoExpro.Chile\/","https:\/\/twitter.com\/grupoExpro","https:\/\/www.linkedin.com\/company\/grupo-expro\/","https:\/\/www.instagram.com\/grupo_expro\/?hl=es-la"]}]}},"_links":{"self":[{"href":"https:\/\/grupoexpro.com\/colombia\/wp-json\/wp\/v2\/pages\/15366","targetHints":{"allow":["GET"]}}],"collection":[{"href":"https:\/\/grupoexpro.com\/colombia\/wp-json\/wp\/v2\/pages"}],"about":[{"href":"https:\/\/grupoexpro.com\/colombia\/wp-json\/wp\/v2\/types\/page"}],"author":[{"embeddable":true,"href":"https:\/\/grupoexpro.com\/colombia\/wp-json\/wp\/v2\/users\/1"}],"replies":[{"embeddable":true,"href":"https:\/\/grupoexpro.com\/colombia\/wp-json\/wp\/v2\/comments?post=15366"}],"version-history":[{"count":115,"href":"https:\/\/grupoexpro.com\/colombia\/wp-json\/wp\/v2\/pages\/15366\/revisions"}],"predecessor-version":[{"id":16155,"href":"https:\/\/grupoexpro.com\/colombia\/wp-json\/wp\/v2\/pages\/15366\/revisions\/16155"}],"wp:attachment":[{"href":"https:\/\/grupoexpro.com\/colombia\/wp-json\/wp\/v2\/media?parent=15366"}],"curies":[{"name":"wp","href":"https:\/\/api.w.org\/{rel}","templated":true}]}}