{"id":15454,"date":"2025-04-25T13:51:26","date_gmt":"2025-04-25T13:51:26","guid":{"rendered":"https:\/\/grupoexpro.com\/colombia\/?page_id=15454"},"modified":"2025-04-25T14:07:37","modified_gmt":"2025-04-25T14:07:37","slug":"postula-aqui","status":"publish","type":"page","link":"https:\/\/grupoexpro.com\/colombia\/postula-aqui\/","title":{"rendered":"Postula Aqu\u00ed"},"content":{"rendered":"\t\t<div data-elementor-type=\"wp-page\" data-elementor-id=\"15454\" class=\"elementor elementor-15454\">\n\t\t\t\t\t\t\t\t\t<section class=\"elementor-section elementor-top-section elementor-element elementor-element-19d810c ot-traditional elementor-section-boxed elementor-section-height-default elementor-section-height-default\" data-id=\"19d810c\" data-element_type=\"section\">\n\t\t\t\t\t\t<div class=\"elementor-container elementor-column-gap-default\">\n\t\t\t\t\t<div class=\"elementor-column elementor-col-100 elementor-top-column elementor-element elementor-element-e5b5637 ot-column-items-top ot-flex-column-vertical\" data-id=\"e5b5637\" data-element_type=\"column\">\n\t\t\t<div class=\"elementor-widget-wrap elementor-element-populated\">\n\t\t\t\t\t\t\t\t<div class=\"elementor-element elementor-element-e3d60b0 elementor-widget elementor-widget-iheading\" data-id=\"e3d60b0\" data-element_type=\"widget\" data-widget_type=\"iheading.default\">\n\t\t\t\t<div class=\"elementor-widget-container\">\n\t\t\t\t\t<div class=\"ot-heading\">\r\n\t        <h2 class=\"main-heading\">Postula con nosotros AQU\u00cd<\/h2>\t    <\/div>\r\n\t    \t\t<\/div>\n\t\t\t\t<\/div>\n\t\t\t\t<div class=\"elementor-element elementor-element-1709349 elementor-widget elementor-widget-text-editor\" data-id=\"1709349\" data-element_type=\"widget\" data-widget_type=\"text-editor.default\">\n\t\t\t\t<div class=\"elementor-widget-container\">\n\t\t\t<style>\/*! elementor - v3.11.3 - 07-03-2023 *\/\n.elementor-widget-text-editor.elementor-drop-cap-view-stacked .elementor-drop-cap{background-color:#818a91;color:#fff}.elementor-widget-text-editor.elementor-drop-cap-view-framed .elementor-drop-cap{color:#818a91;border:3px solid;background-color:transparent}.elementor-widget-text-editor:not(.elementor-drop-cap-view-default) .elementor-drop-cap{margin-top:8px}.elementor-widget-text-editor:not(.elementor-drop-cap-view-default) .elementor-drop-cap-letter{width:1em;height:1em}.elementor-widget-text-editor .elementor-drop-cap{float:left;text-align:center;line-height:1;font-size:50px}.elementor-widget-text-editor .elementor-drop-cap-letter{display:inline-block}<\/style>\t\t\t\t<div class=\"elementor-element elementor-element-d1b9e95 elementor-widget elementor-widget-text-editor\" data-id=\"d1b9e95\" data-element_type=\"widget\" data-widget_type=\"text-editor.default\"><div class=\"elementor-widget-container\"><p><span class=\"VIiyi\" lang=\"es\">Te ayudamos a encontrar ese primer trabajo y todos los que vendr\u00e1n, <strong>\u00a1Postula hoy!<\/strong><\/span><\/p><\/div><\/div>\t\t\t\t\t\t<\/div>\n\t\t\t\t<\/div>\n\t\t\t\t<div class=\"elementor-element elementor-element-90a4171 elementor-widget__width-auto elementor-widget elementor-widget-shortcode\" data-id=\"90a4171\" data-element_type=\"widget\" data-widget_type=\"shortcode.default\">\n\t\t\t\t<div class=\"elementor-widget-container\">\n\t\t\t\t\t<div class=\"elementor-shortcode\">\n<div class=\"wpcf7 no-js\" id=\"wpcf7-f12330-o1\" lang=\"en-US\" dir=\"ltr\" data-wpcf7-id=\"12330\">\n<div class=\"screen-reader-response\"><p role=\"status\" aria-live=\"polite\" aria-atomic=\"true\"><\/p> <ul><\/ul><\/div>\n<form action=\"\/colombia\/wp-json\/wp\/v2\/pages\/15454#wpcf7-f12330-o1\" method=\"post\" class=\"wpcf7-form init\" aria-label=\"Contact form\" enctype=\"multipart\/form-data\" novalidate=\"novalidate\" data-status=\"init\">\n<div style=\"display: none;\">\n<input type=\"hidden\" name=\"_wpcf7\" value=\"12330\" \/>\n<input type=\"hidden\" name=\"_wpcf7_version\" value=\"6.0.6\" \/>\n<input type=\"hidden\" name=\"_wpcf7_locale\" value=\"en_US\" \/>\n<input type=\"hidden\" name=\"_wpcf7_unit_tag\" value=\"wpcf7-f12330-o1\" \/>\n<input type=\"hidden\" name=\"_wpcf7_container_post\" value=\"0\" \/>\n<input type=\"hidden\" name=\"_wpcf7_posted_data_hash\" value=\"\" \/>\n<input type=\"hidden\" name=\"_wpcf7_recaptcha_response\" value=\"\" \/>\n<\/div>\n<div class=\"main-form\">\n\t<h2>Soy Candidato\n\t<\/h2>\n\t<p class=\"font14\">Tu direcci\u00f3n de correo electr\u00f3nico no ser\u00e1 publicada. Los campos obligatorios est\u00e1n marcados*\n\t<\/p>\n\t<p><span class=\"wpcf7-form-control-wrap\" data-name=\"text-380\"><input size=\"40\" maxlength=\"400\" class=\"wpcf7-form-control wpcf7-text wpcf7-validates-as-required\" aria-required=\"true\" aria-invalid=\"false\" placeholder=\"Nombre y Apellido\" value=\"\" type=\"text\" name=\"text-380\" \/><\/span>\n\t<\/p>\n\t<p><span class=\"wpcf7-form-control-wrap\" data-name=\"email-29\"><input size=\"40\" maxlength=\"400\" class=\"wpcf7-form-control wpcf7-email wpcf7-validates-as-required wpcf7-text wpcf7-validates-as-email\" aria-required=\"true\" aria-invalid=\"false\" placeholder=\"E-Mail\" value=\"\" type=\"email\" name=\"email-29\" \/><\/span>\n\t<\/p>\n\t<p><span class=\"wpcf7-form-control-wrap\" data-name=\"tel-484\"><input size=\"40\" maxlength=\"400\" class=\"wpcf7-form-control wpcf7-tel wpcf7-validates-as-required wpcf7-text wpcf7-validates-as-tel\" aria-required=\"true\" aria-invalid=\"false\" placeholder=\"N\u00famero telef\u00f3nico\" value=\"\" type=\"tel\" name=\"tel-484\" \/><\/span>\n\t<\/p>\n\t<p><span class=\"wpcf7-form-control-wrap\" data-name=\"text-382\"><input size=\"40\" maxlength=\"400\" class=\"wpcf7-form-control wpcf7-text wpcf7-validates-as-required\" aria-required=\"true\" aria-invalid=\"false\" placeholder=\"Cargo que postulas\" value=\"\" type=\"text\" name=\"text-382\" \/><\/span>\n\t<\/p>\n\t<p>Adjuntar Curr\u00edculum<br \/>\n<span class=\"wpcf7-form-control-wrap\" data-name=\"adjunto\"><input size=\"40\" class=\"wpcf7-form-control wpcf7-file\" accept=\".jpg,.doc,.docx,.pdf\" aria-invalid=\"false\" type=\"file\" name=\"adjunto\" \/><\/span>\n\t<\/p>\n<span class=\"wpcf7-form-control-wrap recaptcha\" data-name=\"recaptcha\"><span data-sitekey=\"6Ld54V8pAAAAAOaonUUVWLsyTJnWV0whEY0Gqa-S\" class=\"wpcf7-form-control wpcf7-recaptcha g-recaptcha\"><\/span>\r\n<noscript>\r\n\t<div class=\"grecaptcha-noscript\">\r\n\t\t<iframe loading=\"lazy\" src=\"https:\/\/www.google.com\/recaptcha\/api\/fallback?k=6Ld54V8pAAAAAOaonUUVWLsyTJnWV0whEY0Gqa-S\" frameborder=\"0\" scrolling=\"no\" width=\"310\" height=\"430\">\r\n\t\t<\/iframe>\r\n\t\t<textarea name=\"g-recaptcha-response\" rows=\"3\" cols=\"40\" placeholder=\"reCaptcha Response Here\">\r\n\t\t<\/textarea>\r\n\t<\/div>\r\n<\/noscript>\r\n<\/span>\n\t<p><button type=\"submit\" class=\"octf-btn octf-btn-light\">ENVIAR<\/button>\n\t<\/p>\n<\/div><div class=\"wpcf7-response-output\" aria-hidden=\"true\"><\/div>\n<\/form>\n<\/div>\n<\/div>\n\t\t\t\t<\/div>\n\t\t\t\t<\/div>\n\t\t\t\t<div class=\"elementor-element elementor-element-5224a0c elementor-widget__width-auto elementor-fixed elementor-widget elementor-widget-button\" data-id=\"5224a0c\" data-element_type=\"widget\" data-settings=\"{&quot;_position&quot;:&quot;fixed&quot;}\" data-widget_type=\"button.default\">\n\t\t\t\t<div class=\"elementor-widget-container\">\n\t\t\t\t\t<div class=\"elementor-button-wrapper\">\n\t\t\t<a href=\"https:\/\/wa.me\/+573044167717?text=Hola,%20me%20quiero%20contactar%20con%20un%20ejecutivo%20comercial%20para%20tener%20m\u00e1s%20informaci\u00f3n%20sobre%20sus%20servicios%20de%20reclutamiento,%20selecci\u00f3n,%20evaluaci\u00f3n%20y%20tercerizaci\u00f3n%20y%20de%20c\u00f3mo%20estos%20pueden%20ayudar%20a%20mi%20empresa%20\u00a1Gracias!\" target=\"_blank\" class=\"elementor-button-link elementor-button elementor-size-sm\" role=\"button\">\n\t\t\t\t\t\t<span class=\"elementor-button-content-wrapper\">\n\t\t\t\t\t\t\t<span class=\"elementor-button-icon elementor-align-icon-left\">\n\t\t\t\t<i aria-hidden=\"true\" class=\"fab fa-whatsapp\"><\/i>\t\t\t<\/span>\n\t\t\t\t\t\t<span class=\"elementor-button-text\"><\/span>\n\t\t<\/span>\n\t\t\t\t\t<\/a>\n\t\t<\/div>\n\t\t\t\t<\/div>\n\t\t\t\t<\/div>\n\t\t\t\t\t<\/div>\n\t\t<\/div>\n\t\t\t\t\t\t\t<\/div>\n\t\t<\/section>\n\t\t\t\t\t\t\t<\/div>\n\t\t","protected":false},"excerpt":{"rendered":"<p>Postula con nosotros AQU\u00cd Te ayudamos a encontrar ese primer trabajo y todos los que vendr\u00e1n, \u00a1Postula hoy!<\/p>\n","protected":false},"author":1,"featured_media":0,"parent":0,"menu_order":0,"comment_status":"closed","ping_status":"closed","template":"","meta":{"footnotes":""},"class_list":["post-15454","page","type-page","status-publish","hentry"],"yoast_head":"<!-- This site is optimized with the Yoast SEO plugin v22.4 - https:\/\/yoast.com\/wordpress\/plugins\/seo\/ -->\n<title>GrupoExpro - Ayudamos a evaluar tus proyectos e identificar tus necesidades<\/title>\n<meta name=\"description\" content=\"En Grupo Expro contamos con con perfiles capacitados para distintas industrias, miner\u00eda, logistica, ventas y retail\" \/>\n<meta name=\"robots\" content=\"noindex, follow, max-snippet:-1, max-image-preview:large, max-video-preview:-1\" \/>\n<meta property=\"og:locale\" content=\"es_ES\" \/>\n<meta property=\"og:type\" content=\"article\" \/>\n<meta property=\"og:title\" content=\"GrupoExpro - Ayudamos a evaluar tus proyectos e identificar tus necesidades\" \/>\n<meta property=\"og:description\" content=\"En Grupo Expro contamos con con perfiles capacitados para distintas industrias, miner\u00eda, logistica, ventas y retail\" \/>\n<meta property=\"og:url\" content=\"https:\/\/grupoexpro.com\/colombia\/postula-aqui\/\" \/>\n<meta property=\"og:site_name\" content=\"GrupoExpro\" \/>\n<meta property=\"article:publisher\" content=\"https:\/\/www.facebook.com\/GrupoExpro.Chile\/\" \/>\n<meta property=\"article:modified_time\" content=\"2025-04-25T14:07:37+00:00\" \/>\n<meta property=\"og:image\" content=\"https:\/\/grupoexpro.com\/colombia\/wp-content\/uploads\/2023\/10\/rrss.jpg\" \/>\n\t<meta property=\"og:image:width\" content=\"1200\" \/>\n\t<meta property=\"og:image:height\" content=\"600\" \/>\n\t<meta property=\"og:image:type\" content=\"image\/jpeg\" \/>\n<meta name=\"twitter:card\" content=\"summary_large_image\" \/>\n<meta name=\"twitter:site\" content=\"@grupoExpro\" \/>\n<meta name=\"twitter:label1\" content=\"Tiempo de lectura\" \/>\n\t<meta name=\"twitter:data1\" content=\"1 minuto\" \/>\n<script type=\"application\/ld+json\" class=\"yoast-schema-graph\">{\"@context\":\"https:\/\/schema.org\",\"@graph\":[{\"@type\":\"WebPage\",\"@id\":\"https:\/\/grupoexpro.com\/colombia\/postula-aqui\/\",\"url\":\"https:\/\/grupoexpro.com\/colombia\/postula-aqui\/\",\"name\":\"GrupoExpro - Ayudamos a evaluar tus proyectos e identificar tus necesidades\",\"isPartOf\":{\"@id\":\"https:\/\/grupoexpro.com\/colombia\/#website\"},\"datePublished\":\"2025-04-25T13:51:26+00:00\",\"dateModified\":\"2025-04-25T14:07:37+00:00\",\"description\":\"En Grupo Expro contamos con con perfiles capacitados para distintas industrias, miner\u00eda, logistica, ventas y retail\",\"breadcrumb\":{\"@id\":\"https:\/\/grupoexpro.com\/colombia\/postula-aqui\/#breadcrumb\"},\"inLanguage\":\"es\",\"potentialAction\":[{\"@type\":\"ReadAction\",\"target\":[\"https:\/\/grupoexpro.com\/colombia\/postula-aqui\/\"]}]},{\"@type\":\"BreadcrumbList\",\"@id\":\"https:\/\/grupoexpro.com\/colombia\/postula-aqui\/#breadcrumb\",\"itemListElement\":[{\"@type\":\"ListItem\",\"position\":1,\"name\":\"Portada\",\"item\":\"https:\/\/grupoexpro.com\/colombia\/\"},{\"@type\":\"ListItem\",\"position\":2,\"name\":\"Postula Aqu\u00ed\"}]},{\"@type\":\"WebSite\",\"@id\":\"https:\/\/grupoexpro.com\/colombia\/#website\",\"url\":\"https:\/\/grupoexpro.com\/colombia\/\",\"name\":\"GrupoExpro\",\"description\":\"Web\",\"publisher\":{\"@id\":\"https:\/\/grupoexpro.com\/colombia\/#organization\"},\"alternateName\":\"GrupoExpro\",\"inLanguage\":\"es\"},{\"@type\":\"Organization\",\"@id\":\"https:\/\/grupoexpro.com\/colombia\/#organization\",\"name\":\"GrupoExpro\",\"alternateName\":\"GrupoExpro\",\"url\":\"https:\/\/grupoexpro.com\/colombia\/\",\"logo\":{\"@type\":\"ImageObject\",\"inLanguage\":\"es\",\"@id\":\"https:\/\/grupoexpro.com\/colombia\/#\/schema\/logo\/image\/\",\"url\":\"https:\/\/grupoexpro.com\/colombia\/wp-content\/uploads\/2023\/10\/rrss.jpg\",\"contentUrl\":\"https:\/\/grupoexpro.com\/colombia\/wp-content\/uploads\/2023\/10\/rrss.jpg\",\"width\":1200,\"height\":600,\"caption\":\"GrupoExpro\"},\"image\":{\"@id\":\"https:\/\/grupoexpro.com\/colombia\/#\/schema\/logo\/image\/\"},\"sameAs\":[\"https:\/\/www.facebook.com\/GrupoExpro.Chile\/\",\"https:\/\/twitter.com\/grupoExpro\",\"https:\/\/www.linkedin.com\/company\/grupo-expro\/\",\"https:\/\/www.instagram.com\/grupo_expro\/?hl=es-la\"]}]}<\/script>\n<!-- \/ Yoast SEO plugin. -->","yoast_head_json":{"title":"GrupoExpro - Ayudamos a evaluar tus proyectos e identificar tus necesidades","description":"En Grupo Expro contamos con con perfiles capacitados para distintas industrias, miner\u00eda, logistica, ventas y retail","robots":{"index":"noindex","follow":"follow","max-snippet":"max-snippet:-1","max-image-preview":"max-image-preview:large","max-video-preview":"max-video-preview:-1"},"og_locale":"es_ES","og_type":"article","og_title":"GrupoExpro - Ayudamos a evaluar tus proyectos e identificar tus necesidades","og_description":"En Grupo Expro contamos con con perfiles capacitados para distintas industrias, miner\u00eda, logistica, ventas y retail","og_url":"https:\/\/grupoexpro.com\/colombia\/postula-aqui\/","og_site_name":"GrupoExpro","article_publisher":"https:\/\/www.facebook.com\/GrupoExpro.Chile\/","article_modified_time":"2025-04-25T14:07:37+00:00","og_image":[{"width":1200,"height":600,"url":"https:\/\/grupoexpro.com\/colombia\/wp-content\/uploads\/2023\/10\/rrss.jpg","type":"image\/jpeg"}],"twitter_card":"summary_large_image","twitter_site":"@grupoExpro","twitter_misc":{"Tiempo de lectura":"1 minuto"},"schema":{"@context":"https:\/\/schema.org","@graph":[{"@type":"WebPage","@id":"https:\/\/grupoexpro.com\/colombia\/postula-aqui\/","url":"https:\/\/grupoexpro.com\/colombia\/postula-aqui\/","name":"GrupoExpro - Ayudamos a evaluar tus proyectos e identificar tus necesidades","isPartOf":{"@id":"https:\/\/grupoexpro.com\/colombia\/#website"},"datePublished":"2025-04-25T13:51:26+00:00","dateModified":"2025-04-25T14:07:37+00:00","description":"En Grupo Expro contamos con con perfiles capacitados para distintas industrias, miner\u00eda, logistica, ventas y retail","breadcrumb":{"@id":"https:\/\/grupoexpro.com\/colombia\/postula-aqui\/#breadcrumb"},"inLanguage":"es","potentialAction":[{"@type":"ReadAction","target":["https:\/\/grupoexpro.com\/colombia\/postula-aqui\/"]}]},{"@type":"BreadcrumbList","@id":"https:\/\/grupoexpro.com\/colombia\/postula-aqui\/#breadcrumb","itemListElement":[{"@type":"ListItem","position":1,"name":"Portada","item":"https:\/\/grupoexpro.com\/colombia\/"},{"@type":"ListItem","position":2,"name":"Postula Aqu\u00ed"}]},{"@type":"WebSite","@id":"https:\/\/grupoexpro.com\/colombia\/#website","url":"https:\/\/grupoexpro.com\/colombia\/","name":"GrupoExpro","description":"Web","publisher":{"@id":"https:\/\/grupoexpro.com\/colombia\/#organization"},"alternateName":"GrupoExpro","inLanguage":"es"},{"@type":"Organization","@id":"https:\/\/grupoexpro.com\/colombia\/#organization","name":"GrupoExpro","alternateName":"GrupoExpro","url":"https:\/\/grupoexpro.com\/colombia\/","logo":{"@type":"ImageObject","inLanguage":"es","@id":"https:\/\/grupoexpro.com\/colombia\/#\/schema\/logo\/image\/","url":"https:\/\/grupoexpro.com\/colombia\/wp-content\/uploads\/2023\/10\/rrss.jpg","contentUrl":"https:\/\/grupoexpro.com\/colombia\/wp-content\/uploads\/2023\/10\/rrss.jpg","width":1200,"height":600,"caption":"GrupoExpro"},"image":{"@id":"https:\/\/grupoexpro.com\/colombia\/#\/schema\/logo\/image\/"},"sameAs":["https:\/\/www.facebook.com\/GrupoExpro.Chile\/","https:\/\/twitter.com\/grupoExpro","https:\/\/www.linkedin.com\/company\/grupo-expro\/","https:\/\/www.instagram.com\/grupo_expro\/?hl=es-la"]}]}},"_links":{"self":[{"href":"https:\/\/grupoexpro.com\/colombia\/wp-json\/wp\/v2\/pages\/15454","targetHints":{"allow":["GET"]}}],"collection":[{"href":"https:\/\/grupoexpro.com\/colombia\/wp-json\/wp\/v2\/pages"}],"about":[{"href":"https:\/\/grupoexpro.com\/colombia\/wp-json\/wp\/v2\/types\/page"}],"author":[{"embeddable":true,"href":"https:\/\/grupoexpro.com\/colombia\/wp-json\/wp\/v2\/users\/1"}],"replies":[{"embeddable":true,"href":"https:\/\/grupoexpro.com\/colombia\/wp-json\/wp\/v2\/comments?post=15454"}],"version-history":[{"count":16,"href":"https:\/\/grupoexpro.com\/colombia\/wp-json\/wp\/v2\/pages\/15454\/revisions"}],"predecessor-version":[{"id":15482,"href":"https:\/\/grupoexpro.com\/colombia\/wp-json\/wp\/v2\/pages\/15454\/revisions\/15482"}],"wp:attachment":[{"href":"https:\/\/grupoexpro.com\/colombia\/wp-json\/wp\/v2\/media?parent=15454"}],"curies":[{"name":"wp","href":"https:\/\/api.w.org\/{rel}","templated":true}]}}