{"id":13850,"date":"2024-06-24T17:09:17","date_gmt":"2024-06-24T17:09:17","guid":{"rendered":"https:\/\/grupoexpro.com\/english\/?page_id=13850"},"modified":"2026-01-22T14:21:27","modified_gmt":"2026-01-22T14:21:27","slug":"locations","status":"publish","type":"page","link":"https:\/\/grupoexpro.com\/english\/locations\/","title":{"rendered":"Locations \/\/ Strategically located offices to deliver better service at a regional level."},"content":{"rendered":"\t\t<div data-elementor-type=\"wp-page\" data-elementor-id=\"13850\" class=\"elementor elementor-13850\">\n\t\t\t\t\t\t\t\t\t<section class=\"elementor-section elementor-top-section elementor-element elementor-element-928934b ot-traditional elementor-section-boxed elementor-section-height-default elementor-section-height-default\" data-id=\"928934b\" data-element_type=\"section\" data-settings=\"{&quot;background_background&quot;:&quot;classic&quot;}\" data-e-bg-lazyload=\"\">\n\t\t\t\t\t\t<div class=\"elementor-container elementor-column-gap-extended\">\n\t\t\t\t\t<div class=\"elementor-column elementor-col-100 elementor-top-column elementor-element elementor-element-1f725fd ot-flex-column-vertical\" data-id=\"1f725fd\" data-element_type=\"column\">\n\t\t\t<div class=\"elementor-widget-wrap elementor-element-populated\">\n\t\t\t\t\t\t\t\t<div class=\"elementor-element elementor-element-7157721 elementor-widget elementor-widget-iheading\" data-id=\"7157721\" data-element_type=\"widget\" data-widget_type=\"iheading.default\">\n\t\t\t\t<div class=\"elementor-widget-container\">\n\t\t\t\t\t<div class=\"ot-heading\">\r\n\t        \t            <span>\/\/ GrupoExpro\u2019s Services and Solutions Are Present In<\/span>\r\n\t        <h2 class=\"main-heading\">Chile, Peru, and Colombia.<\/h2>\t    <\/div>\r\n\t    \t\t<\/div>\n\t\t\t\t<\/div>\n\t\t\t\t\t<\/div>\n\t\t<\/div>\n\t\t\t\t\t\t\t<\/div>\n\t\t<\/section>\n\t\t\t\t<section class=\"elementor-section elementor-top-section elementor-element elementor-element-f229ee4 ot-traditional elementor-section-boxed elementor-section-height-default elementor-section-height-default\" data-id=\"f229ee4\" data-element_type=\"section\">\n\t\t\t\t\t\t<div class=\"elementor-container elementor-column-gap-default\">\n\t\t\t\t\t<div class=\"elementor-column elementor-col-50 elementor-top-column elementor-element elementor-element-c148ced ot-flex-column-vertical\" data-id=\"c148ced\" data-element_type=\"column\">\n\t\t\t<div class=\"elementor-widget-wrap elementor-element-populated\">\n\t\t\t\t\t\t\t\t<div class=\"elementor-element elementor-element-193dd13 elementor-widget elementor-widget-iaccordions\" data-id=\"193dd13\" data-element_type=\"widget\" data-widget_type=\"iaccordions.default\">\n\t\t\t\t<div class=\"elementor-widget-container\">\n\t\t\t\r\n\t\t<div class=\"ot-accordions\">\r\n\t\t\t\t\t\t<div class=\"acc-item\">\r\n\t\t\t\t<span class=\"acc-toggle\" data-default=\"yes\">Chile <i class=\"down flaticon-download-arrow\"><\/i><i class=\"up flaticon-up-arrow\"><\/i><\/span>\r\n\t\t\t\t<div class=\"acc-content\">\r\n\t\t\t\t\t<p><strong>Antofagasta:<\/strong> Teniente Manuel Orella 601 OF. 1703<\/p><p><strong>La Serena:<\/strong> Gregorio Cordovez 558 Of. 203<\/p><p><strong>Vi\u00f1a del Mar:<\/strong> Arlegui 440 Of. 502<\/p><p><strong>Santiago:<\/strong> Almirante Pastene 244, Providencia<\/p><p><strong>Concepci\u00f3n:<\/strong> Chacabuco 1085 Of. 402<\/p><p><strong>Puerto Montt:<\/strong> Quillota 175 Of. 908<\/p>\t\t\t\t<\/div>\r\n\t\t\t<\/div>\r\n\t\t\t\t\t\t<div class=\"acc-item\">\r\n\t\t\t\t<span class=\"acc-toggle\" data-default=\"\">Per\u00fa <i class=\"down flaticon-download-arrow\"><\/i><i class=\"up flaticon-up-arrow\"><\/i><\/span>\r\n\t\t\t\t<div class=\"acc-content\">\r\n\t\t\t\t\t<p><strong>Lima:<\/strong> Calle Alcanfores Nro 495 Int. 401 Miraflores\u2013Lima<\/p><p><strong>Callao:<\/strong> Av. Elmer Faucett Cdr. 30 Int. 404 Modulo E Centro Aereo Comercial<\/p><p><strong>Cusco:<\/strong> Mz K Lote 02 URB. Kari Grande San Sebastian<\/p><p><strong>Loreto:<\/strong> Cal. Las Camelias 159 Int 02 Iquitos<\/p><p><strong>Tacna:<\/strong> Sec. Para Grande Av. Manuel Odria Mz 36 Lote 9 Tacna<\/p><p><strong>Ucayali:<\/strong> A.H. Emancipacion Jr. Los Frutales G Int 6 Coronel Portillo<\/p><p><strong>Arequipa:<\/strong> A.H. Belaunde Mz Q Lote 13 Int Zn A Cerro Colorado<\/p><p><strong>Piura:<\/strong> A.H. Maria Goretti Otr. Maria Goretti Mz Q Lote 10-C Int 1-PI Piura<\/p><p><strong>Junin:<\/strong> Jr. San Martin 465 Sausa<\/p><p><strong>Lambayeque:<\/strong> Urb. San Lorenzo Av. Dorado 2101 Dpto 201 Chiclayo<\/p><p><strong>Tumbes:<\/strong> Jr. Pasamayito 209 Tumbes<\/p><p><strong>Cajamarca:<\/strong> Urb. Santa Rosa Cal. Los Alamos 335 Cajamarca<\/p><p><strong>Puno:<\/strong> Jr. Ramos Castilla 1269 Int 203 Juliaca<\/p><p><strong>San Mart\u00edn:<\/strong> Urb. Baltazar Martinez de Compag\u00f1on Mz M Lote 1A Morales<\/p><p><strong>Ayacucho:<\/strong> Jr. Los Lirios 380 Huamanga<\/p>\t\t\t\t<\/div>\r\n\t\t\t<\/div>\r\n\t\t\t\t\t\t<div class=\"acc-item\">\r\n\t\t\t\t<span class=\"acc-toggle\" data-default=\"\">Colombia <i class=\"down flaticon-download-arrow\"><\/i><i class=\"up flaticon-up-arrow\"><\/i><\/span>\r\n\t\t\t\t<div class=\"acc-content\">\r\n\t\t\t\t\t<p><strong>Bogota:<\/strong> Carrera 49\u00aa, 94-81 off. 304, Centro Empresarial Castellana 94.<\/p><p><strong>Medell\u00edn:<\/strong> Carrera 43F, 18-158<\/p>\t\t\t\t<\/div>\r\n\t\t\t<\/div>\r\n\t\t\t\t    <\/div>\r\n\r\n\t    \t\t<\/div>\n\t\t\t\t<\/div>\n\t\t\t\t\t<\/div>\n\t\t<\/div>\n\t\t\t\t<div class=\"elementor-column elementor-col-50 elementor-top-column elementor-element elementor-element-68635c8 ot-flex-column-vertical\" data-id=\"68635c8\" data-element_type=\"column\">\n\t\t\t<div class=\"elementor-widget-wrap elementor-element-populated\">\n\t\t\t\t\t\t\t\t<div class=\"elementor-element elementor-element-f639288 elementor-widget elementor-widget-image\" data-id=\"f639288\" data-element_type=\"widget\" data-widget_type=\"image.default\">\n\t\t\t\t<div class=\"elementor-widget-container\">\n\t\t\t<style>\/*! elementor - v3.11.3 - 07-03-2023 *\/\n.elementor-widget-image{text-align:center}.elementor-widget-image a{display:inline-block}.elementor-widget-image a img[src$=\".svg\"]{width:48px}.elementor-widget-image img{vertical-align:middle;display:inline-block}<\/style>\t\t\t\t\t\t\t\t\t\t\t\t<img loading=\"lazy\" decoding=\"async\" width=\"710\" height=\"697\" src=\"https:\/\/grupoexpro.com\/english\/wp-content\/uploads\/2025\/12\/9.jpg\" class=\"attachment-large size-large wp-image-17516\" alt=\"\" srcset=\"https:\/\/grupoexpro.com\/english\/wp-content\/uploads\/2025\/12\/9.jpg 710w, https:\/\/grupoexpro.com\/english\/wp-content\/uploads\/2025\/12\/9-300x295.jpg 300w\" sizes=\"auto, (max-width: 710px) 100vw, 710px\" \/>\t\t\t\t\t\t\t\t\t\t\t\t\t\t\t<\/div>\n\t\t\t\t<\/div>\n\t\t\t\t\t<\/div>\n\t\t<\/div>\n\t\t\t\t\t\t\t<\/div>\n\t\t<\/section>\n\t\t\t\t<section class=\"elementor-section elementor-top-section elementor-element elementor-element-eea158e elementor-section-full_width ot-traditional elementor-section-height-default elementor-section-height-default\" data-id=\"eea158e\" data-element_type=\"section\">\n\t\t\t\t\t\t<div class=\"elementor-container elementor-column-gap-default\">\n\t\t\t\t\t<div class=\"elementor-column elementor-col-100 elementor-top-column elementor-element elementor-element-930f407 ot-flex-column-vertical\" data-id=\"930f407\" data-element_type=\"column\">\n\t\t\t<div class=\"elementor-widget-wrap elementor-element-populated\">\n\t\t\t\t\t\t\t\t<section class=\"elementor-section elementor-inner-section elementor-element elementor-element-135760d elementor-section-full_width ot-traditional elementor-section-height-default elementor-section-height-default\" data-id=\"135760d\" data-element_type=\"section\" data-settings=\"{&quot;background_background&quot;:&quot;gradient&quot;}\">\n\t\t\t\t\t\t<div class=\"elementor-container elementor-column-gap-extended\">\n\t\t\t\t\t<div class=\"elementor-column elementor-col-25 elementor-inner-column elementor-element elementor-element-a5d2196 ot-flex-column-vertical\" data-id=\"a5d2196\" data-element_type=\"column\">\n\t\t\t<div class=\"elementor-widget-wrap elementor-element-populated\">\n\t\t\t\t\t\t\t\t<div class=\"elementor-element elementor-element-0526bcf elementor-widget__width-inherit elementor-widget elementor-widget-icounter\" data-id=\"0526bcf\" data-element_type=\"widget\" data-widget_type=\"icounter.default\">\n\t\t\t\t<div class=\"elementor-widget-container\">\n\t\t\t\t\t\t\t\t    \t<div class=\"icounter ot-counter\">\r\n\t\t        \t<div>\r\n\t\t        \t\t<span class=\"num\" data-to=\"29\" data-time= \"2000\"><\/span>\r\n\t\t        \t\t<span>+<\/span>\r\n\t\t        \t<\/div>\r\n\t\t        \t<h6>Years of experience<\/h6>      \t\t\t\t        \r\n\t\t\t    <\/div>\r\n\t\t    \t    \t\t<\/div>\n\t\t\t\t<\/div>\n\t\t\t\t\t<\/div>\n\t\t<\/div>\n\t\t\t\t<div class=\"elementor-column elementor-col-25 elementor-inner-column elementor-element elementor-element-96880db ot-flex-column-vertical\" data-id=\"96880db\" data-element_type=\"column\">\n\t\t\t<div class=\"elementor-widget-wrap elementor-element-populated\">\n\t\t\t\t\t\t\t\t<div class=\"elementor-element elementor-element-0ee188b elementor-widget elementor-widget-icounter\" data-id=\"0ee188b\" data-element_type=\"widget\" data-widget_type=\"icounter.default\">\n\t\t\t\t<div class=\"elementor-widget-container\">\n\t\t\t\t\t\t\t\t    \t<div class=\"icounter ot-counter\">\r\n\t\t        \t<div>\r\n\t\t        \t\t<span class=\"num\" data-to=\"3\" data-time= \"2000\"><\/span>\r\n\t\t        \t\t<span><\/span>\r\n\t\t        \t<\/div>\r\n\t\t        \t<h6>Countries<\/h6>      \t\t\t\t        \r\n\t\t\t    <\/div>\r\n\t\t    \t    \t\t<\/div>\n\t\t\t\t<\/div>\n\t\t\t\t\t<\/div>\n\t\t<\/div>\n\t\t\t\t<div class=\"elementor-column elementor-col-25 elementor-inner-column elementor-element elementor-element-93decd7 ot-flex-column-vertical\" data-id=\"93decd7\" data-element_type=\"column\">\n\t\t\t<div class=\"elementor-widget-wrap elementor-element-populated\">\n\t\t\t\t\t\t\t\t<div class=\"elementor-element elementor-element-1e73568 elementor-widget elementor-widget-icounter\" data-id=\"1e73568\" data-element_type=\"widget\" data-widget_type=\"icounter.default\">\n\t\t\t\t<div class=\"elementor-widget-container\">\n\t\t\t\t\t\t\t\t    \t<div class=\"icounter ot-counter\">\r\n\t\t        \t<div>\r\n\t\t        \t\t<span class=\"num\" data-to=\"12000\" data-time= \"2000\"><\/span>\r\n\t\t        \t\t<span>+<\/span>\r\n\t\t        \t<\/div>\r\n\t\t        \t<h6>Team Members<\/h6>      \t\t\t\t        \r\n\t\t\t    <\/div>\r\n\t\t    \t    \t\t<\/div>\n\t\t\t\t<\/div>\n\t\t\t\t\t<\/div>\n\t\t<\/div>\n\t\t\t\t<div class=\"elementor-column elementor-col-25 elementor-inner-column elementor-element elementor-element-cb41222 ot-flex-column-vertical\" data-id=\"cb41222\" data-element_type=\"column\">\n\t\t\t<div class=\"elementor-widget-wrap elementor-element-populated\">\n\t\t\t\t\t\t\t\t<div class=\"elementor-element elementor-element-f193cee elementor-widget elementor-widget-icounter\" data-id=\"f193cee\" data-element_type=\"widget\" data-widget_type=\"icounter.default\">\n\t\t\t\t<div class=\"elementor-widget-container\">\n\t\t\t\t\t\t\t\t    \t<div class=\"icounter ot-counter\">\r\n\t\t        \t<div>\r\n\t\t        \t\t<span class=\"num\" data-to=\"300\" data-time= \"2000\"><\/span>\r\n\t\t        \t\t<span>+<\/span>\r\n\t\t        \t<\/div>\r\n\t\t        \t<h6>Clients<\/h6>      \t\t\t\t        \r\n\t\t\t    <\/div>\r\n\t\t    \t    \t\t<\/div>\n\t\t\t\t<\/div>\n\t\t\t\t\t<\/div>\n\t\t<\/div>\n\t\t\t\t\t\t\t<\/div>\n\t\t<\/section>\n\t\t\t\t\t<\/div>\n\t\t<\/div>\n\t\t\t\t\t\t\t<\/div>\n\t\t<\/section>\n\t\t\t\t\t\t\t<\/div>\n\t\t","protected":false},"excerpt":{"rendered":"<p>\/\/ GrupoExpro\u2019s Services and Solutions Are Present In Chile, Peru, and Colombia. Chile Antofagasta: Teniente Manuel Orella 601 OF. 1703 La Serena: Gregorio Cordovez 558 Of. 203 Vi\u00f1a del Mar: Arlegui 440 Of. 502 Santiago: Almirante Pastene 244, Providencia Concepci\u00f3n: Chacabuco 1085 Of. 402 Puerto Montt: Quillota 175 Of. 908 Per\u00fa Lima: Calle Alcanfores Nro [&hellip;]<\/p>\n","protected":false},"author":1,"featured_media":0,"parent":0,"menu_order":0,"comment_status":"closed","ping_status":"closed","template":"","meta":{"footnotes":""},"class_list":["post-13850","page","type-page","status-publish","hentry"],"yoast_head":"<!-- This site is optimized with the Yoast SEO plugin v25.1 - https:\/\/yoast.com\/wordpress\/plugins\/seo\/ -->\n<title>Locations \/\/ Strategically located offices to deliver better service at a regional level. - GrupoExpro procesos estrat\u00e9gicos y soluciones de personal<\/title>\n<meta name=\"description\" content=\"Tenemos presencia mundial con altos est\u00e1ndares de cumplimiento laboral, seguridad y satisfacci\u00f3n de clientes.\" \/>\n<meta name=\"robots\" content=\"index, follow, max-snippet:-1, max-image-preview:large, max-video-preview:-1\" \/>\n<link rel=\"canonical\" href=\"https:\/\/grupoexpro.com\/english\/locations\/\" \/>\n<meta property=\"og:locale\" content=\"es_ES\" \/>\n<meta property=\"og:type\" content=\"article\" \/>\n<meta property=\"og:title\" content=\"Locations \/\/ Strategically located offices to deliver better service at a regional level. - GrupoExpro procesos estrat\u00e9gicos y soluciones de personal\" \/>\n<meta property=\"og:description\" content=\"Tenemos presencia mundial con altos est\u00e1ndares de cumplimiento laboral, seguridad y satisfacci\u00f3n de clientes.\" \/>\n<meta property=\"og:url\" content=\"https:\/\/grupoexpro.com\/english\/locations\/\" \/>\n<meta property=\"og:site_name\" content=\"GrupoExpro\" \/>\n<meta property=\"article:publisher\" content=\"https:\/\/www.facebook.com\/GrupoExpro.Chile\/\" \/>\n<meta property=\"article:modified_time\" content=\"2026-01-22T14:21:27+00:00\" \/>\n<meta property=\"og:image\" content=\"https:\/\/grupoexpro.com\/english\/wp-content\/uploads\/2023\/10\/rrss-1.jpg\" \/>\n\t<meta property=\"og:image:width\" content=\"1200\" \/>\n\t<meta property=\"og:image:height\" content=\"675\" \/>\n\t<meta property=\"og:image:type\" content=\"image\/jpeg\" \/>\n<meta name=\"twitter:card\" content=\"summary_large_image\" \/>\n<meta name=\"twitter:site\" content=\"@grupoExpro\" \/>\n<meta name=\"twitter:label1\" content=\"Tiempo de lectura\" \/>\n\t<meta name=\"twitter:data1\" content=\"2 minutos\" \/>\n<script type=\"application\/ld+json\" class=\"yoast-schema-graph\">{\"@context\":\"https:\/\/schema.org\",\"@graph\":[{\"@type\":\"WebPage\",\"@id\":\"https:\/\/grupoexpro.com\/english\/locations\/\",\"url\":\"https:\/\/grupoexpro.com\/english\/locations\/\",\"name\":\"Locations \/\/ Strategically located offices to deliver better service at a regional level. - GrupoExpro procesos estrat\u00e9gicos y soluciones de personal\",\"isPartOf\":{\"@id\":\"https:\/\/grupoexpro.com\/english\/#website\"},\"primaryImageOfPage\":{\"@id\":\"https:\/\/grupoexpro.com\/english\/locations\/#primaryimage\"},\"image\":{\"@id\":\"https:\/\/grupoexpro.com\/english\/locations\/#primaryimage\"},\"thumbnailUrl\":\"https:\/\/grupoexpro.com\/english\/wp-content\/uploads\/2025\/12\/9.jpg\",\"datePublished\":\"2024-06-24T17:09:17+00:00\",\"dateModified\":\"2026-01-22T14:21:27+00:00\",\"description\":\"Tenemos presencia mundial con altos est\u00e1ndares de cumplimiento laboral, seguridad y satisfacci\u00f3n de clientes.\",\"breadcrumb\":{\"@id\":\"https:\/\/grupoexpro.com\/english\/locations\/#breadcrumb\"},\"inLanguage\":\"es\",\"potentialAction\":[{\"@type\":\"ReadAction\",\"target\":[\"https:\/\/grupoexpro.com\/english\/locations\/\"]}]},{\"@type\":\"ImageObject\",\"inLanguage\":\"es\",\"@id\":\"https:\/\/grupoexpro.com\/english\/locations\/#primaryimage\",\"url\":\"https:\/\/grupoexpro.com\/english\/wp-content\/uploads\/2025\/12\/9.jpg\",\"contentUrl\":\"https:\/\/grupoexpro.com\/english\/wp-content\/uploads\/2025\/12\/9.jpg\",\"width\":710,\"height\":697},{\"@type\":\"BreadcrumbList\",\"@id\":\"https:\/\/grupoexpro.com\/english\/locations\/#breadcrumb\",\"itemListElement\":[{\"@type\":\"ListItem\",\"position\":1,\"name\":\"Portada\",\"item\":\"https:\/\/grupoexpro.com\/english\/\"},{\"@type\":\"ListItem\",\"position\":2,\"name\":\"Locations \/\/ Strategically located offices to deliver better service at a regional level.\"}]},{\"@type\":\"WebSite\",\"@id\":\"https:\/\/grupoexpro.com\/english\/#website\",\"url\":\"https:\/\/grupoexpro.com\/english\/\",\"name\":\"GrupoExpro\",\"description\":\"Web\",\"publisher\":{\"@id\":\"https:\/\/grupoexpro.com\/english\/#organization\"},\"alternateName\":\"GrupoExpro\",\"inLanguage\":\"es\"},{\"@type\":\"Organization\",\"@id\":\"https:\/\/grupoexpro.com\/english\/#organization\",\"name\":\"GrupoExpro\",\"alternateName\":\"GrupoExpro\",\"url\":\"https:\/\/grupoexpro.com\/english\/\",\"logo\":{\"@type\":\"ImageObject\",\"inLanguage\":\"es\",\"@id\":\"https:\/\/grupoexpro.com\/english\/#\/schema\/logo\/image\/\",\"url\":\"https:\/\/grupoexpro.com\/english\/wp-content\/uploads\/2023\/10\/rrss.jpg\",\"contentUrl\":\"https:\/\/grupoexpro.com\/english\/wp-content\/uploads\/2023\/10\/rrss.jpg\",\"width\":1200,\"height\":600,\"caption\":\"GrupoExpro\"},\"image\":{\"@id\":\"https:\/\/grupoexpro.com\/english\/#\/schema\/logo\/image\/\"},\"sameAs\":[\"https:\/\/www.facebook.com\/GrupoExpro.Chile\/\",\"https:\/\/x.com\/grupoExpro\",\"https:\/\/www.linkedin.com\/company\/grupo-expro\/\",\"https:\/\/www.instagram.com\/grupo_expro\/?hl=es-la\"]}]}<\/script>\n<!-- \/ Yoast SEO plugin. -->","yoast_head_json":{"title":"Locations \/\/ Strategically located offices to deliver better service at a regional level. - GrupoExpro procesos estrat\u00e9gicos y soluciones de personal","description":"Tenemos presencia mundial con altos est\u00e1ndares de cumplimiento laboral, seguridad y satisfacci\u00f3n de clientes.","robots":{"index":"index","follow":"follow","max-snippet":"max-snippet:-1","max-image-preview":"max-image-preview:large","max-video-preview":"max-video-preview:-1"},"canonical":"https:\/\/grupoexpro.com\/english\/locations\/","og_locale":"es_ES","og_type":"article","og_title":"Locations \/\/ Strategically located offices to deliver better service at a regional level. - GrupoExpro procesos estrat\u00e9gicos y soluciones de personal","og_description":"Tenemos presencia mundial con altos est\u00e1ndares de cumplimiento laboral, seguridad y satisfacci\u00f3n de clientes.","og_url":"https:\/\/grupoexpro.com\/english\/locations\/","og_site_name":"GrupoExpro","article_publisher":"https:\/\/www.facebook.com\/GrupoExpro.Chile\/","article_modified_time":"2026-01-22T14:21:27+00:00","og_image":[{"width":1200,"height":675,"url":"https:\/\/grupoexpro.com\/english\/wp-content\/uploads\/2023\/10\/rrss-1.jpg","type":"image\/jpeg"}],"twitter_card":"summary_large_image","twitter_site":"@grupoExpro","twitter_misc":{"Tiempo de lectura":"2 minutos"},"schema":{"@context":"https:\/\/schema.org","@graph":[{"@type":"WebPage","@id":"https:\/\/grupoexpro.com\/english\/locations\/","url":"https:\/\/grupoexpro.com\/english\/locations\/","name":"Locations \/\/ Strategically located offices to deliver better service at a regional level. - GrupoExpro procesos estrat\u00e9gicos y soluciones de personal","isPartOf":{"@id":"https:\/\/grupoexpro.com\/english\/#website"},"primaryImageOfPage":{"@id":"https:\/\/grupoexpro.com\/english\/locations\/#primaryimage"},"image":{"@id":"https:\/\/grupoexpro.com\/english\/locations\/#primaryimage"},"thumbnailUrl":"https:\/\/grupoexpro.com\/english\/wp-content\/uploads\/2025\/12\/9.jpg","datePublished":"2024-06-24T17:09:17+00:00","dateModified":"2026-01-22T14:21:27+00:00","description":"Tenemos presencia mundial con altos est\u00e1ndares de cumplimiento laboral, seguridad y satisfacci\u00f3n de clientes.","breadcrumb":{"@id":"https:\/\/grupoexpro.com\/english\/locations\/#breadcrumb"},"inLanguage":"es","potentialAction":[{"@type":"ReadAction","target":["https:\/\/grupoexpro.com\/english\/locations\/"]}]},{"@type":"ImageObject","inLanguage":"es","@id":"https:\/\/grupoexpro.com\/english\/locations\/#primaryimage","url":"https:\/\/grupoexpro.com\/english\/wp-content\/uploads\/2025\/12\/9.jpg","contentUrl":"https:\/\/grupoexpro.com\/english\/wp-content\/uploads\/2025\/12\/9.jpg","width":710,"height":697},{"@type":"BreadcrumbList","@id":"https:\/\/grupoexpro.com\/english\/locations\/#breadcrumb","itemListElement":[{"@type":"ListItem","position":1,"name":"Portada","item":"https:\/\/grupoexpro.com\/english\/"},{"@type":"ListItem","position":2,"name":"Locations \/\/ Strategically located offices to deliver better service at a regional level."}]},{"@type":"WebSite","@id":"https:\/\/grupoexpro.com\/english\/#website","url":"https:\/\/grupoexpro.com\/english\/","name":"GrupoExpro","description":"Web","publisher":{"@id":"https:\/\/grupoexpro.com\/english\/#organization"},"alternateName":"GrupoExpro","inLanguage":"es"},{"@type":"Organization","@id":"https:\/\/grupoexpro.com\/english\/#organization","name":"GrupoExpro","alternateName":"GrupoExpro","url":"https:\/\/grupoexpro.com\/english\/","logo":{"@type":"ImageObject","inLanguage":"es","@id":"https:\/\/grupoexpro.com\/english\/#\/schema\/logo\/image\/","url":"https:\/\/grupoexpro.com\/english\/wp-content\/uploads\/2023\/10\/rrss.jpg","contentUrl":"https:\/\/grupoexpro.com\/english\/wp-content\/uploads\/2023\/10\/rrss.jpg","width":1200,"height":600,"caption":"GrupoExpro"},"image":{"@id":"https:\/\/grupoexpro.com\/english\/#\/schema\/logo\/image\/"},"sameAs":["https:\/\/www.facebook.com\/GrupoExpro.Chile\/","https:\/\/x.com\/grupoExpro","https:\/\/www.linkedin.com\/company\/grupo-expro\/","https:\/\/www.instagram.com\/grupo_expro\/?hl=es-la"]}]}},"_links":{"self":[{"href":"https:\/\/grupoexpro.com\/english\/wp-json\/wp\/v2\/pages\/13850","targetHints":{"allow":["GET"]}}],"collection":[{"href":"https:\/\/grupoexpro.com\/english\/wp-json\/wp\/v2\/pages"}],"about":[{"href":"https:\/\/grupoexpro.com\/english\/wp-json\/wp\/v2\/types\/page"}],"author":[{"embeddable":true,"href":"https:\/\/grupoexpro.com\/english\/wp-json\/wp\/v2\/users\/1"}],"replies":[{"embeddable":true,"href":"https:\/\/grupoexpro.com\/english\/wp-json\/wp\/v2\/comments?post=13850"}],"version-history":[{"count":0,"href":"https:\/\/grupoexpro.com\/english\/wp-json\/wp\/v2\/pages\/13850\/revisions"}],"wp:attachment":[{"href":"https:\/\/grupoexpro.com\/english\/wp-json\/wp\/v2\/media?parent=13850"}],"curies":[{"name":"wp","href":"https:\/\/api.w.org\/{rel}","templated":true}]}}