{"id":5325,"date":"2023-03-07T19:25:23","date_gmt":"2023-03-07T19:25:23","guid":{"rendered":"https:\/\/new.grupoexpro.com\/?page_id=5325"},"modified":"2026-01-22T15:49:27","modified_gmt":"2026-01-22T15:49:27","slug":"head-office","status":"publish","type":"page","link":"https:\/\/grupoexpro.com\/english\/head-office\/","title":{"rendered":"Head Office \/\/ Services and Solutions from Japan to the World."},"content":{"rendered":"\t\t<div data-elementor-type=\"wp-page\" data-elementor-id=\"5325\" class=\"elementor elementor-5325\">\n\t\t\t\t\t\t\t\t\t<section class=\"elementor-section elementor-top-section elementor-element elementor-element-928934b ot-traditional elementor-section-boxed elementor-section-height-default elementor-section-height-default\" data-id=\"928934b\" data-element_type=\"section\" data-settings=\"{&quot;background_background&quot;:&quot;classic&quot;}\" data-e-bg-lazyload=\"\">\n\t\t\t\t\t\t<div class=\"elementor-container elementor-column-gap-extended\">\n\t\t\t\t\t<div class=\"elementor-column elementor-col-100 elementor-top-column elementor-element elementor-element-1f725fd ot-flex-column-vertical\" data-id=\"1f725fd\" data-element_type=\"column\">\n\t\t\t<div class=\"elementor-widget-wrap elementor-element-populated\">\n\t\t\t\t\t\t\t\t<div class=\"elementor-element elementor-element-7157721 elementor-widget elementor-widget-iheading\" data-id=\"7157721\" data-element_type=\"widget\" data-widget_type=\"iheading.default\">\n\t\t\t\t<div class=\"elementor-widget-container\">\n\t\t\t\t\t<div class=\"ot-heading\">\r\n\t        \t            <span>\/\/ GrupoExpro is present<\/span>\r\n\t        <h2 class=\"main-heading\">Asia-Pacific, Europe, Oceania, and the Americas.<\/h2>\t    <\/div>\r\n\t    \t\t<\/div>\n\t\t\t\t<\/div>\n\t\t\t\t<div class=\"elementor-element elementor-element-3efe3fd elementor-widget elementor-widget-image\" data-id=\"3efe3fd\" data-element_type=\"widget\" data-widget_type=\"image.default\">\n\t\t\t\t<div class=\"elementor-widget-container\">\n\t\t\t<style>\/*! elementor - v3.11.3 - 07-03-2023 *\/\n.elementor-widget-image{text-align:center}.elementor-widget-image a{display:inline-block}.elementor-widget-image a img[src$=\".svg\"]{width:48px}.elementor-widget-image img{vertical-align:middle;display:inline-block}<\/style>\t\t\t\t\t\t\t\t\t\t\t\t<img loading=\"lazy\" decoding=\"async\" width=\"1207\" height=\"657\" src=\"https:\/\/grupoexpro.com\/english\/wp-content\/uploads\/2023\/03\/bg_home_matriz.png\" class=\"attachment-full size-full wp-image-5369\" alt=\"\" srcset=\"https:\/\/grupoexpro.com\/english\/wp-content\/uploads\/2023\/03\/bg_home_matriz.png 1207w, https:\/\/grupoexpro.com\/english\/wp-content\/uploads\/2023\/03\/bg_home_matriz-300x163.png 300w, https:\/\/grupoexpro.com\/english\/wp-content\/uploads\/2023\/03\/bg_home_matriz-1024x557.png 1024w, https:\/\/grupoexpro.com\/english\/wp-content\/uploads\/2023\/03\/bg_home_matriz-768x418.png 768w, https:\/\/grupoexpro.com\/english\/wp-content\/uploads\/2023\/03\/bg_home_matriz-720x392.png 720w\" sizes=\"auto, (max-width: 1207px) 100vw, 1207px\" \/>\t\t\t\t\t\t\t\t\t\t\t\t\t\t\t<\/div>\n\t\t\t\t<\/div>\n\t\t\t\t\t<\/div>\n\t\t<\/div>\n\t\t\t\t\t\t\t<\/div>\n\t\t<\/section>\n\t\t\t\t<section class=\"elementor-section elementor-top-section elementor-element elementor-element-e2601c1 ot-traditional elementor-section-boxed elementor-section-height-default elementor-section-height-default\" data-id=\"e2601c1\" data-element_type=\"section\">\n\t\t\t\t\t\t<div class=\"elementor-container elementor-column-gap-default\">\n\t\t\t\t\t<div class=\"elementor-column elementor-col-100 elementor-top-column elementor-element elementor-element-53b694a ot-flex-column-vertical\" data-id=\"53b694a\" data-element_type=\"column\">\n\t\t\t<div class=\"elementor-widget-wrap elementor-element-populated\">\n\t\t\t\t\t\t\t\t<section class=\"elementor-section elementor-inner-section elementor-element elementor-element-79440b8 elementor-section-full_width ot-traditional elementor-section-height-default elementor-section-height-default\" data-id=\"79440b8\" data-element_type=\"section\">\n\t\t\t\t\t\t<div class=\"elementor-container elementor-column-gap-extended\">\n\t\t\t\t\t<div class=\"elementor-column elementor-col-50 elementor-inner-column elementor-element elementor-element-cf39225 ot-flex-column-vertical\" data-id=\"cf39225\" data-element_type=\"column\">\n\t\t\t<div class=\"elementor-widget-wrap elementor-element-populated\">\n\t\t\t\t\t\t\t\t<div class=\"elementor-element elementor-element-0f487e6 elementor-widget elementor-widget-iaccordions\" data-id=\"0f487e6\" data-element_type=\"widget\" data-widget_type=\"iaccordions.default\">\n\t\t\t\t<div class=\"elementor-widget-container\">\n\t\t\t\r\n\t\t<div class=\"ot-accordions\">\r\n\t\t\t\t\t\t<div class=\"acc-item\">\r\n\t\t\t\t<span class=\"acc-toggle\" data-default=\"yes\">Am\u00e9rica <i class=\"down flaticon-download-arrow\"><\/i><i class=\"up flaticon-up-arrow\"><\/i><\/span>\r\n\t\t\t\t<div class=\"acc-content\">\r\n\t\t\t\t\t<p>Presence in Chile, Colombia, Brazil and Peru.<\/p>\t\t\t\t<\/div>\r\n\t\t\t<\/div>\r\n\t\t\t\t\t\t<div class=\"acc-item\">\r\n\t\t\t\t<span class=\"acc-toggle\" data-default=\"\">Asia-Pacific <i class=\"down flaticon-download-arrow\"><\/i><i class=\"up flaticon-up-arrow\"><\/i><\/span>\r\n\t\t\t\t<div class=\"acc-content\">\r\n\t\t\t\t\t<p>Presence in Japan, Shanghai, Hong Kong, Guam, India, Indonesia, Thailand, Vietnam, Cambodia, Malaysia, and Singapore.<\/p>\t\t\t\t<\/div>\r\n\t\t\t<\/div>\r\n\t\t\t\t\t\t<div class=\"acc-item\">\r\n\t\t\t\t<span class=\"acc-toggle\" data-default=\"\">Ocean\u00eda <i class=\"down flaticon-download-arrow\"><\/i><i class=\"up flaticon-up-arrow\"><\/i><\/span>\r\n\t\t\t\t<div class=\"acc-content\">\r\n\t\t\t\t\t<p>Australia and New Zealand.<\/p>\t\t\t\t<\/div>\r\n\t\t\t<\/div>\r\n\t\t\t\t\t\t<div class=\"acc-item\">\r\n\t\t\t\t<span class=\"acc-toggle\" data-default=\"\">Europa <i class=\"down flaticon-download-arrow\"><\/i><i class=\"up flaticon-up-arrow\"><\/i><\/span>\r\n\t\t\t\t<div class=\"acc-content\">\r\n\t\t\t\t\t<p>Presence in United Kingdom, Belgium, France, Germany, Moldova, Netherlands, Czech Republic, Slovakia, Bulgaria, Hungary, Poland, Lithuania, Ukraine, Romania, and Croatia.<\/p>\t\t\t\t<\/div>\r\n\t\t\t<\/div>\r\n\t\t\t\t    <\/div>\r\n\r\n\t    \t\t<\/div>\n\t\t\t\t<\/div>\n\t\t\t\t\t<\/div>\n\t\t<\/div>\n\t\t\t\t<div class=\"elementor-column elementor-col-50 elementor-inner-column elementor-element elementor-element-2d6c613 ot-flex-column-vertical\" data-id=\"2d6c613\" data-element_type=\"column\">\n\t\t\t<div class=\"elementor-widget-wrap elementor-element-populated\">\n\t\t\t\t\t\t\t\t<div class=\"elementor-element elementor-element-69c60dc elementor-widget elementor-widget-iheading\" data-id=\"69c60dc\" data-element_type=\"widget\" data-widget_type=\"iheading.default\">\n\t\t\t\t<div class=\"elementor-widget-container\">\n\t\t\t\t\t<div class=\"ot-heading\">\r\n\t        \t            <span>\/\/ About us<\/span>\r\n\t        <h2 class=\"main-heading\">Head Office<\/h2>\t    <\/div>\r\n\t    \t\t<\/div>\n\t\t\t\t<\/div>\n\t\t\t\t<div class=\"elementor-element elementor-element-54fc250 elementor-widget elementor-widget-text-editor\" data-id=\"54fc250\" data-element_type=\"widget\" data-widget_type=\"text-editor.default\">\n\t\t\t\t<div class=\"elementor-widget-container\">\n\t\t\t<style>\/*! elementor - v3.11.3 - 07-03-2023 *\/\n.elementor-widget-text-editor.elementor-drop-cap-view-stacked .elementor-drop-cap{background-color:#818a91;color:#fff}.elementor-widget-text-editor.elementor-drop-cap-view-framed .elementor-drop-cap{color:#818a91;border:3px solid;background-color:transparent}.elementor-widget-text-editor:not(.elementor-drop-cap-view-default) .elementor-drop-cap{margin-top:8px}.elementor-widget-text-editor:not(.elementor-drop-cap-view-default) .elementor-drop-cap-letter{width:1em;height:1em}.elementor-widget-text-editor .elementor-drop-cap{float:left;text-align:center;line-height:1;font-size:50px}.elementor-widget-text-editor .elementor-drop-cap-letter{display:inline-block}<\/style>\t\t\t\t<p>Outsourcing Inc. is a Japan-based international company specializing in strategic process outsourcing and workforce solutions, with a presence across<strong> Asia-Pacific, Europe, Oceania, and the America<\/strong>.<\/p><p>Our presence in Latin America began in 2015 with the acquisition of GrupoExpro, a process that was fully completed in 2019.<\/p><p>At Outsourcing Inc., we are known for our high standards in labor compliance, safety, and customer satisfaction. We focus on the outsourcing of strategic processes and bring extensive expertise in the externalization of complex operations.<\/p>\t\t\t\t\t\t<\/div>\n\t\t\t\t<\/div>\n\t\t\t\t\t<\/div>\n\t\t<\/div>\n\t\t\t\t\t\t\t<\/div>\n\t\t<\/section>\n\t\t\t\t\t<\/div>\n\t\t<\/div>\n\t\t\t\t\t\t\t<\/div>\n\t\t<\/section>\n\t\t\t\t<section class=\"elementor-section elementor-top-section elementor-element elementor-element-da397df elementor-section-full_width ot-traditional elementor-section-height-default elementor-section-height-default\" data-id=\"da397df\" data-element_type=\"section\">\n\t\t\t\t\t\t<div class=\"elementor-container elementor-column-gap-default\">\n\t\t\t\t\t<div class=\"elementor-column elementor-col-100 elementor-top-column elementor-element elementor-element-735f41d ot-flex-column-vertical\" data-id=\"735f41d\" data-element_type=\"column\">\n\t\t\t<div class=\"elementor-widget-wrap elementor-element-populated\">\n\t\t\t\t\t\t\t\t<section class=\"elementor-section elementor-inner-section elementor-element elementor-element-9512433 elementor-section-full_width ot-traditional elementor-section-height-default elementor-section-height-default\" data-id=\"9512433\" data-element_type=\"section\" data-settings=\"{&quot;background_background&quot;:&quot;gradient&quot;}\">\n\t\t\t\t\t\t<div class=\"elementor-container elementor-column-gap-extended\">\n\t\t\t\t\t<div class=\"elementor-column elementor-col-25 elementor-inner-column elementor-element elementor-element-ed06568 ot-flex-column-vertical\" data-id=\"ed06568\" data-element_type=\"column\">\n\t\t\t<div class=\"elementor-widget-wrap elementor-element-populated\">\n\t\t\t\t\t\t\t\t<div class=\"elementor-element elementor-element-df9e916 elementor-widget__width-inherit elementor-widget elementor-widget-icounter\" data-id=\"df9e916\" data-element_type=\"widget\" data-widget_type=\"icounter.default\">\n\t\t\t\t<div class=\"elementor-widget-container\">\n\t\t\t\t\t\t\t\t    \t<div class=\"icounter ot-counter\">\r\n\t\t        \t<div>\r\n\t\t        \t\t<span class=\"num\" data-to=\"29\" data-time= \"2000\"><\/span>\r\n\t\t        \t\t<span>+<\/span>\r\n\t\t        \t<\/div>\r\n\t\t        \t<h6>Years of experience<\/h6>      \t\t\t\t        \r\n\t\t\t    <\/div>\r\n\t\t    \t    \t\t<\/div>\n\t\t\t\t<\/div>\n\t\t\t\t\t<\/div>\n\t\t<\/div>\n\t\t\t\t<div class=\"elementor-column elementor-col-25 elementor-inner-column elementor-element elementor-element-32837e6 ot-flex-column-vertical\" data-id=\"32837e6\" data-element_type=\"column\">\n\t\t\t<div class=\"elementor-widget-wrap elementor-element-populated\">\n\t\t\t\t\t\t\t\t<div class=\"elementor-element elementor-element-98fe31b elementor-widget elementor-widget-icounter\" data-id=\"98fe31b\" data-element_type=\"widget\" data-widget_type=\"icounter.default\">\n\t\t\t\t<div class=\"elementor-widget-container\">\n\t\t\t\t\t\t\t\t    \t<div class=\"icounter ot-counter\">\r\n\t\t        \t<div>\r\n\t\t        \t\t<span class=\"num\" data-to=\"3\" data-time= \"2000\"><\/span>\r\n\t\t        \t\t<span><\/span>\r\n\t\t        \t<\/div>\r\n\t\t        \t<h6>Countries<\/h6>      \t\t\t\t        \r\n\t\t\t    <\/div>\r\n\t\t    \t    \t\t<\/div>\n\t\t\t\t<\/div>\n\t\t\t\t\t<\/div>\n\t\t<\/div>\n\t\t\t\t<div class=\"elementor-column elementor-col-25 elementor-inner-column elementor-element elementor-element-21ad29d ot-flex-column-vertical\" data-id=\"21ad29d\" data-element_type=\"column\">\n\t\t\t<div class=\"elementor-widget-wrap elementor-element-populated\">\n\t\t\t\t\t\t\t\t<div class=\"elementor-element elementor-element-67ef887 elementor-widget elementor-widget-icounter\" data-id=\"67ef887\" data-element_type=\"widget\" data-widget_type=\"icounter.default\">\n\t\t\t\t<div class=\"elementor-widget-container\">\n\t\t\t\t\t\t\t\t    \t<div class=\"icounter ot-counter\">\r\n\t\t        \t<div>\r\n\t\t        \t\t<span class=\"num\" data-to=\"12000\" data-time= \"2000\"><\/span>\r\n\t\t        \t\t<span>+<\/span>\r\n\t\t        \t<\/div>\r\n\t\t        \t<h6>Team Members<\/h6>      \t\t\t\t        \r\n\t\t\t    <\/div>\r\n\t\t    \t    \t\t<\/div>\n\t\t\t\t<\/div>\n\t\t\t\t\t<\/div>\n\t\t<\/div>\n\t\t\t\t<div class=\"elementor-column elementor-col-25 elementor-inner-column elementor-element elementor-element-6c440c4 ot-flex-column-vertical\" data-id=\"6c440c4\" data-element_type=\"column\">\n\t\t\t<div class=\"elementor-widget-wrap elementor-element-populated\">\n\t\t\t\t\t\t\t\t<div class=\"elementor-element elementor-element-b2580b2 elementor-widget elementor-widget-icounter\" data-id=\"b2580b2\" data-element_type=\"widget\" data-widget_type=\"icounter.default\">\n\t\t\t\t<div class=\"elementor-widget-container\">\n\t\t\t\t\t\t\t\t    \t<div class=\"icounter ot-counter\">\r\n\t\t        \t<div>\r\n\t\t        \t\t<span class=\"num\" data-to=\"300\" data-time= \"2000\"><\/span>\r\n\t\t        \t\t<span>+<\/span>\r\n\t\t        \t<\/div>\r\n\t\t        \t<h6>Clients<\/h6>      \t\t\t\t        \r\n\t\t\t    <\/div>\r\n\t\t    \t    \t\t<\/div>\n\t\t\t\t<\/div>\n\t\t\t\t\t<\/div>\n\t\t<\/div>\n\t\t\t\t\t\t\t<\/div>\n\t\t<\/section>\n\t\t\t\t\t<\/div>\n\t\t<\/div>\n\t\t\t\t\t\t\t<\/div>\n\t\t<\/section>\n\t\t\t\t\t\t\t<\/div>\n\t\t","protected":false},"excerpt":{"rendered":"<p>\/\/ GrupoExpro is present Asia-Pacific, Europe, Oceania, and the Americas. Am\u00e9rica Presence in Chile, Colombia, Brazil and Peru. Asia-Pacific Presence in Japan, Shanghai, Hong Kong, Guam, India, Indonesia, Thailand, Vietnam, Cambodia, Malaysia, and Singapore. Ocean\u00eda Australia and New Zealand. Europa Presence in United Kingdom, Belgium, France, Germany, Moldova, Netherlands, Czech Republic, Slovakia, Bulgaria, Hungary, Poland, [&hellip;]<\/p>\n","protected":false},"author":1,"featured_media":0,"parent":0,"menu_order":0,"comment_status":"closed","ping_status":"closed","template":"","meta":{"footnotes":""},"class_list":["post-5325","page","type-page","status-publish","hentry"],"yoast_head":"<!-- This site is optimized with the Yoast SEO plugin v25.1 - https:\/\/yoast.com\/wordpress\/plugins\/seo\/ -->\n<title>Head Office \/\/ Services and Solutions from Japan to the World. - GrupoExpro procesos estrat\u00e9gicos y soluciones de personal<\/title>\n<meta name=\"description\" content=\"Tenemos presencia mundial con altos est\u00e1ndares de cumplimiento laboral, seguridad y satisfacci\u00f3n de clientes.\" \/>\n<meta name=\"robots\" content=\"index, follow, max-snippet:-1, max-image-preview:large, max-video-preview:-1\" \/>\n<link rel=\"canonical\" href=\"https:\/\/grupoexpro.com\/english\/head-office\/\" \/>\n<meta property=\"og:locale\" content=\"es_ES\" \/>\n<meta property=\"og:type\" content=\"article\" \/>\n<meta property=\"og:title\" content=\"Head Office \/\/ Services and Solutions from Japan to the World. - GrupoExpro procesos estrat\u00e9gicos y soluciones de personal\" \/>\n<meta property=\"og:description\" content=\"Tenemos presencia mundial con altos est\u00e1ndares de cumplimiento laboral, seguridad y satisfacci\u00f3n de clientes.\" \/>\n<meta property=\"og:url\" content=\"https:\/\/grupoexpro.com\/english\/head-office\/\" \/>\n<meta property=\"og:site_name\" content=\"GrupoExpro\" \/>\n<meta property=\"article:publisher\" content=\"https:\/\/www.facebook.com\/GrupoExpro.Chile\/\" \/>\n<meta property=\"article:modified_time\" content=\"2026-01-22T15:49:27+00:00\" \/>\n<meta property=\"og:image\" content=\"https:\/\/grupoexpro.com\/english\/wp-content\/uploads\/2023\/10\/rrss-1.jpg\" \/>\n\t<meta property=\"og:image:width\" content=\"1200\" \/>\n\t<meta property=\"og:image:height\" content=\"675\" \/>\n\t<meta property=\"og:image:type\" content=\"image\/jpeg\" \/>\n<meta name=\"twitter:card\" content=\"summary_large_image\" \/>\n<meta name=\"twitter:site\" content=\"@grupoExpro\" \/>\n<meta name=\"twitter:label1\" content=\"Tiempo de lectura\" \/>\n\t<meta name=\"twitter:data1\" content=\"1 minuto\" \/>\n<script type=\"application\/ld+json\" class=\"yoast-schema-graph\">{\"@context\":\"https:\/\/schema.org\",\"@graph\":[{\"@type\":\"WebPage\",\"@id\":\"https:\/\/grupoexpro.com\/english\/head-office\/\",\"url\":\"https:\/\/grupoexpro.com\/english\/head-office\/\",\"name\":\"Head Office \/\/ Services and Solutions from Japan to the World. - GrupoExpro procesos estrat\u00e9gicos y soluciones de personal\",\"isPartOf\":{\"@id\":\"https:\/\/grupoexpro.com\/english\/#website\"},\"primaryImageOfPage\":{\"@id\":\"https:\/\/grupoexpro.com\/english\/head-office\/#primaryimage\"},\"image\":{\"@id\":\"https:\/\/grupoexpro.com\/english\/head-office\/#primaryimage\"},\"thumbnailUrl\":\"https:\/\/grupoexpro.com\/english\/wp-content\/uploads\/2023\/03\/bg_home_matriz.png\",\"datePublished\":\"2023-03-07T19:25:23+00:00\",\"dateModified\":\"2026-01-22T15:49:27+00:00\",\"description\":\"Tenemos presencia mundial con altos est\u00e1ndares de cumplimiento laboral, seguridad y satisfacci\u00f3n de clientes.\",\"breadcrumb\":{\"@id\":\"https:\/\/grupoexpro.com\/english\/head-office\/#breadcrumb\"},\"inLanguage\":\"es\",\"potentialAction\":[{\"@type\":\"ReadAction\",\"target\":[\"https:\/\/grupoexpro.com\/english\/head-office\/\"]}]},{\"@type\":\"ImageObject\",\"inLanguage\":\"es\",\"@id\":\"https:\/\/grupoexpro.com\/english\/head-office\/#primaryimage\",\"url\":\"https:\/\/grupoexpro.com\/english\/wp-content\/uploads\/2023\/03\/bg_home_matriz.png\",\"contentUrl\":\"https:\/\/grupoexpro.com\/english\/wp-content\/uploads\/2023\/03\/bg_home_matriz.png\",\"width\":1207,\"height\":657},{\"@type\":\"BreadcrumbList\",\"@id\":\"https:\/\/grupoexpro.com\/english\/head-office\/#breadcrumb\",\"itemListElement\":[{\"@type\":\"ListItem\",\"position\":1,\"name\":\"Portada\",\"item\":\"https:\/\/grupoexpro.com\/english\/\"},{\"@type\":\"ListItem\",\"position\":2,\"name\":\"Head Office \/\/ Services and Solutions from Japan to the World.\"}]},{\"@type\":\"WebSite\",\"@id\":\"https:\/\/grupoexpro.com\/english\/#website\",\"url\":\"https:\/\/grupoexpro.com\/english\/\",\"name\":\"GrupoExpro\",\"description\":\"Web\",\"publisher\":{\"@id\":\"https:\/\/grupoexpro.com\/english\/#organization\"},\"alternateName\":\"GrupoExpro\",\"inLanguage\":\"es\"},{\"@type\":\"Organization\",\"@id\":\"https:\/\/grupoexpro.com\/english\/#organization\",\"name\":\"GrupoExpro\",\"alternateName\":\"GrupoExpro\",\"url\":\"https:\/\/grupoexpro.com\/english\/\",\"logo\":{\"@type\":\"ImageObject\",\"inLanguage\":\"es\",\"@id\":\"https:\/\/grupoexpro.com\/english\/#\/schema\/logo\/image\/\",\"url\":\"https:\/\/grupoexpro.com\/english\/wp-content\/uploads\/2023\/10\/rrss.jpg\",\"contentUrl\":\"https:\/\/grupoexpro.com\/english\/wp-content\/uploads\/2023\/10\/rrss.jpg\",\"width\":1200,\"height\":600,\"caption\":\"GrupoExpro\"},\"image\":{\"@id\":\"https:\/\/grupoexpro.com\/english\/#\/schema\/logo\/image\/\"},\"sameAs\":[\"https:\/\/www.facebook.com\/GrupoExpro.Chile\/\",\"https:\/\/x.com\/grupoExpro\",\"https:\/\/www.linkedin.com\/company\/grupo-expro\/\",\"https:\/\/www.instagram.com\/grupo_expro\/?hl=es-la\"]}]}<\/script>\n<!-- \/ Yoast SEO plugin. -->","yoast_head_json":{"title":"Head Office \/\/ Services and Solutions from Japan to the World. - GrupoExpro procesos estrat\u00e9gicos y soluciones de personal","description":"Tenemos presencia mundial con altos est\u00e1ndares de cumplimiento laboral, seguridad y satisfacci\u00f3n de clientes.","robots":{"index":"index","follow":"follow","max-snippet":"max-snippet:-1","max-image-preview":"max-image-preview:large","max-video-preview":"max-video-preview:-1"},"canonical":"https:\/\/grupoexpro.com\/english\/head-office\/","og_locale":"es_ES","og_type":"article","og_title":"Head Office \/\/ Services and Solutions from Japan to the World. - GrupoExpro procesos estrat\u00e9gicos y soluciones de personal","og_description":"Tenemos presencia mundial con altos est\u00e1ndares de cumplimiento laboral, seguridad y satisfacci\u00f3n de clientes.","og_url":"https:\/\/grupoexpro.com\/english\/head-office\/","og_site_name":"GrupoExpro","article_publisher":"https:\/\/www.facebook.com\/GrupoExpro.Chile\/","article_modified_time":"2026-01-22T15:49:27+00:00","og_image":[{"width":1200,"height":675,"url":"https:\/\/grupoexpro.com\/english\/wp-content\/uploads\/2023\/10\/rrss-1.jpg","type":"image\/jpeg"}],"twitter_card":"summary_large_image","twitter_site":"@grupoExpro","twitter_misc":{"Tiempo de lectura":"1 minuto"},"schema":{"@context":"https:\/\/schema.org","@graph":[{"@type":"WebPage","@id":"https:\/\/grupoexpro.com\/english\/head-office\/","url":"https:\/\/grupoexpro.com\/english\/head-office\/","name":"Head Office \/\/ Services and Solutions from Japan to the World. - GrupoExpro procesos estrat\u00e9gicos y soluciones de personal","isPartOf":{"@id":"https:\/\/grupoexpro.com\/english\/#website"},"primaryImageOfPage":{"@id":"https:\/\/grupoexpro.com\/english\/head-office\/#primaryimage"},"image":{"@id":"https:\/\/grupoexpro.com\/english\/head-office\/#primaryimage"},"thumbnailUrl":"https:\/\/grupoexpro.com\/english\/wp-content\/uploads\/2023\/03\/bg_home_matriz.png","datePublished":"2023-03-07T19:25:23+00:00","dateModified":"2026-01-22T15:49:27+00:00","description":"Tenemos presencia mundial con altos est\u00e1ndares de cumplimiento laboral, seguridad y satisfacci\u00f3n de clientes.","breadcrumb":{"@id":"https:\/\/grupoexpro.com\/english\/head-office\/#breadcrumb"},"inLanguage":"es","potentialAction":[{"@type":"ReadAction","target":["https:\/\/grupoexpro.com\/english\/head-office\/"]}]},{"@type":"ImageObject","inLanguage":"es","@id":"https:\/\/grupoexpro.com\/english\/head-office\/#primaryimage","url":"https:\/\/grupoexpro.com\/english\/wp-content\/uploads\/2023\/03\/bg_home_matriz.png","contentUrl":"https:\/\/grupoexpro.com\/english\/wp-content\/uploads\/2023\/03\/bg_home_matriz.png","width":1207,"height":657},{"@type":"BreadcrumbList","@id":"https:\/\/grupoexpro.com\/english\/head-office\/#breadcrumb","itemListElement":[{"@type":"ListItem","position":1,"name":"Portada","item":"https:\/\/grupoexpro.com\/english\/"},{"@type":"ListItem","position":2,"name":"Head Office \/\/ Services and Solutions from Japan to the World."}]},{"@type":"WebSite","@id":"https:\/\/grupoexpro.com\/english\/#website","url":"https:\/\/grupoexpro.com\/english\/","name":"GrupoExpro","description":"Web","publisher":{"@id":"https:\/\/grupoexpro.com\/english\/#organization"},"alternateName":"GrupoExpro","inLanguage":"es"},{"@type":"Organization","@id":"https:\/\/grupoexpro.com\/english\/#organization","name":"GrupoExpro","alternateName":"GrupoExpro","url":"https:\/\/grupoexpro.com\/english\/","logo":{"@type":"ImageObject","inLanguage":"es","@id":"https:\/\/grupoexpro.com\/english\/#\/schema\/logo\/image\/","url":"https:\/\/grupoexpro.com\/english\/wp-content\/uploads\/2023\/10\/rrss.jpg","contentUrl":"https:\/\/grupoexpro.com\/english\/wp-content\/uploads\/2023\/10\/rrss.jpg","width":1200,"height":600,"caption":"GrupoExpro"},"image":{"@id":"https:\/\/grupoexpro.com\/english\/#\/schema\/logo\/image\/"},"sameAs":["https:\/\/www.facebook.com\/GrupoExpro.Chile\/","https:\/\/x.com\/grupoExpro","https:\/\/www.linkedin.com\/company\/grupo-expro\/","https:\/\/www.instagram.com\/grupo_expro\/?hl=es-la"]}]}},"_links":{"self":[{"href":"https:\/\/grupoexpro.com\/english\/wp-json\/wp\/v2\/pages\/5325","targetHints":{"allow":["GET"]}}],"collection":[{"href":"https:\/\/grupoexpro.com\/english\/wp-json\/wp\/v2\/pages"}],"about":[{"href":"https:\/\/grupoexpro.com\/english\/wp-json\/wp\/v2\/types\/page"}],"author":[{"embeddable":true,"href":"https:\/\/grupoexpro.com\/english\/wp-json\/wp\/v2\/users\/1"}],"replies":[{"embeddable":true,"href":"https:\/\/grupoexpro.com\/english\/wp-json\/wp\/v2\/comments?post=5325"}],"version-history":[{"count":0,"href":"https:\/\/grupoexpro.com\/english\/wp-json\/wp\/v2\/pages\/5325\/revisions"}],"wp:attachment":[{"href":"https:\/\/grupoexpro.com\/english\/wp-json\/wp\/v2\/media?parent=5325"}],"curies":[{"name":"wp","href":"https:\/\/api.w.org\/{rel}","templated":true}]}}