{"id":5481,"date":"2023-03-08T18:38:19","date_gmt":"2023-03-08T18:38:19","guid":{"rendered":"https:\/\/new.grupoexpro.com\/?page_id=5481"},"modified":"2025-10-28T18:37:05","modified_gmt":"2025-10-28T18:37:05","slug":"our-employees","status":"publish","type":"page","link":"https:\/\/grupoexpro.com\/english\/our-employees\/","title":{"rendered":"Our employees"},"content":{"rendered":"\t\t<div data-elementor-type=\"wp-page\" data-elementor-id=\"5481\" class=\"elementor elementor-5481\">\n\t\t\t\t\t\t\t\t\t<section class=\"elementor-section elementor-top-section elementor-element elementor-element-451f8ef elementor-section-content-middle ot-traditional elementor-section-boxed elementor-section-height-default elementor-section-height-default\" data-id=\"451f8ef\" data-element_type=\"section\" data-settings=\"{&quot;background_background&quot;:&quot;classic&quot;}\" data-e-bg-lazyload=\"\">\n\t\t\t\t\t\t<div class=\"elementor-container elementor-column-gap-extended\">\n\t\t\t\t\t<div class=\"elementor-column elementor-col-50 elementor-top-column elementor-element elementor-element-562bbd4 ot-flex-column-vertical\" data-id=\"562bbd4\" data-element_type=\"column\">\n\t\t\t<div class=\"elementor-widget-wrap elementor-element-populated\">\n\t\t\t\t\t\t\t\t<div class=\"elementor-element elementor-element-aba87a7 elementor-widget elementor-widget-image\" data-id=\"aba87a7\" data-element_type=\"widget\" data-widget_type=\"image.default\">\n\t\t\t\t<div class=\"elementor-widget-container\">\n\t\t\t<style>\/*! elementor - v3.11.3 - 07-03-2023 *\/\n.elementor-widget-image{text-align:center}.elementor-widget-image a{display:inline-block}.elementor-widget-image a img[src$=\".svg\"]{width:48px}.elementor-widget-image img{vertical-align:middle;display:inline-block}<\/style>\t\t\t\t\t\t\t\t\t\t\t\t<img loading=\"lazy\" decoding=\"async\" width=\"710\" height=\"697\" src=\"https:\/\/grupoexpro.com\/english\/wp-content\/uploads\/2025\/10\/colaboradores.jpg\" class=\"attachment-full size-full wp-image-17296\" alt=\"\" srcset=\"https:\/\/grupoexpro.com\/english\/wp-content\/uploads\/2025\/10\/colaboradores.jpg 710w, https:\/\/grupoexpro.com\/english\/wp-content\/uploads\/2025\/10\/colaboradores-300x295.jpg 300w\" sizes=\"auto, (max-width: 710px) 100vw, 710px\" \/>\t\t\t\t\t\t\t\t\t\t\t\t\t\t\t<\/div>\n\t\t\t\t<\/div>\n\t\t\t\t\t<\/div>\n\t\t<\/div>\n\t\t\t\t<div class=\"elementor-column elementor-col-50 elementor-top-column elementor-element elementor-element-f345455 ot-flex-column-vertical\" data-id=\"f345455\" data-element_type=\"column\">\n\t\t\t<div class=\"elementor-widget-wrap elementor-element-populated\">\n\t\t\t\t\t\t\t\t<div class=\"elementor-element elementor-element-80734a5 elementor-widget elementor-widget-iheading\" data-id=\"80734a5\" data-element_type=\"widget\" data-widget_type=\"iheading.default\">\n\t\t\t\t<div class=\"elementor-widget-container\">\n\t\t\t\t\t<div class=\"ot-heading\">\r\n\t        <h2 class=\"main-heading\">Our employees<\/h2>\t    <\/div>\r\n\t    \t\t<\/div>\n\t\t\t\t<\/div>\n\t\t\t\t<div class=\"elementor-element elementor-element-e2149c2 elementor-widget elementor-widget-text-editor\" data-id=\"e2149c2\" data-element_type=\"widget\" data-widget_type=\"text-editor.default\">\n\t\t\t\t<div class=\"elementor-widget-container\">\n\t\t\t<style>\/*! elementor - v3.11.3 - 07-03-2023 *\/\n.elementor-widget-text-editor.elementor-drop-cap-view-stacked .elementor-drop-cap{background-color:#818a91;color:#fff}.elementor-widget-text-editor.elementor-drop-cap-view-framed .elementor-drop-cap{color:#818a91;border:3px solid;background-color:transparent}.elementor-widget-text-editor:not(.elementor-drop-cap-view-default) .elementor-drop-cap{margin-top:8px}.elementor-widget-text-editor:not(.elementor-drop-cap-view-default) .elementor-drop-cap-letter{width:1em;height:1em}.elementor-widget-text-editor .elementor-drop-cap{float:left;text-align:center;line-height:1;font-size:50px}.elementor-widget-text-editor .elementor-drop-cap-letter{display:inline-block}<\/style>\t\t\t\t<p>We develop Human Capital through training and retaining talent y providing benefits for employees, which are enhanced each year.<\/p>\t\t\t\t\t\t<\/div>\n\t\t\t\t<\/div>\n\t\t\t\t<div class=\"elementor-element elementor-element-60cada2 elementor-widget elementor-widget-iheading\" data-id=\"60cada2\" data-element_type=\"widget\" data-widget_type=\"iheading.default\">\n\t\t\t\t<div class=\"elementor-widget-container\">\n\t\t\t\t\t<div class=\"ot-heading\">\r\n\t        <h2 class=\"main-heading\">Social and\/or Economic Incentive Systems<\/h2>\t    <\/div>\r\n\t    \t\t<\/div>\n\t\t\t\t<\/div>\n\t\t\t\t<div class=\"elementor-element elementor-element-73a1cbd elementor-widget elementor-widget-text-editor\" data-id=\"73a1cbd\" data-element_type=\"widget\" data-widget_type=\"text-editor.default\">\n\t\t\t\t<div class=\"elementor-widget-container\">\n\t\t\t\t\t\t\t<p>GrupoExpro has defined strategic alliances with organizations such as Mutual Insurance Company, Santiago Chamber of Commerce, OTIC of the Chilean Chamber of Construction, and the Los Andes Compensation Fund, which provide financial resources and\/or non-monetary incentives as a method for recognizing workers.<\/p>\t\t\t\t\t\t<\/div>\n\t\t\t\t<\/div>\n\t\t\t\t\t<\/div>\n\t\t<\/div>\n\t\t\t\t\t\t\t<\/div>\n\t\t<\/section>\n\t\t\t\t<section class=\"elementor-section elementor-top-section elementor-element elementor-element-71ced50 ot-traditional elementor-section-boxed elementor-section-height-default elementor-section-height-default\" data-id=\"71ced50\" data-element_type=\"section\">\n\t\t\t\t\t\t<div class=\"elementor-container elementor-column-gap-default\">\n\t\t\t\t\t<div class=\"elementor-column elementor-col-100 elementor-top-column elementor-element elementor-element-1b5c7ab ot-flex-column-vertical\" data-id=\"1b5c7ab\" data-element_type=\"column\">\n\t\t\t<div class=\"elementor-widget-wrap elementor-element-populated\">\n\t\t\t\t\t\t\t\t<section class=\"elementor-section elementor-inner-section elementor-element elementor-element-7bee2bd elementor-section-full_width ot-traditional elementor-section-height-default elementor-section-height-default\" data-id=\"7bee2bd\" data-element_type=\"section\">\n\t\t\t\t\t\t<div class=\"elementor-container elementor-column-gap-extended\">\n\t\t\t\t\t<div class=\"elementor-column elementor-col-25 elementor-inner-column elementor-element elementor-element-a2d14cf ot-flex-column-vertical\" data-id=\"a2d14cf\" data-element_type=\"column\">\n\t\t\t<div class=\"elementor-widget-wrap elementor-element-populated\">\n\t\t\t\t\t\t\t\t<div class=\"elementor-element elementor-element-0fa68ac elementor-widget elementor-widget-iserv_box_2\" data-id=\"0fa68ac\" data-element_type=\"widget\" data-widget_type=\"iserv_box_2.default\">\n\t\t\t\t<div class=\"elementor-widget-container\">\n\t\t\t\r\n\t\t<div class=\"serv-box-2 s2\">\r\n\t\t\t<span class=\"big-number\">01<\/span>\r\n\t\t\t<div class=\"icon-main\">\r\n\t\t        <i aria-hidden=\"true\" class=\"far fa-comments\"><\/i>\t\t\t    \t\t        \t        <\/div>\r\n\t        <div class=\"content-box\">\r\n\t            <h5>FAQs<\/h5>\r\n\t\t\t\t<div>Here you will find a \nFAQs list on\nvarious topics.\n\n<br><br><br><br><\/div>\r\n\t\t\t\t<a href=\"https:\/\/grupoexpro.com\/english\/faq\/\" class=\"btn-details\"><i class=\"flaticon-right-arrow-1\"><\/i>SEE MORE<\/a>\r\n\t        <\/div>\r\n\t    <\/div>\r\n\r\n\t    \t\t<\/div>\n\t\t\t\t<\/div>\n\t\t\t\t\t<\/div>\n\t\t<\/div>\n\t\t\t\t<div class=\"elementor-column elementor-col-25 elementor-inner-column elementor-element elementor-element-0f25b13 ot-flex-column-vertical\" data-id=\"0f25b13\" data-element_type=\"column\">\n\t\t\t<div class=\"elementor-widget-wrap elementor-element-populated\">\n\t\t\t\t\t\t\t\t<div class=\"elementor-element elementor-element-96a8c52 elementor-widget elementor-widget-iserv_box_2\" data-id=\"96a8c52\" data-element_type=\"widget\" data-widget_type=\"iserv_box_2.default\">\n\t\t\t\t<div class=\"elementor-widget-container\">\n\t\t\t\r\n\t\t<div class=\"serv-box-2 s2\">\r\n\t\t\t<span class=\"big-number\">02<\/span>\r\n\t\t\t<div class=\"icon-main\">\r\n\t\t        <i aria-hidden=\"true\" class=\"fas fa-book-reader\"><\/i>\t\t\t    \t\t        \t        <\/div>\r\n\t        <div class=\"content-box\">\r\n\t            <h5>Training<\/h5>\r\n\t\t\t\t<div>Our employees are trained\non various topics related\nto their roles in order to\nenhance their professional \nand personal skills.\n<\/div>\r\n\t\t\t\t<a href=\"https:\/\/grupoexpro.com\/english\/training\" class=\"btn-details\"><i class=\"flaticon-right-arrow-1\"><\/i>SEE MORE<\/a>\r\n\t        <\/div>\r\n\t    <\/div>\r\n\r\n\t    \t\t<\/div>\n\t\t\t\t<\/div>\n\t\t\t\t\t<\/div>\n\t\t<\/div>\n\t\t\t\t<div class=\"elementor-column elementor-col-25 elementor-inner-column elementor-element elementor-element-2bf37fe ot-flex-column-vertical\" data-id=\"2bf37fe\" data-element_type=\"column\">\n\t\t\t<div class=\"elementor-widget-wrap elementor-element-populated\">\n\t\t\t\t\t\t\t\t<div class=\"elementor-element elementor-element-4431020 elementor-widget elementor-widget-iserv_box_2\" data-id=\"4431020\" data-element_type=\"widget\" data-widget_type=\"iserv_box_2.default\">\n\t\t\t\t<div class=\"elementor-widget-container\">\n\t\t\t\r\n\t\t<div class=\"serv-box-2 s2\">\r\n\t\t\t<span class=\"big-number\">03<\/span>\r\n\t\t\t<div class=\"icon-main\">\r\n\t\t        <i aria-hidden=\"true\" class=\"far fa-thumbs-up\"><\/i>\t\t\t    \t\t        \t        <\/div>\r\n\t        <div class=\"content-box\">\r\n\t            <h5>Health and Safety<\/h5>\r\n\t\t\t\t<div>Your safety is crucial.\nTaking care of yourself\nprevents accidents.\n<br><br><br><\/div>\r\n\t\t\t\t<a href=\"https:\/\/grupoexpro.com\/english\/health-and-safety\/\" class=\"btn-details\"><i class=\"flaticon-right-arrow-1\"><\/i>SEE MORE<\/a>\r\n\t        <\/div>\r\n\t    <\/div>\r\n\r\n\t    \t\t<\/div>\n\t\t\t\t<\/div>\n\t\t\t\t\t<\/div>\n\t\t<\/div>\n\t\t\t\t<div class=\"elementor-column elementor-col-25 elementor-inner-column elementor-element elementor-element-b48d01e ot-flex-column-vertical\" data-id=\"b48d01e\" data-element_type=\"column\">\n\t\t\t<div class=\"elementor-widget-wrap elementor-element-populated\">\n\t\t\t\t\t\t\t\t<div class=\"elementor-element elementor-element-db5fbb1 elementor-widget elementor-widget-iserv_box_2\" data-id=\"db5fbb1\" data-element_type=\"widget\" data-widget_type=\"iserv_box_2.default\">\n\t\t\t\t<div class=\"elementor-widget-container\">\n\t\t\t\r\n\t\t<div class=\"serv-box-2 s2\">\r\n\t\t\t<span class=\"big-number\">04<\/span>\r\n\t\t\t<div class=\"icon-main\">\r\n\t\t        <i aria-hidden=\"true\" class=\"far fa-check-circle\"><\/i>\t\t\t    \t\t        \t        <\/div>\r\n\t        <div class=\"content-box\">\r\n\t            <h5>Benefits<\/h5>\r\n\t\t\t\t<div>We develop Human\nCapital through training\nand retaining talent by \nproviding benefits for your\nemployees.\n<br><br><\/div>\r\n\t\t\t\t<a href=\"https:\/\/grupoexpro.com\/english\/benefits\/\" class=\"btn-details\"><i class=\"flaticon-right-arrow-1\"><\/i>SEE MORE<\/a>\r\n\t        <\/div>\r\n\t    <\/div>\r\n\r\n\t    \t\t<\/div>\n\t\t\t\t<\/div>\n\t\t\t\t\t<\/div>\n\t\t<\/div>\n\t\t\t\t\t\t\t<\/div>\n\t\t<\/section>\n\t\t\t\t\t<\/div>\n\t\t<\/div>\n\t\t\t\t\t\t\t<\/div>\n\t\t<\/section>\n\t\t\t\t<section class=\"elementor-section elementor-top-section elementor-element elementor-element-f480cbc ot-traditional elementor-section-boxed elementor-section-height-default elementor-section-height-default\" data-id=\"f480cbc\" data-element_type=\"section\">\n\t\t\t\t\t\t<div class=\"elementor-container elementor-column-gap-default\">\n\t\t\t\t\t<div class=\"elementor-column elementor-col-100 elementor-top-column elementor-element elementor-element-a6bb2d4 ot-flex-column-vertical\" data-id=\"a6bb2d4\" data-element_type=\"column\">\n\t\t\t<div class=\"elementor-widget-wrap elementor-element-populated\">\n\t\t\t\t\t\t\t\t<section class=\"elementor-section elementor-inner-section elementor-element elementor-element-eefa0fc elementor-section-full_width ot-traditional elementor-section-height-default elementor-section-height-default\" data-id=\"eefa0fc\" data-element_type=\"section\" data-settings=\"{&quot;background_background&quot;:&quot;gradient&quot;}\">\n\t\t\t\t\t\t<div class=\"elementor-container elementor-column-gap-extended\">\n\t\t\t\t\t<div class=\"elementor-column elementor-col-50 elementor-inner-column elementor-element elementor-element-69a0ab0 ot-flex-column-vertical\" data-id=\"69a0ab0\" data-element_type=\"column\">\n\t\t\t<div class=\"elementor-widget-wrap elementor-element-populated\">\n\t\t\t\t\t\t\t\t<div class=\"elementor-element elementor-element-da0f1f7 elementor-widget elementor-widget-iheading\" data-id=\"da0f1f7\" data-element_type=\"widget\" data-widget_type=\"iheading.default\">\n\t\t\t\t<div class=\"elementor-widget-container\">\n\t\t\t\t\t<div class=\"ot-heading\">\r\n\t        \t            <span>\/\/ LOG IN TO YOUR ACCOUNT AND\u2026<\/span>\r\n\t        <h2 class=\"main-heading\">Obtain the associated benefits<\/h2>\t    <\/div>\r\n\t    \t\t<\/div>\n\t\t\t\t<\/div>\n\t\t\t\t\t<\/div>\n\t\t<\/div>\n\t\t\t\t<div class=\"elementor-column elementor-col-50 elementor-inner-column elementor-element elementor-element-4020194 ot-flex-column-vertical\" data-id=\"4020194\" data-element_type=\"column\">\n\t\t\t<div class=\"elementor-widget-wrap elementor-element-populated\">\n\t\t\t\t\t\t\t\t<div class=\"elementor-element elementor-element-7d03fe1 elementor-align-right elementor-mobile-align-left elementor-widget elementor-widget-button\" data-id=\"7d03fe1\" data-element_type=\"widget\" data-widget_type=\"button.default\">\n\t\t\t\t<div class=\"elementor-widget-container\">\n\t\t\t\t\t<div class=\"elementor-button-wrapper\">\n\t\t\t<a href=\"https:\/\/portal.workges.com\" target=\"_blank\" class=\"elementor-button-link elementor-button elementor-size-md\" role=\"button\">\n\t\t\t\t\t\t<span class=\"elementor-button-content-wrapper\">\n\t\t\t\t\t\t<span class=\"elementor-button-text\">ENTER HERE<\/span>\n\t\t<\/span>\n\t\t\t\t\t<\/a>\n\t\t<\/div>\n\t\t\t\t<\/div>\n\t\t\t\t<\/div>\n\t\t\t\t\t<\/div>\n\t\t<\/div>\n\t\t\t\t\t\t\t<\/div>\n\t\t<\/section>\n\t\t\t\t\t<\/div>\n\t\t<\/div>\n\t\t\t\t\t\t\t<\/div>\n\t\t<\/section>\n\t\t\t\t\t\t\t<\/div>\n\t\t","protected":false},"excerpt":{"rendered":"<p>Our employees We develop Human Capital through training and retaining talent y providing benefits for employees, which are enhanced each year. Social and\/or Economic Incentive Systems GrupoExpro has defined strategic alliances with organizations such as Mutual Insurance Company, Santiago Chamber of Commerce, OTIC of the Chilean Chamber of Construction, and the Los Andes Compensation Fund, [&hellip;]<\/p>\n","protected":false},"author":1,"featured_media":0,"parent":0,"menu_order":0,"comment_status":"closed","ping_status":"closed","template":"","meta":{"footnotes":""},"class_list":["post-5481","page","type-page","status-publish","hentry"],"yoast_head":"<!-- This site is optimized with the Yoast SEO plugin v25.1 - https:\/\/yoast.com\/wordpress\/plugins\/seo\/ -->\n<title>GrupoExpro - Legal advisory services covering a wide range of labor and employment matters<\/title>\n<meta name=\"description\" content=\"Desarrollamos el Capital Humano a trav\u00e9s de la capacitaci\u00f3n y retenci\u00f3n de los talentos a trav\u00e9s de beneficios a los trabajadores.\" \/>\n<meta name=\"robots\" content=\"index, follow, max-snippet:-1, max-image-preview:large, max-video-preview:-1\" \/>\n<link rel=\"canonical\" href=\"https:\/\/grupoexpro.com\/english\/our-employees\/\" \/>\n<meta property=\"og:locale\" content=\"es_ES\" \/>\n<meta property=\"og:type\" content=\"article\" \/>\n<meta property=\"og:title\" content=\"GrupoExpro - Legal advisory services covering a wide range of labor and employment matters\" \/>\n<meta property=\"og:description\" content=\"Desarrollamos el Capital Humano a trav\u00e9s de la capacitaci\u00f3n y retenci\u00f3n de los talentos a trav\u00e9s de beneficios a los trabajadores.\" \/>\n<meta property=\"og:url\" content=\"https:\/\/grupoexpro.com\/english\/our-employees\/\" \/>\n<meta property=\"og:site_name\" content=\"GrupoExpro\" \/>\n<meta property=\"article:publisher\" content=\"https:\/\/www.facebook.com\/GrupoExpro.Chile\/\" \/>\n<meta property=\"article:modified_time\" content=\"2025-10-28T18:37:05+00:00\" \/>\n<meta property=\"og:image\" content=\"https:\/\/grupoexpro.com\/english\/wp-content\/uploads\/2023\/10\/rrss.jpg\" \/>\n\t<meta property=\"og:image:width\" content=\"1200\" \/>\n\t<meta property=\"og:image:height\" content=\"600\" \/>\n\t<meta property=\"og:image:type\" content=\"image\/jpeg\" \/>\n<meta name=\"twitter:card\" content=\"summary_large_image\" \/>\n<meta name=\"twitter:site\" content=\"@grupoExpro\" \/>\n<meta name=\"twitter:label1\" content=\"Tiempo de lectura\" \/>\n\t<meta name=\"twitter:data1\" content=\"1 minuto\" \/>\n<script type=\"application\/ld+json\" class=\"yoast-schema-graph\">{\"@context\":\"https:\/\/schema.org\",\"@graph\":[{\"@type\":\"WebPage\",\"@id\":\"https:\/\/grupoexpro.com\/english\/our-employees\/\",\"url\":\"https:\/\/grupoexpro.com\/english\/our-employees\/\",\"name\":\"GrupoExpro - Legal advisory services covering a wide range of labor and employment matters\",\"isPartOf\":{\"@id\":\"https:\/\/grupoexpro.com\/english\/#website\"},\"primaryImageOfPage\":{\"@id\":\"https:\/\/grupoexpro.com\/english\/our-employees\/#primaryimage\"},\"image\":{\"@id\":\"https:\/\/grupoexpro.com\/english\/our-employees\/#primaryimage\"},\"thumbnailUrl\":\"https:\/\/grupoexpro.com\/english\/wp-content\/uploads\/2025\/10\/colaboradores.jpg\",\"datePublished\":\"2023-03-08T18:38:19+00:00\",\"dateModified\":\"2025-10-28T18:37:05+00:00\",\"description\":\"Desarrollamos el Capital Humano a trav\u00e9s de la capacitaci\u00f3n y retenci\u00f3n de los talentos a trav\u00e9s de beneficios a los trabajadores.\",\"breadcrumb\":{\"@id\":\"https:\/\/grupoexpro.com\/english\/our-employees\/#breadcrumb\"},\"inLanguage\":\"es\",\"potentialAction\":[{\"@type\":\"ReadAction\",\"target\":[\"https:\/\/grupoexpro.com\/english\/our-employees\/\"]}]},{\"@type\":\"ImageObject\",\"inLanguage\":\"es\",\"@id\":\"https:\/\/grupoexpro.com\/english\/our-employees\/#primaryimage\",\"url\":\"https:\/\/grupoexpro.com\/english\/wp-content\/uploads\/2025\/10\/colaboradores.jpg\",\"contentUrl\":\"https:\/\/grupoexpro.com\/english\/wp-content\/uploads\/2025\/10\/colaboradores.jpg\",\"width\":710,\"height\":697},{\"@type\":\"BreadcrumbList\",\"@id\":\"https:\/\/grupoexpro.com\/english\/our-employees\/#breadcrumb\",\"itemListElement\":[{\"@type\":\"ListItem\",\"position\":1,\"name\":\"Portada\",\"item\":\"https:\/\/grupoexpro.com\/english\/\"},{\"@type\":\"ListItem\",\"position\":2,\"name\":\"Our employees\"}]},{\"@type\":\"WebSite\",\"@id\":\"https:\/\/grupoexpro.com\/english\/#website\",\"url\":\"https:\/\/grupoexpro.com\/english\/\",\"name\":\"GrupoExpro\",\"description\":\"Web\",\"publisher\":{\"@id\":\"https:\/\/grupoexpro.com\/english\/#organization\"},\"alternateName\":\"GrupoExpro\",\"inLanguage\":\"es\"},{\"@type\":\"Organization\",\"@id\":\"https:\/\/grupoexpro.com\/english\/#organization\",\"name\":\"GrupoExpro\",\"alternateName\":\"GrupoExpro\",\"url\":\"https:\/\/grupoexpro.com\/english\/\",\"logo\":{\"@type\":\"ImageObject\",\"inLanguage\":\"es\",\"@id\":\"https:\/\/grupoexpro.com\/english\/#\/schema\/logo\/image\/\",\"url\":\"https:\/\/grupoexpro.com\/english\/wp-content\/uploads\/2023\/10\/rrss.jpg\",\"contentUrl\":\"https:\/\/grupoexpro.com\/english\/wp-content\/uploads\/2023\/10\/rrss.jpg\",\"width\":1200,\"height\":600,\"caption\":\"GrupoExpro\"},\"image\":{\"@id\":\"https:\/\/grupoexpro.com\/english\/#\/schema\/logo\/image\/\"},\"sameAs\":[\"https:\/\/www.facebook.com\/GrupoExpro.Chile\/\",\"https:\/\/x.com\/grupoExpro\",\"https:\/\/www.linkedin.com\/company\/grupo-expro\/\",\"https:\/\/www.instagram.com\/grupo_expro\/?hl=es-la\"]}]}<\/script>\n<!-- \/ Yoast SEO plugin. -->","yoast_head_json":{"title":"GrupoExpro - Legal advisory services covering a wide range of labor and employment matters","description":"Desarrollamos el Capital Humano a trav\u00e9s de la capacitaci\u00f3n y retenci\u00f3n de los talentos a trav\u00e9s de beneficios a los trabajadores.","robots":{"index":"index","follow":"follow","max-snippet":"max-snippet:-1","max-image-preview":"max-image-preview:large","max-video-preview":"max-video-preview:-1"},"canonical":"https:\/\/grupoexpro.com\/english\/our-employees\/","og_locale":"es_ES","og_type":"article","og_title":"GrupoExpro - Legal advisory services covering a wide range of labor and employment matters","og_description":"Desarrollamos el Capital Humano a trav\u00e9s de la capacitaci\u00f3n y retenci\u00f3n de los talentos a trav\u00e9s de beneficios a los trabajadores.","og_url":"https:\/\/grupoexpro.com\/english\/our-employees\/","og_site_name":"GrupoExpro","article_publisher":"https:\/\/www.facebook.com\/GrupoExpro.Chile\/","article_modified_time":"2025-10-28T18:37:05+00:00","og_image":[{"width":1200,"height":600,"url":"https:\/\/grupoexpro.com\/english\/wp-content\/uploads\/2023\/10\/rrss.jpg","type":"image\/jpeg"}],"twitter_card":"summary_large_image","twitter_site":"@grupoExpro","twitter_misc":{"Tiempo de lectura":"1 minuto"},"schema":{"@context":"https:\/\/schema.org","@graph":[{"@type":"WebPage","@id":"https:\/\/grupoexpro.com\/english\/our-employees\/","url":"https:\/\/grupoexpro.com\/english\/our-employees\/","name":"GrupoExpro - Legal advisory services covering a wide range of labor and employment matters","isPartOf":{"@id":"https:\/\/grupoexpro.com\/english\/#website"},"primaryImageOfPage":{"@id":"https:\/\/grupoexpro.com\/english\/our-employees\/#primaryimage"},"image":{"@id":"https:\/\/grupoexpro.com\/english\/our-employees\/#primaryimage"},"thumbnailUrl":"https:\/\/grupoexpro.com\/english\/wp-content\/uploads\/2025\/10\/colaboradores.jpg","datePublished":"2023-03-08T18:38:19+00:00","dateModified":"2025-10-28T18:37:05+00:00","description":"Desarrollamos el Capital Humano a trav\u00e9s de la capacitaci\u00f3n y retenci\u00f3n de los talentos a trav\u00e9s de beneficios a los trabajadores.","breadcrumb":{"@id":"https:\/\/grupoexpro.com\/english\/our-employees\/#breadcrumb"},"inLanguage":"es","potentialAction":[{"@type":"ReadAction","target":["https:\/\/grupoexpro.com\/english\/our-employees\/"]}]},{"@type":"ImageObject","inLanguage":"es","@id":"https:\/\/grupoexpro.com\/english\/our-employees\/#primaryimage","url":"https:\/\/grupoexpro.com\/english\/wp-content\/uploads\/2025\/10\/colaboradores.jpg","contentUrl":"https:\/\/grupoexpro.com\/english\/wp-content\/uploads\/2025\/10\/colaboradores.jpg","width":710,"height":697},{"@type":"BreadcrumbList","@id":"https:\/\/grupoexpro.com\/english\/our-employees\/#breadcrumb","itemListElement":[{"@type":"ListItem","position":1,"name":"Portada","item":"https:\/\/grupoexpro.com\/english\/"},{"@type":"ListItem","position":2,"name":"Our employees"}]},{"@type":"WebSite","@id":"https:\/\/grupoexpro.com\/english\/#website","url":"https:\/\/grupoexpro.com\/english\/","name":"GrupoExpro","description":"Web","publisher":{"@id":"https:\/\/grupoexpro.com\/english\/#organization"},"alternateName":"GrupoExpro","inLanguage":"es"},{"@type":"Organization","@id":"https:\/\/grupoexpro.com\/english\/#organization","name":"GrupoExpro","alternateName":"GrupoExpro","url":"https:\/\/grupoexpro.com\/english\/","logo":{"@type":"ImageObject","inLanguage":"es","@id":"https:\/\/grupoexpro.com\/english\/#\/schema\/logo\/image\/","url":"https:\/\/grupoexpro.com\/english\/wp-content\/uploads\/2023\/10\/rrss.jpg","contentUrl":"https:\/\/grupoexpro.com\/english\/wp-content\/uploads\/2023\/10\/rrss.jpg","width":1200,"height":600,"caption":"GrupoExpro"},"image":{"@id":"https:\/\/grupoexpro.com\/english\/#\/schema\/logo\/image\/"},"sameAs":["https:\/\/www.facebook.com\/GrupoExpro.Chile\/","https:\/\/x.com\/grupoExpro","https:\/\/www.linkedin.com\/company\/grupo-expro\/","https:\/\/www.instagram.com\/grupo_expro\/?hl=es-la"]}]}},"_links":{"self":[{"href":"https:\/\/grupoexpro.com\/english\/wp-json\/wp\/v2\/pages\/5481","targetHints":{"allow":["GET"]}}],"collection":[{"href":"https:\/\/grupoexpro.com\/english\/wp-json\/wp\/v2\/pages"}],"about":[{"href":"https:\/\/grupoexpro.com\/english\/wp-json\/wp\/v2\/types\/page"}],"author":[{"embeddable":true,"href":"https:\/\/grupoexpro.com\/english\/wp-json\/wp\/v2\/users\/1"}],"replies":[{"embeddable":true,"href":"https:\/\/grupoexpro.com\/english\/wp-json\/wp\/v2\/comments?post=5481"}],"version-history":[{"count":0,"href":"https:\/\/grupoexpro.com\/english\/wp-json\/wp\/v2\/pages\/5481\/revisions"}],"wp:attachment":[{"href":"https:\/\/grupoexpro.com\/english\/wp-json\/wp\/v2\/media?parent=5481"}],"curies":[{"name":"wp","href":"https:\/\/api.w.org\/{rel}","templated":true}]}}