{"id":5586,"date":"2023-03-08T23:38:21","date_gmt":"2023-03-08T23:38:21","guid":{"rendered":"https:\/\/new.grupoexpro.com\/?page_id=5586"},"modified":"2025-10-14T17:36:43","modified_gmt":"2025-10-14T17:36:43","slug":"health-and-safety","status":"publish","type":"page","link":"https:\/\/grupoexpro.com\/english\/health-and-safety\/","title":{"rendered":"Health and Safety"},"content":{"rendered":"\t\t<div data-elementor-type=\"wp-page\" data-elementor-id=\"5586\" class=\"elementor elementor-5586\">\n\t\t\t\t\t\t\t\t\t<section class=\"elementor-section elementor-top-section elementor-element elementor-element-66f1ce5 elementor-section-content-middle ot-traditional elementor-section-boxed elementor-section-height-default elementor-section-height-default\" data-id=\"66f1ce5\" data-element_type=\"section\" data-settings=\"{&quot;background_background&quot;:&quot;classic&quot;}\" data-e-bg-lazyload=\"\">\n\t\t\t\t\t\t<div class=\"elementor-container elementor-column-gap-extended\">\n\t\t\t\t\t<div class=\"elementor-column elementor-col-50 elementor-top-column elementor-element elementor-element-f9ff2ef ot-flex-column-vertical\" data-id=\"f9ff2ef\" data-element_type=\"column\">\n\t\t\t<div class=\"elementor-widget-wrap elementor-element-populated\">\n\t\t\t\t\t\t\t\t<div class=\"elementor-element elementor-element-60c229b elementor-widget elementor-widget-image\" data-id=\"60c229b\" data-element_type=\"widget\" data-widget_type=\"image.default\">\n\t\t\t\t<div class=\"elementor-widget-container\">\n\t\t\t<style>\/*! elementor - v3.11.3 - 07-03-2023 *\/\n.elementor-widget-image{text-align:center}.elementor-widget-image a{display:inline-block}.elementor-widget-image a img[src$=\".svg\"]{width:48px}.elementor-widget-image img{vertical-align:middle;display:inline-block}<\/style>\t\t\t\t\t\t\t\t\t\t\t\t<img loading=\"lazy\" decoding=\"async\" width=\"710\" height=\"697\" src=\"https:\/\/grupoexpro.com\/english\/wp-content\/uploads\/2023\/03\/mutual.png\" class=\"attachment-full size-full wp-image-5592\" alt=\"\" srcset=\"https:\/\/grupoexpro.com\/english\/wp-content\/uploads\/2023\/03\/mutual.png 710w, https:\/\/grupoexpro.com\/english\/wp-content\/uploads\/2023\/03\/mutual-300x295.png 300w\" sizes=\"auto, (max-width: 710px) 100vw, 710px\" \/>\t\t\t\t\t\t\t\t\t\t\t\t\t\t\t<\/div>\n\t\t\t\t<\/div>\n\t\t\t\t\t<\/div>\n\t\t<\/div>\n\t\t\t\t<div class=\"elementor-column elementor-col-50 elementor-top-column elementor-element elementor-element-e0cbe74 ot-flex-column-vertical\" data-id=\"e0cbe74\" data-element_type=\"column\">\n\t\t\t<div class=\"elementor-widget-wrap elementor-element-populated\">\n\t\t\t\t\t\t\t\t<div class=\"elementor-element elementor-element-b79a8cf elementor-widget elementor-widget-iheading\" data-id=\"b79a8cf\" data-element_type=\"widget\" data-widget_type=\"iheading.default\">\n\t\t\t\t<div class=\"elementor-widget-container\">\n\t\t\t\t\t<div class=\"ot-heading\">\r\n\t        <h2 class=\"main-heading\">Your safety is crucial. Taking care of yourself prevents accidents.<\/h2>\t    <\/div>\r\n\t    \t\t<\/div>\n\t\t\t\t<\/div>\n\t\t\t\t<div class=\"elementor-element elementor-element-324ed46 elementor-widget elementor-widget-text-editor\" data-id=\"324ed46\" data-element_type=\"widget\" data-widget_type=\"text-editor.default\">\n\t\t\t\t<div class=\"elementor-widget-container\">\n\t\t\t<style>\/*! elementor - v3.11.3 - 07-03-2023 *\/\n.elementor-widget-text-editor.elementor-drop-cap-view-stacked .elementor-drop-cap{background-color:#818a91;color:#fff}.elementor-widget-text-editor.elementor-drop-cap-view-framed .elementor-drop-cap{color:#818a91;border:3px solid;background-color:transparent}.elementor-widget-text-editor:not(.elementor-drop-cap-view-default) .elementor-drop-cap{margin-top:8px}.elementor-widget-text-editor:not(.elementor-drop-cap-view-default) .elementor-drop-cap-letter{width:1em;height:1em}.elementor-widget-text-editor .elementor-drop-cap{float:left;text-align:center;line-height:1;font-size:50px}.elementor-widget-text-editor .elementor-drop-cap-letter{display:inline-block}<\/style>\t\t\t\t<p>In the event of a work-related or commuting accident, you must go to the nearest Chilean Chamber of Construction\u2019s (CCHC) Mutual Insurance Assistance Center. Furthermore, you must notify GrupoExpro\u2019s Supervisor.<\/p>\t\t\t\t\t\t<\/div>\n\t\t\t\t<\/div>\n\t\t\t\t\t<\/div>\n\t\t<\/div>\n\t\t\t\t\t\t\t<\/div>\n\t\t<\/section>\n\t\t\t\t<section class=\"elementor-section elementor-top-section elementor-element elementor-element-cf4baeb elementor-section-content-middle ot-traditional elementor-section-boxed elementor-section-height-default elementor-section-height-default\" data-id=\"cf4baeb\" data-element_type=\"section\">\n\t\t\t\t\t\t\t<div class=\"elementor-background-overlay\"><\/div>\n\t\t\t\t\t\t\t<div class=\"elementor-container elementor-column-gap-extended\">\n\t\t\t\t\t<div class=\"elementor-column elementor-col-50 elementor-top-column elementor-element elementor-element-c335655 ot-flex-column-vertical\" data-id=\"c335655\" data-element_type=\"column\">\n\t\t\t<div class=\"elementor-widget-wrap elementor-element-populated\">\n\t\t\t\t\t\t\t\t<div class=\"elementor-element elementor-element-169e49f elementor-widget elementor-widget-iheading\" data-id=\"169e49f\" data-element_type=\"widget\" data-widget_type=\"iheading.default\">\n\t\t\t\t<div class=\"elementor-widget-container\">\n\t\t\t\t\t<div class=\"ot-heading\">\r\n\t        <h2 class=\"main-heading\">Ask here<\/h2>\t    <\/div>\r\n\t    \t\t<\/div>\n\t\t\t\t<\/div>\n\t\t\t\t<div class=\"elementor-element elementor-element-85dc657 elementor-widget elementor-widget-text-editor\" data-id=\"85dc657\" data-element_type=\"widget\" data-widget_type=\"text-editor.default\">\n\t\t\t\t<div class=\"elementor-widget-container\">\n\t\t\t\t\t\t\t<div class=\"elementor-element elementor-element-d1b9e95 elementor-widget elementor-widget-text-editor\" data-id=\"d1b9e95\" data-element_type=\"widget\" data-widget_type=\"text-editor.default\">\n<div class=\"elementor-widget-container\">\n<h5 class=\"item--title st-default\">If you are a <span style=\"color: #3366ff;\"><b>worker<\/b><\/span> and need any information on how to access or use the Mutual Insurance, please write to us here<\/h5>\n<span class=\"VIiyi\" lang=\"es\">\u00a0<\/span>\n\n<\/div>\n<\/div>\t\t\t\t\t\t<\/div>\n\t\t\t\t<\/div>\n\t\t\t\t<div class=\"elementor-element elementor-element-54cab25 elementor-widget elementor-widget-icontact_info\" data-id=\"54cab25\" data-element_type=\"widget\" data-widget_type=\"icontact_info.default\">\n\t\t\t\t<div class=\"elementor-widget-container\">\n\t\t\t\t\t\t\t\t    \t<div class=\"contact-info box-style1\">\r\n\t\t\t\t\t\t\t\t    \t\t        <i class=\"flaticon-envelope\"><\/i>\t\t\t        <div class=\"info-text\">\r\n\t\t\t        \t<h6>E-mail:<\/h6>\r\n\t\t\t        \t<p>prevencion@grupoexpro.com<\/p>\r\n\t\t\t        <\/div>\r\n\t\t\t    <\/div>\r\n\t\t    \t    \t\t<\/div>\n\t\t\t\t<\/div>\n\t\t\t\t<div class=\"elementor-element elementor-element-966aa7a elementor-widget elementor-widget-icontact_info\" data-id=\"966aa7a\" data-element_type=\"widget\" data-widget_type=\"icontact_info.default\">\n\t\t\t\t<div class=\"elementor-widget-container\">\n\t\t\t\t\t\t\t\t    \t<div class=\"contact-info box-style1\">\r\n\t\t\t\t\t\t\t\t    \t\t        <i class=\"flaticon-phone-1\"><\/i>\t\t\t        <div class=\"info-text\">\r\n\t\t\t        \t<h6>Phone number:<\/h6>\r\n\t\t\t        \t<p>(+562) 23463000<\/p>\r\n\t\t\t        <\/div>\r\n\t\t\t    <\/div>\r\n\t\t    \t    \t\t<\/div>\n\t\t\t\t<\/div>\n\t\t\t\t\t<\/div>\n\t\t<\/div>\n\t\t\t\t<div class=\"elementor-column elementor-col-50 elementor-top-column elementor-element elementor-element-4521b8b ot-flex-column-vertical\" data-id=\"4521b8b\" data-element_type=\"column\">\n\t\t\t<div class=\"elementor-widget-wrap elementor-element-populated\">\n\t\t\t\t\t\t\t\t<div class=\"elementor-element elementor-element-87d6c23 elementor-widget elementor-widget-shortcode\" data-id=\"87d6c23\" data-element_type=\"widget\" data-widget_type=\"shortcode.default\">\n\t\t\t\t<div class=\"elementor-widget-container\">\n\t\t\t\t\t<div class=\"elementor-shortcode\">\n<div class=\"wpcf7 no-js\" id=\"wpcf7-f6500-o1\" lang=\"en-US\" dir=\"ltr\" data-wpcf7-id=\"6500\">\n<div class=\"screen-reader-response\"><p role=\"status\" aria-live=\"polite\" aria-atomic=\"true\"><\/p> <ul><\/ul><\/div>\n<form action=\"\/english\/wp-json\/wp\/v2\/pages\/5586#wpcf7-f6500-o1\" method=\"post\" class=\"wpcf7-form init\" aria-label=\"Contact form\" novalidate=\"novalidate\" data-status=\"init\">\n<div style=\"display: none;\">\n<input type=\"hidden\" name=\"_wpcf7\" value=\"6500\" \/>\n<input type=\"hidden\" name=\"_wpcf7_version\" value=\"6.0.6\" \/>\n<input type=\"hidden\" name=\"_wpcf7_locale\" value=\"en_US\" \/>\n<input type=\"hidden\" name=\"_wpcf7_unit_tag\" value=\"wpcf7-f6500-o1\" \/>\n<input type=\"hidden\" name=\"_wpcf7_container_post\" value=\"0\" \/>\n<input type=\"hidden\" name=\"_wpcf7_posted_data_hash\" value=\"\" \/>\n<input type=\"hidden\" name=\"_wpcf7_recaptcha_response\" value=\"\" \/>\n<\/div>\n<div class=\"main-form\">\n\t<h2>Ready to get started?\n\t<\/h2>\n\t<p class=\"font14\">Your email address will not be published. Mandatory fields are marked *\n\t<\/p>\n\t<p><span class=\"wpcf7-form-control-wrap\" data-name=\"text-380\"><input size=\"40\" maxlength=\"400\" class=\"wpcf7-form-control wpcf7-text wpcf7-validates-as-required\" aria-required=\"true\" aria-invalid=\"false\" placeholder=\"Full Name\" value=\"\" type=\"text\" name=\"text-380\" \/><\/span>\n\t<\/p>\n\t<p><span class=\"wpcf7-form-control-wrap\" data-name=\"text-388\"><input size=\"40\" maxlength=\"400\" class=\"wpcf7-form-control wpcf7-text wpcf7-validates-as-required\" aria-required=\"true\" aria-invalid=\"false\" placeholder=\"ID Number\" value=\"\" type=\"text\" name=\"text-388\" \/><\/span>\n\t<\/p>\n\t<p><span class=\"wpcf7-form-control-wrap\" data-name=\"email-29\"><input size=\"40\" maxlength=\"400\" class=\"wpcf7-form-control wpcf7-email wpcf7-validates-as-required wpcf7-text wpcf7-validates-as-email\" aria-required=\"true\" aria-invalid=\"false\" placeholder=\"Corporative e-mail\" value=\"\" type=\"email\" name=\"email-29\" \/><\/span>\n\t<\/p>\n\t<p><span class=\"wpcf7-form-control-wrap\" data-name=\"tel-484\"><input size=\"40\" maxlength=\"400\" class=\"wpcf7-form-control wpcf7-tel wpcf7-validates-as-required wpcf7-text wpcf7-validates-as-tel\" aria-required=\"true\" aria-invalid=\"false\" placeholder=\"Phone Number\" value=\"\" type=\"tel\" name=\"tel-484\" \/><\/span>\n\t<\/p>\n\t<p><span class=\"wpcf7-form-control-wrap\" data-name=\"textarea-53\"><textarea cols=\"40\" rows=\"10\" maxlength=\"2000\" class=\"wpcf7-form-control wpcf7-textarea wpcf7-validates-as-required\" aria-required=\"true\" aria-invalid=\"false\" placeholder=\"Comments\/Questions\" name=\"textarea-53\"><\/textarea><\/span>\n\t<\/p>\n<span class=\"wpcf7-form-control-wrap recaptcha\" data-name=\"recaptcha\"><span data-sitekey=\"6Ld54V8pAAAAAOaonUUVWLsyTJnWV0whEY0Gqa-S\" class=\"wpcf7-form-control wpcf7-recaptcha g-recaptcha\"><\/span>\r\n<noscript>\r\n\t<div class=\"grecaptcha-noscript\">\r\n\t\t<iframe loading=\"lazy\" src=\"https:\/\/www.google.com\/recaptcha\/api\/fallback?k=6Ld54V8pAAAAAOaonUUVWLsyTJnWV0whEY0Gqa-S\" frameborder=\"0\" scrolling=\"no\" width=\"310\" height=\"430\">\r\n\t\t<\/iframe>\r\n\t\t<textarea name=\"g-recaptcha-response\" rows=\"3\" cols=\"40\" placeholder=\"reCaptcha Response Here\">\r\n\t\t<\/textarea>\r\n\t<\/div>\r\n<\/noscript>\r\n<\/span>\n\t<p><button type=\"submit\" class=\"octf-btn octf-btn-light\">SEND<\/button>\n\t<\/p>\n<\/div><div class=\"wpcf7-response-output\" aria-hidden=\"true\"><\/div>\n<\/form>\n<\/div>\n<\/div>\n\t\t\t\t<\/div>\n\t\t\t\t<\/div>\n\t\t\t\t\t<\/div>\n\t\t<\/div>\n\t\t\t\t\t\t\t<\/div>\n\t\t<\/section>\n\t\t\t\t\t\t\t<\/div>\n\t\t","protected":false},"excerpt":{"rendered":"<p>Your safety is crucial. Taking care of yourself prevents accidents. In the event of a work-related or commuting accident, you must go to the nearest Chilean Chamber of Construction\u2019s (CCHC) Mutual Insurance Assistance Center. Furthermore, you must notify GrupoExpro\u2019s Supervisor. Ask here If you are a worker and need any information on how to access [&hellip;]<\/p>\n","protected":false},"author":1,"featured_media":0,"parent":0,"menu_order":0,"comment_status":"closed","ping_status":"closed","template":"","meta":{"footnotes":""},"class_list":["post-5586","page","type-page","status-publish","hentry"],"yoast_head":"<!-- This site is optimized with the Yoast SEO plugin v25.1 - https:\/\/yoast.com\/wordpress\/plugins\/seo\/ -->\n<title>Health and Safety - GrupoExpro<\/title>\n<meta name=\"description\" content=\"Somos especialistas en asesor\u00edas de prevenci\u00f3n de riesgos, ajust\u00e1ndonos a las necesidades de cada cliente. Cont\u00e1ctanos en GrupoExpro.cl\" \/>\n<meta name=\"robots\" content=\"index, follow, max-snippet:-1, max-image-preview:large, max-video-preview:-1\" \/>\n<link rel=\"canonical\" href=\"https:\/\/grupoexpro.com\/english\/health-and-safety\/\" \/>\n<meta property=\"og:locale\" content=\"es_ES\" \/>\n<meta property=\"og:type\" content=\"article\" \/>\n<meta property=\"og:title\" content=\"Health and Safety - GrupoExpro\" \/>\n<meta property=\"og:description\" content=\"Somos especialistas en asesor\u00edas de prevenci\u00f3n de riesgos, ajust\u00e1ndonos a las necesidades de cada cliente. Cont\u00e1ctanos en GrupoExpro.cl\" \/>\n<meta property=\"og:url\" content=\"https:\/\/grupoexpro.com\/english\/health-and-safety\/\" \/>\n<meta property=\"og:site_name\" content=\"GrupoExpro\" \/>\n<meta property=\"article:publisher\" content=\"https:\/\/www.facebook.com\/GrupoExpro.Chile\/\" \/>\n<meta property=\"article:modified_time\" content=\"2025-10-14T17:36:43+00:00\" \/>\n<meta property=\"og:image\" content=\"https:\/\/grupoexpro.com\/english\/wp-content\/uploads\/2023\/10\/rrss.jpg\" \/>\n\t<meta property=\"og:image:width\" content=\"1200\" \/>\n\t<meta property=\"og:image:height\" content=\"600\" \/>\n\t<meta property=\"og:image:type\" content=\"image\/jpeg\" \/>\n<meta name=\"twitter:card\" content=\"summary_large_image\" \/>\n<meta name=\"twitter:site\" content=\"@grupoExpro\" \/>\n<meta name=\"twitter:label1\" content=\"Tiempo de lectura\" \/>\n\t<meta name=\"twitter:data1\" content=\"1 minuto\" \/>\n<script type=\"application\/ld+json\" class=\"yoast-schema-graph\">{\"@context\":\"https:\/\/schema.org\",\"@graph\":[{\"@type\":\"WebPage\",\"@id\":\"https:\/\/grupoexpro.com\/english\/health-and-safety\/\",\"url\":\"https:\/\/grupoexpro.com\/english\/health-and-safety\/\",\"name\":\"Health and Safety - GrupoExpro\",\"isPartOf\":{\"@id\":\"https:\/\/grupoexpro.com\/english\/#website\"},\"primaryImageOfPage\":{\"@id\":\"https:\/\/grupoexpro.com\/english\/health-and-safety\/#primaryimage\"},\"image\":{\"@id\":\"https:\/\/grupoexpro.com\/english\/health-and-safety\/#primaryimage\"},\"thumbnailUrl\":\"https:\/\/grupoexpro.com\/english\/wp-content\/uploads\/2023\/03\/mutual.png\",\"datePublished\":\"2023-03-08T23:38:21+00:00\",\"dateModified\":\"2025-10-14T17:36:43+00:00\",\"description\":\"Somos especialistas en asesor\u00edas de prevenci\u00f3n de riesgos, ajust\u00e1ndonos a las necesidades de cada cliente. Cont\u00e1ctanos en GrupoExpro.cl\",\"breadcrumb\":{\"@id\":\"https:\/\/grupoexpro.com\/english\/health-and-safety\/#breadcrumb\"},\"inLanguage\":\"es\",\"potentialAction\":[{\"@type\":\"ReadAction\",\"target\":[\"https:\/\/grupoexpro.com\/english\/health-and-safety\/\"]}]},{\"@type\":\"ImageObject\",\"inLanguage\":\"es\",\"@id\":\"https:\/\/grupoexpro.com\/english\/health-and-safety\/#primaryimage\",\"url\":\"https:\/\/grupoexpro.com\/english\/wp-content\/uploads\/2023\/03\/mutual.png\",\"contentUrl\":\"https:\/\/grupoexpro.com\/english\/wp-content\/uploads\/2023\/03\/mutual.png\",\"width\":710,\"height\":697},{\"@type\":\"BreadcrumbList\",\"@id\":\"https:\/\/grupoexpro.com\/english\/health-and-safety\/#breadcrumb\",\"itemListElement\":[{\"@type\":\"ListItem\",\"position\":1,\"name\":\"Portada\",\"item\":\"https:\/\/grupoexpro.com\/english\/\"},{\"@type\":\"ListItem\",\"position\":2,\"name\":\"Health and Safety\"}]},{\"@type\":\"WebSite\",\"@id\":\"https:\/\/grupoexpro.com\/english\/#website\",\"url\":\"https:\/\/grupoexpro.com\/english\/\",\"name\":\"GrupoExpro\",\"description\":\"Web\",\"publisher\":{\"@id\":\"https:\/\/grupoexpro.com\/english\/#organization\"},\"alternateName\":\"GrupoExpro\",\"inLanguage\":\"es\"},{\"@type\":\"Organization\",\"@id\":\"https:\/\/grupoexpro.com\/english\/#organization\",\"name\":\"GrupoExpro\",\"alternateName\":\"GrupoExpro\",\"url\":\"https:\/\/grupoexpro.com\/english\/\",\"logo\":{\"@type\":\"ImageObject\",\"inLanguage\":\"es\",\"@id\":\"https:\/\/grupoexpro.com\/english\/#\/schema\/logo\/image\/\",\"url\":\"https:\/\/grupoexpro.com\/english\/wp-content\/uploads\/2023\/10\/rrss.jpg\",\"contentUrl\":\"https:\/\/grupoexpro.com\/english\/wp-content\/uploads\/2023\/10\/rrss.jpg\",\"width\":1200,\"height\":600,\"caption\":\"GrupoExpro\"},\"image\":{\"@id\":\"https:\/\/grupoexpro.com\/english\/#\/schema\/logo\/image\/\"},\"sameAs\":[\"https:\/\/www.facebook.com\/GrupoExpro.Chile\/\",\"https:\/\/x.com\/grupoExpro\",\"https:\/\/www.linkedin.com\/company\/grupo-expro\/\",\"https:\/\/www.instagram.com\/grupo_expro\/?hl=es-la\"]}]}<\/script>\n<!-- \/ Yoast SEO plugin. -->","yoast_head_json":{"title":"Health and Safety - GrupoExpro","description":"Somos especialistas en asesor\u00edas de prevenci\u00f3n de riesgos, ajust\u00e1ndonos a las necesidades de cada cliente. Cont\u00e1ctanos en GrupoExpro.cl","robots":{"index":"index","follow":"follow","max-snippet":"max-snippet:-1","max-image-preview":"max-image-preview:large","max-video-preview":"max-video-preview:-1"},"canonical":"https:\/\/grupoexpro.com\/english\/health-and-safety\/","og_locale":"es_ES","og_type":"article","og_title":"Health and Safety - GrupoExpro","og_description":"Somos especialistas en asesor\u00edas de prevenci\u00f3n de riesgos, ajust\u00e1ndonos a las necesidades de cada cliente. Cont\u00e1ctanos en GrupoExpro.cl","og_url":"https:\/\/grupoexpro.com\/english\/health-and-safety\/","og_site_name":"GrupoExpro","article_publisher":"https:\/\/www.facebook.com\/GrupoExpro.Chile\/","article_modified_time":"2025-10-14T17:36:43+00:00","og_image":[{"width":1200,"height":600,"url":"https:\/\/grupoexpro.com\/english\/wp-content\/uploads\/2023\/10\/rrss.jpg","type":"image\/jpeg"}],"twitter_card":"summary_large_image","twitter_site":"@grupoExpro","twitter_misc":{"Tiempo de lectura":"1 minuto"},"schema":{"@context":"https:\/\/schema.org","@graph":[{"@type":"WebPage","@id":"https:\/\/grupoexpro.com\/english\/health-and-safety\/","url":"https:\/\/grupoexpro.com\/english\/health-and-safety\/","name":"Health and Safety - GrupoExpro","isPartOf":{"@id":"https:\/\/grupoexpro.com\/english\/#website"},"primaryImageOfPage":{"@id":"https:\/\/grupoexpro.com\/english\/health-and-safety\/#primaryimage"},"image":{"@id":"https:\/\/grupoexpro.com\/english\/health-and-safety\/#primaryimage"},"thumbnailUrl":"https:\/\/grupoexpro.com\/english\/wp-content\/uploads\/2023\/03\/mutual.png","datePublished":"2023-03-08T23:38:21+00:00","dateModified":"2025-10-14T17:36:43+00:00","description":"Somos especialistas en asesor\u00edas de prevenci\u00f3n de riesgos, ajust\u00e1ndonos a las necesidades de cada cliente. Cont\u00e1ctanos en GrupoExpro.cl","breadcrumb":{"@id":"https:\/\/grupoexpro.com\/english\/health-and-safety\/#breadcrumb"},"inLanguage":"es","potentialAction":[{"@type":"ReadAction","target":["https:\/\/grupoexpro.com\/english\/health-and-safety\/"]}]},{"@type":"ImageObject","inLanguage":"es","@id":"https:\/\/grupoexpro.com\/english\/health-and-safety\/#primaryimage","url":"https:\/\/grupoexpro.com\/english\/wp-content\/uploads\/2023\/03\/mutual.png","contentUrl":"https:\/\/grupoexpro.com\/english\/wp-content\/uploads\/2023\/03\/mutual.png","width":710,"height":697},{"@type":"BreadcrumbList","@id":"https:\/\/grupoexpro.com\/english\/health-and-safety\/#breadcrumb","itemListElement":[{"@type":"ListItem","position":1,"name":"Portada","item":"https:\/\/grupoexpro.com\/english\/"},{"@type":"ListItem","position":2,"name":"Health and Safety"}]},{"@type":"WebSite","@id":"https:\/\/grupoexpro.com\/english\/#website","url":"https:\/\/grupoexpro.com\/english\/","name":"GrupoExpro","description":"Web","publisher":{"@id":"https:\/\/grupoexpro.com\/english\/#organization"},"alternateName":"GrupoExpro","inLanguage":"es"},{"@type":"Organization","@id":"https:\/\/grupoexpro.com\/english\/#organization","name":"GrupoExpro","alternateName":"GrupoExpro","url":"https:\/\/grupoexpro.com\/english\/","logo":{"@type":"ImageObject","inLanguage":"es","@id":"https:\/\/grupoexpro.com\/english\/#\/schema\/logo\/image\/","url":"https:\/\/grupoexpro.com\/english\/wp-content\/uploads\/2023\/10\/rrss.jpg","contentUrl":"https:\/\/grupoexpro.com\/english\/wp-content\/uploads\/2023\/10\/rrss.jpg","width":1200,"height":600,"caption":"GrupoExpro"},"image":{"@id":"https:\/\/grupoexpro.com\/english\/#\/schema\/logo\/image\/"},"sameAs":["https:\/\/www.facebook.com\/GrupoExpro.Chile\/","https:\/\/x.com\/grupoExpro","https:\/\/www.linkedin.com\/company\/grupo-expro\/","https:\/\/www.instagram.com\/grupo_expro\/?hl=es-la"]}]}},"_links":{"self":[{"href":"https:\/\/grupoexpro.com\/english\/wp-json\/wp\/v2\/pages\/5586","targetHints":{"allow":["GET"]}}],"collection":[{"href":"https:\/\/grupoexpro.com\/english\/wp-json\/wp\/v2\/pages"}],"about":[{"href":"https:\/\/grupoexpro.com\/english\/wp-json\/wp\/v2\/types\/page"}],"author":[{"embeddable":true,"href":"https:\/\/grupoexpro.com\/english\/wp-json\/wp\/v2\/users\/1"}],"replies":[{"embeddable":true,"href":"https:\/\/grupoexpro.com\/english\/wp-json\/wp\/v2\/comments?post=5586"}],"version-history":[{"count":0,"href":"https:\/\/grupoexpro.com\/english\/wp-json\/wp\/v2\/pages\/5586\/revisions"}],"wp:attachment":[{"href":"https:\/\/grupoexpro.com\/english\/wp-json\/wp\/v2\/media?parent=5586"}],"curies":[{"name":"wp","href":"https:\/\/api.w.org\/{rel}","templated":true}]}}