{"id":5599,"date":"2023-03-09T00:12:12","date_gmt":"2023-03-09T00:12:12","guid":{"rendered":"https:\/\/new.grupoexpro.com\/?page_id=5599"},"modified":"2025-10-28T18:37:53","modified_gmt":"2025-10-28T18:37:53","slug":"benefits","status":"publish","type":"page","link":"https:\/\/grupoexpro.com\/english\/benefits\/","title":{"rendered":"Benefits"},"content":{"rendered":"\t\t<div data-elementor-type=\"wp-page\" data-elementor-id=\"5599\" class=\"elementor elementor-5599\">\n\t\t\t\t\t\t\t\t\t<section class=\"elementor-section elementor-top-section elementor-element elementor-element-66f1ce5 elementor-section-content-middle ot-traditional elementor-section-boxed elementor-section-height-default elementor-section-height-default\" data-id=\"66f1ce5\" data-element_type=\"section\" data-settings=\"{&quot;background_background&quot;:&quot;classic&quot;}\" data-e-bg-lazyload=\"\">\n\t\t\t\t\t\t<div class=\"elementor-container elementor-column-gap-extended\">\n\t\t\t\t\t<div class=\"elementor-column elementor-col-50 elementor-top-column elementor-element elementor-element-f9ff2ef ot-flex-column-vertical\" data-id=\"f9ff2ef\" data-element_type=\"column\">\n\t\t\t<div class=\"elementor-widget-wrap elementor-element-populated\">\n\t\t\t\t\t\t\t\t<div class=\"elementor-element elementor-element-60c229b elementor-widget elementor-widget-image\" data-id=\"60c229b\" data-element_type=\"widget\" data-widget_type=\"image.default\">\n\t\t\t\t<div class=\"elementor-widget-container\">\n\t\t\t<style>\/*! elementor - v3.11.3 - 07-03-2023 *\/\n.elementor-widget-image{text-align:center}.elementor-widget-image a{display:inline-block}.elementor-widget-image a img[src$=\".svg\"]{width:48px}.elementor-widget-image img{vertical-align:middle;display:inline-block}<\/style>\t\t\t\t\t\t\t\t\t\t\t\t<img loading=\"lazy\" decoding=\"async\" width=\"710\" height=\"697\" src=\"https:\/\/grupoexpro.com\/english\/wp-content\/uploads\/2023\/03\/beneficios.png\" class=\"attachment-full size-full wp-image-5620\" alt=\"\" srcset=\"https:\/\/grupoexpro.com\/english\/wp-content\/uploads\/2023\/03\/beneficios.png 710w, https:\/\/grupoexpro.com\/english\/wp-content\/uploads\/2023\/03\/beneficios-300x295.png 300w\" sizes=\"auto, (max-width: 710px) 100vw, 710px\" \/>\t\t\t\t\t\t\t\t\t\t\t\t\t\t\t<\/div>\n\t\t\t\t<\/div>\n\t\t\t\t\t<\/div>\n\t\t<\/div>\n\t\t\t\t<div class=\"elementor-column elementor-col-50 elementor-top-column elementor-element elementor-element-e0cbe74 ot-flex-column-vertical\" data-id=\"e0cbe74\" data-element_type=\"column\">\n\t\t\t<div class=\"elementor-widget-wrap elementor-element-populated\">\n\t\t\t\t\t\t\t\t<div class=\"elementor-element elementor-element-b79a8cf elementor-widget elementor-widget-iheading\" data-id=\"b79a8cf\" data-element_type=\"widget\" data-widget_type=\"iheading.default\">\n\t\t\t\t<div class=\"elementor-widget-container\">\n\t\t\t\t\t<div class=\"ot-heading\">\r\n\t        <h2 class=\"main-heading\">Benefits<\/h2>\t    <\/div>\r\n\t    \t\t<\/div>\n\t\t\t\t<\/div>\n\t\t\t\t<div class=\"elementor-element elementor-element-324ed46 elementor-widget elementor-widget-text-editor\" data-id=\"324ed46\" data-element_type=\"widget\" data-widget_type=\"text-editor.default\">\n\t\t\t\t<div class=\"elementor-widget-container\">\n\t\t\t<style>\/*! elementor - v3.11.3 - 07-03-2023 *\/\n.elementor-widget-text-editor.elementor-drop-cap-view-stacked .elementor-drop-cap{background-color:#818a91;color:#fff}.elementor-widget-text-editor.elementor-drop-cap-view-framed .elementor-drop-cap{color:#818a91;border:3px solid;background-color:transparent}.elementor-widget-text-editor:not(.elementor-drop-cap-view-default) .elementor-drop-cap{margin-top:8px}.elementor-widget-text-editor:not(.elementor-drop-cap-view-default) .elementor-drop-cap-letter{width:1em;height:1em}.elementor-widget-text-editor .elementor-drop-cap{float:left;text-align:center;line-height:1;font-size:50px}.elementor-widget-text-editor .elementor-drop-cap-letter{display:inline-block}<\/style>\t\t\t\t<p>We develop Human Capital through training and retaining talent y providing benefits for your employees.<\/p><p>At GrupoExpro, we work every day to provide the best benefits to our employees and to establish new partnerships aimed at improving each individual&#8217;s quality of life.<\/p>\t\t\t\t\t\t<\/div>\n\t\t\t\t<\/div>\n\t\t\t\t\t<\/div>\n\t\t<\/div>\n\t\t\t\t\t\t\t<\/div>\n\t\t<\/section>\n\t\t\t\t<section class=\"elementor-section elementor-top-section elementor-element elementor-element-b324559 ot-traditional elementor-section-boxed elementor-section-height-default elementor-section-height-default\" data-id=\"b324559\" data-element_type=\"section\">\n\t\t\t\t\t\t<div class=\"elementor-container elementor-column-gap-default\">\n\t\t\t\t\t<div class=\"elementor-column elementor-col-33 elementor-top-column elementor-element elementor-element-674b4ab ot-flex-column-vertical\" data-id=\"674b4ab\" data-element_type=\"column\">\n\t\t\t<div class=\"elementor-widget-wrap elementor-element-populated\">\n\t\t\t\t\t\t\t\t<div class=\"elementor-element elementor-element-99d39ad elementor-invisible elementor-widget elementor-widget-image\" data-id=\"99d39ad\" data-element_type=\"widget\" data-settings=\"{&quot;_animation&quot;:&quot;fadeInLeft&quot;}\" data-widget_type=\"image.default\">\n\t\t\t\t<div class=\"elementor-widget-container\">\n\t\t\t\t\t\t\t\t\t\t\t\t\t\t\t<img loading=\"lazy\" decoding=\"async\" width=\"200\" height=\"106\" src=\"https:\/\/grupoexpro.com\/english\/wp-content\/uploads\/2023\/03\/metlife.jpg\" class=\"attachment-large size-large wp-image-5611\" alt=\"\" \/>\t\t\t\t\t\t\t\t\t\t\t\t\t\t\t<\/div>\n\t\t\t\t<\/div>\n\t\t\t\t<div class=\"elementor-element elementor-element-2d1ef26 elementor-invisible elementor-widget elementor-widget-image\" data-id=\"2d1ef26\" data-element_type=\"widget\" data-settings=\"{&quot;_animation&quot;:&quot;fadeInLeft&quot;}\" data-widget_type=\"image.default\">\n\t\t\t\t<div class=\"elementor-widget-container\">\n\t\t\t\t\t\t\t\t\t\t\t\t\t\t\t<img loading=\"lazy\" decoding=\"async\" width=\"200\" height=\"106\" src=\"https:\/\/grupoexpro.com\/english\/wp-content\/uploads\/2023\/03\/perez-valenzuela.jpg\" class=\"attachment-large size-large wp-image-5613\" alt=\"\" \/>\t\t\t\t\t\t\t\t\t\t\t\t\t\t\t<\/div>\n\t\t\t\t<\/div>\n\t\t\t\t\t<\/div>\n\t\t<\/div>\n\t\t\t\t<div class=\"elementor-column elementor-col-33 elementor-top-column elementor-element elementor-element-2ea019f ot-flex-column-vertical\" data-id=\"2ea019f\" data-element_type=\"column\">\n\t\t\t<div class=\"elementor-widget-wrap elementor-element-populated\">\n\t\t\t\t\t\t\t\t<div class=\"elementor-element elementor-element-30eb174 elementor-invisible elementor-widget elementor-widget-image\" data-id=\"30eb174\" data-element_type=\"widget\" data-settings=\"{&quot;_animation&quot;:&quot;fadeInLeft&quot;}\" data-widget_type=\"image.default\">\n\t\t\t\t<div class=\"elementor-widget-container\">\n\t\t\t\t\t\t\t\t\t\t\t\t\t\t\t<img loading=\"lazy\" decoding=\"async\" width=\"200\" height=\"106\" src=\"https:\/\/grupoexpro.com\/english\/wp-content\/uploads\/2023\/03\/caja-los-andes.jpg\" class=\"attachment-large size-large wp-image-5609\" alt=\"\" \/>\t\t\t\t\t\t\t\t\t\t\t\t\t\t\t<\/div>\n\t\t\t\t<\/div>\n\t\t\t\t<div class=\"elementor-element elementor-element-dd75af0 elementor-invisible elementor-widget elementor-widget-image\" data-id=\"dd75af0\" data-element_type=\"widget\" data-settings=\"{&quot;_animation&quot;:&quot;fadeInLeft&quot;}\" data-widget_type=\"image.default\">\n\t\t\t\t<div class=\"elementor-widget-container\">\n\t\t\t\t\t\t\t\t\t\t\t\t\t\t\t<img loading=\"lazy\" decoding=\"async\" width=\"200\" height=\"106\" src=\"https:\/\/grupoexpro.com\/english\/wp-content\/uploads\/2023\/03\/padre-mariano.jpg\" class=\"attachment-large size-large wp-image-5612\" alt=\"\" \/>\t\t\t\t\t\t\t\t\t\t\t\t\t\t\t<\/div>\n\t\t\t\t<\/div>\n\t\t\t\t\t<\/div>\n\t\t<\/div>\n\t\t\t\t<div class=\"elementor-column elementor-col-33 elementor-top-column elementor-element elementor-element-491a00c ot-flex-column-vertical\" data-id=\"491a00c\" data-element_type=\"column\">\n\t\t\t<div class=\"elementor-widget-wrap elementor-element-populated\">\n\t\t\t\t\t\t\t\t<div class=\"elementor-element elementor-element-5807cdb elementor-invisible elementor-widget elementor-widget-image\" data-id=\"5807cdb\" data-element_type=\"widget\" data-settings=\"{&quot;_animation&quot;:&quot;fadeInLeft&quot;}\" data-widget_type=\"image.default\">\n\t\t\t\t<div class=\"elementor-widget-container\">\n\t\t\t\t\t\t\t\t\t\t\t\t\t\t\t<img loading=\"lazy\" decoding=\"async\" width=\"200\" height=\"106\" src=\"https:\/\/grupoexpro.com\/english\/wp-content\/uploads\/2023\/03\/byo-clinica.jpg\" class=\"attachment-large size-large wp-image-5608\" alt=\"\" \/>\t\t\t\t\t\t\t\t\t\t\t\t\t\t\t<\/div>\n\t\t\t\t<\/div>\n\t\t\t\t<div class=\"elementor-element elementor-element-4f08cc1 elementor-invisible elementor-widget elementor-widget-image\" data-id=\"4f08cc1\" data-element_type=\"widget\" data-settings=\"{&quot;_animation&quot;:&quot;fadeInLeft&quot;}\" data-widget_type=\"image.default\">\n\t\t\t\t<div class=\"elementor-widget-container\">\n\t\t\t\t\t\t\t\t\t\t\t\t\t\t\t<img loading=\"lazy\" decoding=\"async\" width=\"200\" height=\"106\" src=\"https:\/\/grupoexpro.com\/english\/wp-content\/uploads\/2023\/03\/falp.jpg\" class=\"attachment-large size-large wp-image-5610\" alt=\"\" \/>\t\t\t\t\t\t\t\t\t\t\t\t\t\t\t<\/div>\n\t\t\t\t<\/div>\n\t\t\t\t\t<\/div>\n\t\t<\/div>\n\t\t\t\t\t\t\t<\/div>\n\t\t<\/section>\n\t\t\t\t<section class=\"elementor-section elementor-top-section elementor-element elementor-element-cf4baeb elementor-section-content-middle ot-traditional elementor-section-boxed elementor-section-height-default elementor-section-height-default\" data-id=\"cf4baeb\" data-element_type=\"section\">\n\t\t\t\t\t\t\t<div class=\"elementor-background-overlay\"><\/div>\n\t\t\t\t\t\t\t<div class=\"elementor-container elementor-column-gap-extended\">\n\t\t\t\t\t<div class=\"elementor-column elementor-col-50 elementor-top-column elementor-element elementor-element-c335655 ot-flex-column-vertical\" data-id=\"c335655\" data-element_type=\"column\">\n\t\t\t<div class=\"elementor-widget-wrap elementor-element-populated\">\n\t\t\t\t\t\t\t\t<div class=\"elementor-element elementor-element-169e49f elementor-widget elementor-widget-iheading\" data-id=\"169e49f\" data-element_type=\"widget\" data-widget_type=\"iheading.default\">\n\t\t\t\t<div class=\"elementor-widget-container\">\n\t\t\t\t\t<div class=\"ot-heading\">\r\n\t        <h2 class=\"main-heading\">Ask here<\/h2>\t    <\/div>\r\n\t    \t\t<\/div>\n\t\t\t\t<\/div>\n\t\t\t\t<div class=\"elementor-element elementor-element-85dc657 elementor-widget elementor-widget-text-editor\" data-id=\"85dc657\" data-element_type=\"widget\" data-widget_type=\"text-editor.default\">\n\t\t\t\t<div class=\"elementor-widget-container\">\n\t\t\t\t\t\t\t<div class=\"elementor-element elementor-element-d1b9e95 elementor-widget elementor-widget-text-editor\" data-id=\"d1b9e95\" data-element_type=\"widget\" data-widget_type=\"text-editor.default\">\n<div class=\"elementor-widget-container\">\n<h5 class=\"item--title st-default\">If you are a <span style=\"color: #3366ff;\"><b>worker<\/b><\/span> and need any information on your benefits, please write to us here<\/h5>\n<span class=\"VIiyi\" lang=\"es\">\u00a0<\/span>\n\n<\/div>\n<\/div>\t\t\t\t\t\t<\/div>\n\t\t\t\t<\/div>\n\t\t\t\t<div class=\"elementor-element elementor-element-54cab25 elementor-widget elementor-widget-icontact_info\" data-id=\"54cab25\" data-element_type=\"widget\" data-widget_type=\"icontact_info.default\">\n\t\t\t\t<div class=\"elementor-widget-container\">\n\t\t\t\t\t\t\t\t    \t<div class=\"contact-info box-style1\">\r\n\t\t\t\t\t\t\t\t    \t\t        <i class=\"flaticon-envelope\"><\/i>\t\t\t        <div class=\"info-text\">\r\n\t\t\t        \t<h6>E-mail:<\/h6>\r\n\t\t\t        \t<p>desarrolloorganizacional@grupoexpro.com<\/p>\r\n\t\t\t        <\/div>\r\n\t\t\t    <\/div>\r\n\t\t    \t    \t\t<\/div>\n\t\t\t\t<\/div>\n\t\t\t\t<div class=\"elementor-element elementor-element-966aa7a elementor-widget elementor-widget-icontact_info\" data-id=\"966aa7a\" data-element_type=\"widget\" data-widget_type=\"icontact_info.default\">\n\t\t\t\t<div class=\"elementor-widget-container\">\n\t\t\t\t\t\t\t\t    \t<div class=\"contact-info box-style1\">\r\n\t\t\t\t\t\t\t\t    \t\t        <i class=\"flaticon-phone-1\"><\/i>\t\t\t        <div class=\"info-text\">\r\n\t\t\t        \t<h6>Phone number:<\/h6>\r\n\t\t\t        \t<p>(+56) 2 28620000 <\/p>\r\n\t\t\t        <\/div>\r\n\t\t\t    <\/div>\r\n\t\t    \t    \t\t<\/div>\n\t\t\t\t<\/div>\n\t\t\t\t\t<\/div>\n\t\t<\/div>\n\t\t\t\t<div class=\"elementor-column elementor-col-50 elementor-top-column elementor-element elementor-element-4521b8b ot-flex-column-vertical\" data-id=\"4521b8b\" data-element_type=\"column\">\n\t\t\t<div class=\"elementor-widget-wrap elementor-element-populated\">\n\t\t\t\t\t\t\t\t<div class=\"elementor-element elementor-element-87d6c23 elementor-widget elementor-widget-shortcode\" data-id=\"87d6c23\" data-element_type=\"widget\" data-widget_type=\"shortcode.default\">\n\t\t\t\t<div class=\"elementor-widget-container\">\n\t\t\t\t\t<div class=\"elementor-shortcode\"><p class=\"wpcf7-contact-form-not-found\"><strong>Error:<\/strong> Formulario de contacto no encontrado.<\/p><\/div>\n\t\t\t\t<\/div>\n\t\t\t\t<\/div>\n\t\t\t\t\t<\/div>\n\t\t<\/div>\n\t\t\t\t\t\t\t<\/div>\n\t\t<\/section>\n\t\t\t\t\t\t\t<\/div>\n\t\t","protected":false},"excerpt":{"rendered":"<p>Benefits We develop Human Capital through training and retaining talent y providing benefits for your employees. At GrupoExpro, we work every day to provide the best benefits to our employees and to establish new partnerships aimed at improving each individual&#8217;s quality of life. Ask here If you are a worker and need any information on [&hellip;]<\/p>\n","protected":false},"author":1,"featured_media":0,"parent":0,"menu_order":0,"comment_status":"closed","ping_status":"closed","template":"","meta":{"footnotes":""},"class_list":["post-5599","page","type-page","status-publish","hentry"],"yoast_head":"<!-- This site is optimized with the Yoast SEO plugin v25.1 - https:\/\/yoast.com\/wordpress\/plugins\/seo\/ -->\n<title>GrupoExpro - Committed to ensuring that every worker feels supported, valued, and protected in their workplace.<\/title>\n<meta name=\"description\" content=\"Ofrecemos un servicio \u00fanico en el mercado de la externalizaci\u00f3n bajo modelo de subcontrataci\u00f3n y del servicio temporal.\" \/>\n<meta name=\"robots\" content=\"index, follow, max-snippet:-1, max-image-preview:large, max-video-preview:-1\" \/>\n<link rel=\"canonical\" href=\"https:\/\/grupoexpro.com\/english\/benefits\/\" \/>\n<meta property=\"og:locale\" content=\"es_ES\" \/>\n<meta property=\"og:type\" content=\"article\" \/>\n<meta property=\"og:title\" content=\"GrupoExpro - Committed to ensuring that every worker feels supported, valued, and protected in their workplace.\" \/>\n<meta property=\"og:description\" content=\"Ofrecemos un servicio \u00fanico en el mercado de la externalizaci\u00f3n bajo modelo de subcontrataci\u00f3n y del servicio temporal.\" \/>\n<meta property=\"og:url\" content=\"https:\/\/grupoexpro.com\/english\/benefits\/\" \/>\n<meta property=\"og:site_name\" content=\"GrupoExpro\" \/>\n<meta property=\"article:publisher\" content=\"https:\/\/www.facebook.com\/GrupoExpro.Chile\/\" \/>\n<meta property=\"article:modified_time\" content=\"2025-10-28T18:37:53+00:00\" \/>\n<meta property=\"og:image\" content=\"https:\/\/grupoexpro.com\/english\/wp-content\/uploads\/2023\/10\/rrss.jpg\" \/>\n\t<meta property=\"og:image:width\" content=\"1200\" \/>\n\t<meta property=\"og:image:height\" content=\"600\" \/>\n\t<meta property=\"og:image:type\" content=\"image\/jpeg\" \/>\n<meta name=\"twitter:card\" content=\"summary_large_image\" \/>\n<meta name=\"twitter:site\" content=\"@grupoExpro\" \/>\n<meta name=\"twitter:label1\" content=\"Tiempo de lectura\" \/>\n\t<meta name=\"twitter:data1\" content=\"2 minutos\" \/>\n<script type=\"application\/ld+json\" class=\"yoast-schema-graph\">{\"@context\":\"https:\/\/schema.org\",\"@graph\":[{\"@type\":\"WebPage\",\"@id\":\"https:\/\/grupoexpro.com\/english\/benefits\/\",\"url\":\"https:\/\/grupoexpro.com\/english\/benefits\/\",\"name\":\"GrupoExpro - Committed to ensuring that every worker feels supported, valued, and protected in their workplace.\",\"isPartOf\":{\"@id\":\"https:\/\/grupoexpro.com\/english\/#website\"},\"primaryImageOfPage\":{\"@id\":\"https:\/\/grupoexpro.com\/english\/benefits\/#primaryimage\"},\"image\":{\"@id\":\"https:\/\/grupoexpro.com\/english\/benefits\/#primaryimage\"},\"thumbnailUrl\":\"https:\/\/grupoexpro.com\/english\/wp-content\/uploads\/2023\/03\/beneficios.png\",\"datePublished\":\"2023-03-09T00:12:12+00:00\",\"dateModified\":\"2025-10-28T18:37:53+00:00\",\"description\":\"Ofrecemos un servicio \u00fanico en el mercado de la externalizaci\u00f3n bajo modelo de subcontrataci\u00f3n y del servicio temporal.\",\"breadcrumb\":{\"@id\":\"https:\/\/grupoexpro.com\/english\/benefits\/#breadcrumb\"},\"inLanguage\":\"es\",\"potentialAction\":[{\"@type\":\"ReadAction\",\"target\":[\"https:\/\/grupoexpro.com\/english\/benefits\/\"]}]},{\"@type\":\"ImageObject\",\"inLanguage\":\"es\",\"@id\":\"https:\/\/grupoexpro.com\/english\/benefits\/#primaryimage\",\"url\":\"https:\/\/grupoexpro.com\/english\/wp-content\/uploads\/2023\/03\/beneficios.png\",\"contentUrl\":\"https:\/\/grupoexpro.com\/english\/wp-content\/uploads\/2023\/03\/beneficios.png\",\"width\":710,\"height\":697},{\"@type\":\"BreadcrumbList\",\"@id\":\"https:\/\/grupoexpro.com\/english\/benefits\/#breadcrumb\",\"itemListElement\":[{\"@type\":\"ListItem\",\"position\":1,\"name\":\"Portada\",\"item\":\"https:\/\/grupoexpro.com\/english\/\"},{\"@type\":\"ListItem\",\"position\":2,\"name\":\"Benefits\"}]},{\"@type\":\"WebSite\",\"@id\":\"https:\/\/grupoexpro.com\/english\/#website\",\"url\":\"https:\/\/grupoexpro.com\/english\/\",\"name\":\"GrupoExpro\",\"description\":\"Web\",\"publisher\":{\"@id\":\"https:\/\/grupoexpro.com\/english\/#organization\"},\"alternateName\":\"GrupoExpro\",\"inLanguage\":\"es\"},{\"@type\":\"Organization\",\"@id\":\"https:\/\/grupoexpro.com\/english\/#organization\",\"name\":\"GrupoExpro\",\"alternateName\":\"GrupoExpro\",\"url\":\"https:\/\/grupoexpro.com\/english\/\",\"logo\":{\"@type\":\"ImageObject\",\"inLanguage\":\"es\",\"@id\":\"https:\/\/grupoexpro.com\/english\/#\/schema\/logo\/image\/\",\"url\":\"https:\/\/grupoexpro.com\/english\/wp-content\/uploads\/2023\/10\/rrss.jpg\",\"contentUrl\":\"https:\/\/grupoexpro.com\/english\/wp-content\/uploads\/2023\/10\/rrss.jpg\",\"width\":1200,\"height\":600,\"caption\":\"GrupoExpro\"},\"image\":{\"@id\":\"https:\/\/grupoexpro.com\/english\/#\/schema\/logo\/image\/\"},\"sameAs\":[\"https:\/\/www.facebook.com\/GrupoExpro.Chile\/\",\"https:\/\/x.com\/grupoExpro\",\"https:\/\/www.linkedin.com\/company\/grupo-expro\/\",\"https:\/\/www.instagram.com\/grupo_expro\/?hl=es-la\"]}]}<\/script>\n<!-- \/ Yoast SEO plugin. -->","yoast_head_json":{"title":"GrupoExpro - Committed to ensuring that every worker feels supported, valued, and protected in their workplace.","description":"Ofrecemos un servicio \u00fanico en el mercado de la externalizaci\u00f3n bajo modelo de subcontrataci\u00f3n y del servicio temporal.","robots":{"index":"index","follow":"follow","max-snippet":"max-snippet:-1","max-image-preview":"max-image-preview:large","max-video-preview":"max-video-preview:-1"},"canonical":"https:\/\/grupoexpro.com\/english\/benefits\/","og_locale":"es_ES","og_type":"article","og_title":"GrupoExpro - Committed to ensuring that every worker feels supported, valued, and protected in their workplace.","og_description":"Ofrecemos un servicio \u00fanico en el mercado de la externalizaci\u00f3n bajo modelo de subcontrataci\u00f3n y del servicio temporal.","og_url":"https:\/\/grupoexpro.com\/english\/benefits\/","og_site_name":"GrupoExpro","article_publisher":"https:\/\/www.facebook.com\/GrupoExpro.Chile\/","article_modified_time":"2025-10-28T18:37:53+00:00","og_image":[{"width":1200,"height":600,"url":"https:\/\/grupoexpro.com\/english\/wp-content\/uploads\/2023\/10\/rrss.jpg","type":"image\/jpeg"}],"twitter_card":"summary_large_image","twitter_site":"@grupoExpro","twitter_misc":{"Tiempo de lectura":"2 minutos"},"schema":{"@context":"https:\/\/schema.org","@graph":[{"@type":"WebPage","@id":"https:\/\/grupoexpro.com\/english\/benefits\/","url":"https:\/\/grupoexpro.com\/english\/benefits\/","name":"GrupoExpro - Committed to ensuring that every worker feels supported, valued, and protected in their workplace.","isPartOf":{"@id":"https:\/\/grupoexpro.com\/english\/#website"},"primaryImageOfPage":{"@id":"https:\/\/grupoexpro.com\/english\/benefits\/#primaryimage"},"image":{"@id":"https:\/\/grupoexpro.com\/english\/benefits\/#primaryimage"},"thumbnailUrl":"https:\/\/grupoexpro.com\/english\/wp-content\/uploads\/2023\/03\/beneficios.png","datePublished":"2023-03-09T00:12:12+00:00","dateModified":"2025-10-28T18:37:53+00:00","description":"Ofrecemos un servicio \u00fanico en el mercado de la externalizaci\u00f3n bajo modelo de subcontrataci\u00f3n y del servicio temporal.","breadcrumb":{"@id":"https:\/\/grupoexpro.com\/english\/benefits\/#breadcrumb"},"inLanguage":"es","potentialAction":[{"@type":"ReadAction","target":["https:\/\/grupoexpro.com\/english\/benefits\/"]}]},{"@type":"ImageObject","inLanguage":"es","@id":"https:\/\/grupoexpro.com\/english\/benefits\/#primaryimage","url":"https:\/\/grupoexpro.com\/english\/wp-content\/uploads\/2023\/03\/beneficios.png","contentUrl":"https:\/\/grupoexpro.com\/english\/wp-content\/uploads\/2023\/03\/beneficios.png","width":710,"height":697},{"@type":"BreadcrumbList","@id":"https:\/\/grupoexpro.com\/english\/benefits\/#breadcrumb","itemListElement":[{"@type":"ListItem","position":1,"name":"Portada","item":"https:\/\/grupoexpro.com\/english\/"},{"@type":"ListItem","position":2,"name":"Benefits"}]},{"@type":"WebSite","@id":"https:\/\/grupoexpro.com\/english\/#website","url":"https:\/\/grupoexpro.com\/english\/","name":"GrupoExpro","description":"Web","publisher":{"@id":"https:\/\/grupoexpro.com\/english\/#organization"},"alternateName":"GrupoExpro","inLanguage":"es"},{"@type":"Organization","@id":"https:\/\/grupoexpro.com\/english\/#organization","name":"GrupoExpro","alternateName":"GrupoExpro","url":"https:\/\/grupoexpro.com\/english\/","logo":{"@type":"ImageObject","inLanguage":"es","@id":"https:\/\/grupoexpro.com\/english\/#\/schema\/logo\/image\/","url":"https:\/\/grupoexpro.com\/english\/wp-content\/uploads\/2023\/10\/rrss.jpg","contentUrl":"https:\/\/grupoexpro.com\/english\/wp-content\/uploads\/2023\/10\/rrss.jpg","width":1200,"height":600,"caption":"GrupoExpro"},"image":{"@id":"https:\/\/grupoexpro.com\/english\/#\/schema\/logo\/image\/"},"sameAs":["https:\/\/www.facebook.com\/GrupoExpro.Chile\/","https:\/\/x.com\/grupoExpro","https:\/\/www.linkedin.com\/company\/grupo-expro\/","https:\/\/www.instagram.com\/grupo_expro\/?hl=es-la"]}]}},"_links":{"self":[{"href":"https:\/\/grupoexpro.com\/english\/wp-json\/wp\/v2\/pages\/5599","targetHints":{"allow":["GET"]}}],"collection":[{"href":"https:\/\/grupoexpro.com\/english\/wp-json\/wp\/v2\/pages"}],"about":[{"href":"https:\/\/grupoexpro.com\/english\/wp-json\/wp\/v2\/types\/page"}],"author":[{"embeddable":true,"href":"https:\/\/grupoexpro.com\/english\/wp-json\/wp\/v2\/users\/1"}],"replies":[{"embeddable":true,"href":"https:\/\/grupoexpro.com\/english\/wp-json\/wp\/v2\/comments?post=5599"}],"version-history":[{"count":0,"href":"https:\/\/grupoexpro.com\/english\/wp-json\/wp\/v2\/pages\/5599\/revisions"}],"wp:attachment":[{"href":"https:\/\/grupoexpro.com\/english\/wp-json\/wp\/v2\/media?parent=5599"}],"curies":[{"name":"wp","href":"https:\/\/api.w.org\/{rel}","templated":true}]}}