{"id":12220,"date":"2024-04-02T19:37:57","date_gmt":"2024-04-02T19:37:57","guid":{"rendered":"https:\/\/grupoexpro.com\/peru\/?page_id=12220"},"modified":"2026-03-25T18:00:09","modified_gmt":"2026-03-25T18:00:09","slug":"contacto-peru","status":"publish","type":"page","link":"https:\/\/grupoexpro.com\/peru\/contacto-peru\/","title":{"rendered":"Contacto Per\u00fa"},"content":{"rendered":"\t\t<div data-elementor-type=\"wp-page\" data-elementor-id=\"12220\" class=\"elementor elementor-12220\">\n\t\t\t\t\t\t\t\t\t<section class=\"elementor-section elementor-top-section elementor-element elementor-element-19d810c ot-traditional elementor-section-boxed elementor-section-height-default elementor-section-height-default\" data-id=\"19d810c\" data-element_type=\"section\">\n\t\t\t\t\t\t<div class=\"elementor-container elementor-column-gap-default\">\n\t\t\t\t\t<div class=\"elementor-column elementor-col-100 elementor-top-column elementor-element elementor-element-e5b5637 ot-column-items-top ot-flex-column-vertical\" data-id=\"e5b5637\" data-element_type=\"column\">\n\t\t\t<div class=\"elementor-widget-wrap elementor-element-populated\">\n\t\t\t\t\t\t\t\t<div class=\"elementor-element elementor-element-e3d60b0 elementor-widget elementor-widget-iheading\" data-id=\"e3d60b0\" data-element_type=\"widget\" data-widget_type=\"iheading.default\">\n\t\t\t\t<div class=\"elementor-widget-container\">\n\t\t\t\t\t<div class=\"ot-heading\">\r\n\t        <h2 class=\"main-heading\">\u00bfC\u00f3mo podemos ayudarte?<\/h2>\t    <\/div>\r\n\t    \t\t<\/div>\n\t\t\t\t<\/div>\n\t\t\t\t<div class=\"elementor-element elementor-element-1709349 elementor-widget elementor-widget-text-editor\" data-id=\"1709349\" data-element_type=\"widget\" data-widget_type=\"text-editor.default\">\n\t\t\t\t<div class=\"elementor-widget-container\">\n\t\t\t<style>\/*! elementor - v3.11.3 - 07-03-2023 *\/\n.elementor-widget-text-editor.elementor-drop-cap-view-stacked .elementor-drop-cap{background-color:#818a91;color:#fff}.elementor-widget-text-editor.elementor-drop-cap-view-framed .elementor-drop-cap{color:#818a91;border:3px solid;background-color:transparent}.elementor-widget-text-editor:not(.elementor-drop-cap-view-default) .elementor-drop-cap{margin-top:8px}.elementor-widget-text-editor:not(.elementor-drop-cap-view-default) .elementor-drop-cap-letter{width:1em;height:1em}.elementor-widget-text-editor .elementor-drop-cap{float:left;text-align:center;line-height:1;font-size:50px}.elementor-widget-text-editor .elementor-drop-cap-letter{display:inline-block}<\/style>\t\t\t\t<div class=\"elementor-element elementor-element-d1b9e95 elementor-widget elementor-widget-text-editor\" data-id=\"d1b9e95\" data-element_type=\"widget\" data-widget_type=\"text-editor.default\"><div class=\"elementor-widget-container\"><p><span class=\"VIiyi\" lang=\"es\">Uno de nuestros\u00a0<strong>consultores especialistas<\/strong> se contactar\u00e1 contigo<br \/>una vez que completes el formulario a continuaci\u00f3n.<br \/><\/span><\/p><\/div><\/div>\t\t\t\t\t\t<\/div>\n\t\t\t\t<\/div>\n\t\t\t\t<div class=\"elementor-element elementor-element-0ff08fd elementor-widget__width-auto elementor-widget elementor-widget-itabs\" data-id=\"0ff08fd\" data-element_type=\"widget\" data-widget_type=\"itabs.default\">\n\t\t\t\t<div class=\"elementor-widget-container\">\n\t\t\t\r\n\t\t<div class=\"ot-tabs\">\r\n\t\t\t\t\t\t<ul class=\"tabs-heading unstyle\">\r\n\t\t\t\t\t\t\t\t<li class=\"tab-link octf-btn\" data-tab=\"tab-1480\">Soy Empresa<\/li>\r\n\t\t\t\t\t\t\t\t<li class=\"tab-link octf-btn\" data-tab=\"tab-2480\">Soy Postulante<\/li>\r\n\t\t\t\t\t\t\t<\/ul>\r\n\t\t\t\t\t\t<div id=\"tab-1480\" class=\"tab-content\">\r\n\t\t\t\t<p>\n<div class=\"wpcf7 no-js\" id=\"wpcf7-f16052-o1\" lang=\"en-US\" dir=\"ltr\">\n<div class=\"screen-reader-response\"><p role=\"status\" aria-live=\"polite\" aria-atomic=\"true\"><\/p> <ul><\/ul><\/div>\n<form action=\"\/peru\/wp-json\/wp\/v2\/pages\/12220#wpcf7-f16052-o1\" method=\"post\" class=\"wpcf7-form init\" aria-label=\"Contact form\" novalidate=\"novalidate\" data-status=\"init\">\n<div style=\"display: none;\">\n<input type=\"hidden\" name=\"_wpcf7\" value=\"16052\" \/>\n<input type=\"hidden\" name=\"_wpcf7_version\" value=\"5.9.3\" \/>\n<input type=\"hidden\" name=\"_wpcf7_locale\" value=\"en_US\" \/>\n<input type=\"hidden\" name=\"_wpcf7_unit_tag\" value=\"wpcf7-f16052-o1\" \/>\n<input type=\"hidden\" name=\"_wpcf7_container_post\" value=\"0\" \/>\n<input type=\"hidden\" name=\"_wpcf7_posted_data_hash\" value=\"\" \/>\n<input type=\"hidden\" name=\"_wpcf7_recaptcha_response\" value=\"\" \/>\n<\/div>\n<div class=\"main-form\">\n\t<h2 style=\"color:#ffffff;\">Escr\u00edbenos.\n\t<\/h2>\n\t<p class=\"font14\">\n\t<\/p>\n\t<p>Somos la soluci\u00f3n para atraer, evaluar y seleccionar el talento que necesita tu organizaci\u00f3n\n\t<\/p>\n\t<p><span class=\"wpcf7-form-control-wrap\" data-name=\"text-380\"><input size=\"40\" class=\"wpcf7-form-control wpcf7-text wpcf7-validates-as-required\" aria-required=\"true\" aria-invalid=\"false\" placeholder=\"Nombre y Apellido\" value=\"\" type=\"text\" name=\"text-380\" \/><\/span>\n\t<\/p>\n\t<p><span class=\"wpcf7-form-control-wrap\" data-name=\"text-998\"><input size=\"40\" class=\"wpcf7-form-control wpcf7-text wpcf7-validates-as-required\" aria-required=\"true\" aria-invalid=\"false\" placeholder=\"Nombre de la Empresa\" value=\"\" type=\"text\" name=\"text-998\" \/><\/span>\n\t<\/p>\n\t<p><span class=\"wpcf7-form-control-wrap\" data-name=\"number-38\"><input class=\"wpcf7-form-control wpcf7-number wpcf7-validates-as-required wpcf7-validates-as-number\" aria-required=\"true\" aria-invalid=\"false\" placeholder=\"RUC\" value=\"\" type=\"number\" name=\"number-38\" \/><\/span>\n\t<\/p>\n\t<p><span class=\"wpcf7-form-control-wrap\" data-name=\"menu-716\"><select class=\"wpcf7-form-control wpcf7-select wpcf7-validates-as-required\" aria-required=\"true\" aria-invalid=\"false\" name=\"menu-716\"><option value=\"\">\u00bfQu\u00e9 servicio te interesa?<\/option><option value=\"Tercerizaci\u00f3n Back Office\">Tercerizaci\u00f3n Back Office<\/option><option value=\"Tercerizaci\u00f3n Trade Marketing\">Tercerizaci\u00f3n Trade Marketing<\/option><option value=\"Tercerizaci\u00f3n Log\u00edstica - Industrial\">Tercerizaci\u00f3n Log\u00edstica - Industrial<\/option><option value=\"Tercerizaci\u00f3n Miner\u00eda\">Tercerizaci\u00f3n Miner\u00eda<\/option><option value=\"Reclutamiento y Selecci\u00f3n\">Reclutamiento y Selecci\u00f3n<\/option><option value=\"Hunting Executive Search\">Hunting Executive Search<\/option><option value=\"Recruitment Process Outsourcing (RPO)\">Recruitment Process Outsourcing (RPO)<\/option><option value=\"Agentes de Seguridad y Monitoreo\">Agentes de Seguridad y Monitoreo<\/option><option value=\"Facility Services\">Facility Services<\/option><option value=\"Evaluaciones Psicolaborales Online\">Evaluaciones Psicolaborales Online<\/option><\/select><\/span>\n\t<\/p>\n\t<p><span class=\"wpcf7-form-control-wrap\" data-name=\"email-29\"><input size=\"40\" class=\"wpcf7-form-control wpcf7-email wpcf7-validates-as-required wpcf7-text wpcf7-validates-as-email\" aria-required=\"true\" aria-invalid=\"false\" placeholder=\"E-Mail\" value=\"\" type=\"email\" name=\"email-29\" \/><\/span>\n\t<\/p>\n\t<p><span class=\"wpcf7-form-control-wrap\" data-name=\"tel-484\"><input size=\"40\" class=\"wpcf7-form-control wpcf7-tel wpcf7-validates-as-required wpcf7-text wpcf7-validates-as-tel\" aria-required=\"true\" aria-invalid=\"false\" placeholder=\"N\u00famero de Contacto\" value=\"\" type=\"tel\" name=\"tel-484\" \/><\/span>\n\t<\/p>\n\t<p><span class=\"wpcf7-form-control-wrap\" data-name=\"textarea-53\"><textarea cols=\"40\" rows=\"10\" class=\"wpcf7-form-control wpcf7-textarea wpcf7-validates-as-required\" aria-required=\"true\" aria-invalid=\"false\" placeholder=\"Mensaje\" name=\"textarea-53\"><\/textarea><\/span>\n\t<\/p>\n<span class=\"wpcf7-form-control-wrap recaptcha\" data-name=\"recaptcha\"><span data-sitekey=\"6Ld54V8pAAAAAOaonUUVWLsyTJnWV0whEY0Gqa-S\" class=\"wpcf7-form-control wpcf7-recaptcha g-recaptcha\"><\/span>\r\n<noscript>\r\n\t<div class=\"grecaptcha-noscript\">\r\n\t\t<iframe loading=\"lazy\" src=\"https:\/\/www.google.com\/recaptcha\/api\/fallback?k=6Ld54V8pAAAAAOaonUUVWLsyTJnWV0whEY0Gqa-S\" frameborder=\"0\" scrolling=\"no\" width=\"310\" height=\"430\">\r\n\t\t<\/iframe>\r\n\t\t<textarea name=\"g-recaptcha-response\" rows=\"3\" cols=\"40\" placeholder=\"reCaptcha Response Here\">\r\n\t\t<\/textarea>\r\n\t<\/div>\r\n<\/noscript>\r\n<\/span>\n\t<p><button type=\"submit\" class=\"octf-btn octf-btn-light\">ENVIAR<\/button>\n\t<\/p>\n<\/div><div class=\"wpcf7-response-output\" aria-hidden=\"true\"><\/div>\n<\/form>\n<\/div>\n<\/p>\t\t\t<\/div>\r\n\t\t\t\t\t\t<div id=\"tab-2480\" class=\"tab-content\">\r\n\t\t\t\t<p>\n<div class=\"wpcf7 no-js\" id=\"wpcf7-f12316-o2\" lang=\"en-US\" dir=\"ltr\">\n<div class=\"screen-reader-response\"><p role=\"status\" aria-live=\"polite\" aria-atomic=\"true\"><\/p> <ul><\/ul><\/div>\n<form action=\"\/peru\/wp-json\/wp\/v2\/pages\/12220#wpcf7-f12316-o2\" method=\"post\" class=\"wpcf7-form init\" aria-label=\"Contact form\" enctype=\"multipart\/form-data\" novalidate=\"novalidate\" data-status=\"init\">\n<div style=\"display: none;\">\n<input type=\"hidden\" name=\"_wpcf7\" value=\"12316\" \/>\n<input type=\"hidden\" name=\"_wpcf7_version\" value=\"5.9.3\" \/>\n<input type=\"hidden\" name=\"_wpcf7_locale\" value=\"en_US\" \/>\n<input type=\"hidden\" name=\"_wpcf7_unit_tag\" value=\"wpcf7-f12316-o2\" \/>\n<input type=\"hidden\" name=\"_wpcf7_container_post\" value=\"0\" \/>\n<input type=\"hidden\" name=\"_wpcf7_posted_data_hash\" value=\"\" \/>\n<input type=\"hidden\" name=\"_wpcf7_recaptcha_response\" value=\"\" \/>\n<\/div>\n<div class=\"main-form\">\n\t<h2>Soy Postulante\n\t<\/h2>\n\t<p class=\"font14\">Tu direcci\u00f3n de correo electr\u00f3nico no ser\u00e1 publicada. Los campos obligatorios est\u00e1n marcados*\n\t<\/p>\n\t<p><span class=\"wpcf7-form-control-wrap\" data-name=\"text-380\"><input size=\"40\" class=\"wpcf7-form-control wpcf7-text wpcf7-validates-as-required\" aria-required=\"true\" aria-invalid=\"false\" placeholder=\"Nombre y Apellido\" value=\"\" type=\"text\" name=\"text-380\" \/><\/span>\n\t<\/p>\n\t<p><span class=\"wpcf7-form-control-wrap\" data-name=\"email-29\"><input size=\"40\" class=\"wpcf7-form-control wpcf7-email wpcf7-validates-as-required wpcf7-text wpcf7-validates-as-email\" aria-required=\"true\" aria-invalid=\"false\" placeholder=\"E-Mail\" value=\"\" type=\"email\" name=\"email-29\" \/><\/span>\n\t<\/p>\n\t<p><span class=\"wpcf7-form-control-wrap\" data-name=\"tel-484\"><input size=\"40\" class=\"wpcf7-form-control wpcf7-tel wpcf7-validates-as-required wpcf7-text wpcf7-validates-as-tel\" aria-required=\"true\" aria-invalid=\"false\" placeholder=\"N\u00famero telef\u00f3nico\" value=\"\" type=\"tel\" name=\"tel-484\" \/><\/span>\n\t<\/p>\n\t<p><span class=\"wpcf7-form-control-wrap\" data-name=\"text-382\"><input size=\"40\" class=\"wpcf7-form-control wpcf7-text wpcf7-validates-as-required\" aria-required=\"true\" aria-invalid=\"false\" placeholder=\"Cargo que postulas\" value=\"\" type=\"text\" name=\"text-382\" \/><\/span>\n\t<\/p>\n\t<p>Adjuntar Curr\u00edculum<br \/>\n<span class=\"wpcf7-form-control-wrap\" data-name=\"file-722\"><input size=\"40\" class=\"wpcf7-form-control wpcf7-file\" accept=\".jpg,.doc,.docx,.pdf\" aria-invalid=\"false\" type=\"file\" name=\"file-722\" \/><\/span>\n\t<\/p>\n<span class=\"wpcf7-form-control-wrap recaptcha\" data-name=\"recaptcha\"><span data-sitekey=\"6Ld54V8pAAAAAOaonUUVWLsyTJnWV0whEY0Gqa-S\" class=\"wpcf7-form-control wpcf7-recaptcha g-recaptcha\"><\/span>\r\n<noscript>\r\n\t<div class=\"grecaptcha-noscript\">\r\n\t\t<iframe loading=\"lazy\" src=\"https:\/\/www.google.com\/recaptcha\/api\/fallback?k=6Ld54V8pAAAAAOaonUUVWLsyTJnWV0whEY0Gqa-S\" frameborder=\"0\" scrolling=\"no\" width=\"310\" height=\"430\">\r\n\t\t<\/iframe>\r\n\t\t<textarea name=\"g-recaptcha-response\" rows=\"3\" cols=\"40\" placeholder=\"reCaptcha Response Here\">\r\n\t\t<\/textarea>\r\n\t<\/div>\r\n<\/noscript>\r\n<\/span>\n\t<p><button type=\"submit\" class=\"octf-btn octf-btn-light\">ENVIAR<\/button>\n\t<\/p>\n<\/div><div class=\"wpcf7-response-output\" aria-hidden=\"true\"><\/div>\n<\/form>\n<\/div>\n<\/p>\t\t\t<\/div>\r\n\t\t\t\t    <\/div>\r\n\r\n\t    \t\t<\/div>\n\t\t\t\t<\/div>\n\t\t\t\t<div class=\"elementor-element elementor-element-6019ea9 elementor-widget__width-auto elementor-fixed elementor-widget elementor-widget-button\" data-id=\"6019ea9\" data-element_type=\"widget\" data-settings=\"{&quot;_position&quot;:&quot;fixed&quot;}\" data-widget_type=\"button.default\">\n\t\t\t\t<div class=\"elementor-widget-container\">\n\t\t\t\t\t<div class=\"elementor-button-wrapper\">\n\t\t\t<a href=\"https:\/\/wa.me\/+51977486857?text=Hola,%20me%20quiero%20contactar%20con%20un%20ejecutivo%20comercial%20para%20tener%20m\u00e1s%20informaci\u00f3n%20sobre%20sus%20servicios%20de%20reclutamiento,%20selecci\u00f3n,%20evaluaci\u00f3n%20y%20tercerizaci\u00f3n%20y%20de%20c\u00f3mo%20estos%20pueden%20ayudar%20a%20mi%20empresa%20\u00a1Gracias!\" class=\"elementor-button-link elementor-button elementor-size-sm\" role=\"button\">\n\t\t\t\t\t\t<span class=\"elementor-button-content-wrapper\">\n\t\t\t\t\t\t\t<span class=\"elementor-button-icon elementor-align-icon-left\">\n\t\t\t\t<i aria-hidden=\"true\" class=\"fab fa-whatsapp\"><\/i>\t\t\t<\/span>\n\t\t\t\t\t\t<span class=\"elementor-button-text\"><\/span>\n\t\t<\/span>\n\t\t\t\t\t<\/a>\n\t\t<\/div>\n\t\t\t\t<\/div>\n\t\t\t\t<\/div>\n\t\t\t\t\t<\/div>\n\t\t<\/div>\n\t\t\t\t\t\t\t<\/div>\n\t\t<\/section>\n\t\t\t\t<section class=\"elementor-section elementor-top-section elementor-element elementor-element-aba0bc8 elementor-section-full_width ot-traditional elementor-section-height-default elementor-section-height-default\" data-id=\"aba0bc8\" data-element_type=\"section\">\n\t\t\t\t\t\t<div class=\"elementor-container elementor-column-gap-default\">\n\t\t\t\t\t<div class=\"elementor-column elementor-col-100 elementor-top-column elementor-element elementor-element-aa84c84 ot-flex-column-vertical\" data-id=\"aa84c84\" data-element_type=\"column\">\n\t\t\t<div class=\"elementor-widget-wrap elementor-element-populated\">\n\t\t\t\t\t\t\t\t<div class=\"elementor-element elementor-element-1952363 elementor-widget elementor-widget-google_maps\" data-id=\"1952363\" data-element_type=\"widget\" data-widget_type=\"google_maps.default\">\n\t\t\t\t<div class=\"elementor-widget-container\">\n\t\t\t<style>\/*! elementor - v3.11.3 - 07-03-2023 *\/\n.elementor-widget-google_maps .elementor-widget-container{overflow:hidden}.elementor-widget-google_maps .elementor-custom-embed{line-height:0}.elementor-widget-google_maps iframe{height:300px}<\/style>\t\t<div class=\"elementor-custom-embed\">\n\t\t\t<iframe loading=\"lazy\"\n\t\t\t\t\tsrc=\"https:\/\/maps.google.com\/maps?q=Petit%20Thouars%204653%20Of.%20403%20Miraflores%E2%80%93Lima&#038;t=m&#038;z=14&#038;output=embed&#038;iwloc=near\"\n\t\t\t\t\ttitle=\"Petit Thouars 4653 Of. 403 Miraflores\u2013Lima\"\n\t\t\t\t\taria-label=\"Petit Thouars 4653 Of. 403 Miraflores\u2013Lima\"\n\t\t\t><\/iframe>\n\t\t<\/div>\n\t\t\t\t<\/div>\n\t\t\t\t<\/div>\n\t\t\t\t\t<\/div>\n\t\t<\/div>\n\t\t\t\t\t\t\t<\/div>\n\t\t<\/section>\n\t\t\t\t\t\t\t<\/div>\n\t\t","protected":false},"excerpt":{"rendered":"<p>\u00bfC\u00f3mo podemos ayudarte? Uno de nuestros\u00a0consultores especialistas se contactar\u00e1 contigouna vez que completes el formulario a continuaci\u00f3n. Soy Empresa Soy Postulante<\/p>\n","protected":false},"author":1,"featured_media":0,"parent":0,"menu_order":0,"comment_status":"closed","ping_status":"closed","template":"","meta":{"footnotes":""},"class_list":["post-12220","page","type-page","status-publish","hentry"],"yoast_head":"<!-- This site is optimized with the Yoast SEO plugin v22.4 - https:\/\/yoast.com\/wordpress\/plugins\/seo\/ -->\n<title>GrupoExpro | Ayudamos a evaluar tus proyectos e identificar tus necesidades<\/title>\n<meta name=\"description\" content=\"En Grupo Expro contamos con con perfiles capacitados para distintas industrias, miner\u00eda, logistica, ventas y retail\" \/>\n<meta name=\"robots\" content=\"index, follow, max-snippet:-1, max-image-preview:large, max-video-preview:-1\" \/>\n<link rel=\"canonical\" href=\"https:\/\/grupoexpro.com\/peru\/contacto-peru\/\" \/>\n<meta property=\"og:locale\" content=\"es_ES\" \/>\n<meta property=\"og:type\" content=\"article\" \/>\n<meta property=\"og:title\" content=\"GrupoExpro | Ayudamos a evaluar tus proyectos e identificar tus necesidades\" \/>\n<meta property=\"og:description\" content=\"En Grupo Expro contamos con con perfiles capacitados para distintas industrias, miner\u00eda, logistica, ventas y retail\" \/>\n<meta property=\"og:url\" content=\"https:\/\/grupoexpro.com\/peru\/contacto-peru\/\" \/>\n<meta property=\"og:site_name\" content=\"GrupoExpro\" \/>\n<meta property=\"article:publisher\" content=\"https:\/\/www.facebook.com\/GrupoExpro.Chile\/\" \/>\n<meta property=\"article:modified_time\" content=\"2026-03-25T18:00:09+00:00\" \/>\n<meta property=\"og:image\" content=\"https:\/\/grupoexpro.com\/peru\/wp-content\/uploads\/2023\/10\/rrss.jpg\" \/>\n\t<meta property=\"og:image:width\" content=\"1200\" \/>\n\t<meta property=\"og:image:height\" content=\"600\" \/>\n\t<meta property=\"og:image:type\" content=\"image\/jpeg\" \/>\n<meta name=\"twitter:card\" content=\"summary_large_image\" \/>\n<meta name=\"twitter:site\" content=\"@grupoExpro\" \/>\n<meta name=\"twitter:label1\" content=\"Tiempo de lectura\" \/>\n\t<meta name=\"twitter:data1\" content=\"1 minuto\" \/>\n<script type=\"application\/ld+json\" class=\"yoast-schema-graph\">{\"@context\":\"https:\/\/schema.org\",\"@graph\":[{\"@type\":\"WebPage\",\"@id\":\"https:\/\/grupoexpro.com\/peru\/contacto-peru\/\",\"url\":\"https:\/\/grupoexpro.com\/peru\/contacto-peru\/\",\"name\":\"GrupoExpro | Ayudamos a evaluar tus proyectos e identificar tus necesidades\",\"isPartOf\":{\"@id\":\"https:\/\/grupoexpro.com\/peru\/#website\"},\"datePublished\":\"2024-04-02T19:37:57+00:00\",\"dateModified\":\"2026-03-25T18:00:09+00:00\",\"description\":\"En Grupo Expro contamos con con perfiles capacitados para distintas industrias, miner\u00eda, logistica, ventas y retail\",\"breadcrumb\":{\"@id\":\"https:\/\/grupoexpro.com\/peru\/contacto-peru\/#breadcrumb\"},\"inLanguage\":\"es\",\"potentialAction\":[{\"@type\":\"ReadAction\",\"target\":[\"https:\/\/grupoexpro.com\/peru\/contacto-peru\/\"]}]},{\"@type\":\"BreadcrumbList\",\"@id\":\"https:\/\/grupoexpro.com\/peru\/contacto-peru\/#breadcrumb\",\"itemListElement\":[{\"@type\":\"ListItem\",\"position\":1,\"name\":\"Portada\",\"item\":\"https:\/\/grupoexpro.com\/peru\/\"},{\"@type\":\"ListItem\",\"position\":2,\"name\":\"Contacto Per\u00fa\"}]},{\"@type\":\"WebSite\",\"@id\":\"https:\/\/grupoexpro.com\/peru\/#website\",\"url\":\"https:\/\/grupoexpro.com\/peru\/\",\"name\":\"GrupoExpro\",\"description\":\"Web\",\"publisher\":{\"@id\":\"https:\/\/grupoexpro.com\/peru\/#organization\"},\"alternateName\":\"GrupoExpro\",\"inLanguage\":\"es\"},{\"@type\":\"Organization\",\"@id\":\"https:\/\/grupoexpro.com\/peru\/#organization\",\"name\":\"GrupoExpro\",\"alternateName\":\"GrupoExpro\",\"url\":\"https:\/\/grupoexpro.com\/peru\/\",\"logo\":{\"@type\":\"ImageObject\",\"inLanguage\":\"es\",\"@id\":\"https:\/\/grupoexpro.com\/peru\/#\/schema\/logo\/image\/\",\"url\":\"https:\/\/grupoexpro.com\/peru\/wp-content\/uploads\/2023\/10\/rrss.jpg\",\"contentUrl\":\"https:\/\/grupoexpro.com\/peru\/wp-content\/uploads\/2023\/10\/rrss.jpg\",\"width\":1200,\"height\":600,\"caption\":\"GrupoExpro\"},\"image\":{\"@id\":\"https:\/\/grupoexpro.com\/peru\/#\/schema\/logo\/image\/\"},\"sameAs\":[\"https:\/\/www.facebook.com\/GrupoExpro.Chile\/\",\"https:\/\/twitter.com\/grupoExpro\",\"https:\/\/www.linkedin.com\/company\/grupo-expro\/\",\"https:\/\/www.instagram.com\/grupo_expro\/?hl=es-la\"]}]}<\/script>\n<!-- \/ Yoast SEO plugin. -->","yoast_head_json":{"title":"GrupoExpro | Ayudamos a evaluar tus proyectos e identificar tus necesidades","description":"En Grupo Expro contamos con con perfiles capacitados para distintas industrias, miner\u00eda, logistica, ventas y retail","robots":{"index":"index","follow":"follow","max-snippet":"max-snippet:-1","max-image-preview":"max-image-preview:large","max-video-preview":"max-video-preview:-1"},"canonical":"https:\/\/grupoexpro.com\/peru\/contacto-peru\/","og_locale":"es_ES","og_type":"article","og_title":"GrupoExpro | Ayudamos a evaluar tus proyectos e identificar tus necesidades","og_description":"En Grupo Expro contamos con con perfiles capacitados para distintas industrias, miner\u00eda, logistica, ventas y retail","og_url":"https:\/\/grupoexpro.com\/peru\/contacto-peru\/","og_site_name":"GrupoExpro","article_publisher":"https:\/\/www.facebook.com\/GrupoExpro.Chile\/","article_modified_time":"2026-03-25T18:00:09+00:00","og_image":[{"width":1200,"height":600,"url":"https:\/\/grupoexpro.com\/peru\/wp-content\/uploads\/2023\/10\/rrss.jpg","type":"image\/jpeg"}],"twitter_card":"summary_large_image","twitter_site":"@grupoExpro","twitter_misc":{"Tiempo de lectura":"1 minuto"},"schema":{"@context":"https:\/\/schema.org","@graph":[{"@type":"WebPage","@id":"https:\/\/grupoexpro.com\/peru\/contacto-peru\/","url":"https:\/\/grupoexpro.com\/peru\/contacto-peru\/","name":"GrupoExpro | Ayudamos a evaluar tus proyectos e identificar tus necesidades","isPartOf":{"@id":"https:\/\/grupoexpro.com\/peru\/#website"},"datePublished":"2024-04-02T19:37:57+00:00","dateModified":"2026-03-25T18:00:09+00:00","description":"En Grupo Expro contamos con con perfiles capacitados para distintas industrias, miner\u00eda, logistica, ventas y retail","breadcrumb":{"@id":"https:\/\/grupoexpro.com\/peru\/contacto-peru\/#breadcrumb"},"inLanguage":"es","potentialAction":[{"@type":"ReadAction","target":["https:\/\/grupoexpro.com\/peru\/contacto-peru\/"]}]},{"@type":"BreadcrumbList","@id":"https:\/\/grupoexpro.com\/peru\/contacto-peru\/#breadcrumb","itemListElement":[{"@type":"ListItem","position":1,"name":"Portada","item":"https:\/\/grupoexpro.com\/peru\/"},{"@type":"ListItem","position":2,"name":"Contacto Per\u00fa"}]},{"@type":"WebSite","@id":"https:\/\/grupoexpro.com\/peru\/#website","url":"https:\/\/grupoexpro.com\/peru\/","name":"GrupoExpro","description":"Web","publisher":{"@id":"https:\/\/grupoexpro.com\/peru\/#organization"},"alternateName":"GrupoExpro","inLanguage":"es"},{"@type":"Organization","@id":"https:\/\/grupoexpro.com\/peru\/#organization","name":"GrupoExpro","alternateName":"GrupoExpro","url":"https:\/\/grupoexpro.com\/peru\/","logo":{"@type":"ImageObject","inLanguage":"es","@id":"https:\/\/grupoexpro.com\/peru\/#\/schema\/logo\/image\/","url":"https:\/\/grupoexpro.com\/peru\/wp-content\/uploads\/2023\/10\/rrss.jpg","contentUrl":"https:\/\/grupoexpro.com\/peru\/wp-content\/uploads\/2023\/10\/rrss.jpg","width":1200,"height":600,"caption":"GrupoExpro"},"image":{"@id":"https:\/\/grupoexpro.com\/peru\/#\/schema\/logo\/image\/"},"sameAs":["https:\/\/www.facebook.com\/GrupoExpro.Chile\/","https:\/\/twitter.com\/grupoExpro","https:\/\/www.linkedin.com\/company\/grupo-expro\/","https:\/\/www.instagram.com\/grupo_expro\/?hl=es-la"]}]}},"_links":{"self":[{"href":"https:\/\/grupoexpro.com\/peru\/wp-json\/wp\/v2\/pages\/12220","targetHints":{"allow":["GET"]}}],"collection":[{"href":"https:\/\/grupoexpro.com\/peru\/wp-json\/wp\/v2\/pages"}],"about":[{"href":"https:\/\/grupoexpro.com\/peru\/wp-json\/wp\/v2\/types\/page"}],"author":[{"embeddable":true,"href":"https:\/\/grupoexpro.com\/peru\/wp-json\/wp\/v2\/users\/1"}],"replies":[{"embeddable":true,"href":"https:\/\/grupoexpro.com\/peru\/wp-json\/wp\/v2\/comments?post=12220"}],"version-history":[{"count":67,"href":"https:\/\/grupoexpro.com\/peru\/wp-json\/wp\/v2\/pages\/12220\/revisions"}],"predecessor-version":[{"id":16715,"href":"https:\/\/grupoexpro.com\/peru\/wp-json\/wp\/v2\/pages\/12220\/revisions\/16715"}],"wp:attachment":[{"href":"https:\/\/grupoexpro.com\/peru\/wp-json\/wp\/v2\/media?parent=12220"}],"curies":[{"name":"wp","href":"https:\/\/api.w.org\/{rel}","templated":true}]}}