{"id":13850,"date":"2024-06-24T17:09:17","date_gmt":"2024-06-24T17:09:17","guid":{"rendered":"https:\/\/grupoexpro.com\/peru\/?page_id=13850"},"modified":"2026-04-01T14:14:54","modified_gmt":"2026-04-01T14:14:54","slug":"sucursales","status":"publish","type":"page","link":"https:\/\/grupoexpro.com\/peru\/sucursales\/","title":{"rendered":"Sucursales \/\/ Cobertura nacional para tu operaci\u00f3n"},"content":{"rendered":"\t\t<div data-elementor-type=\"wp-page\" data-elementor-id=\"13850\" class=\"elementor elementor-13850\">\n\t\t\t\t\t\t\t\t\t<section class=\"elementor-section elementor-top-section elementor-element elementor-element-928934b ot-traditional elementor-section-boxed elementor-section-height-default elementor-section-height-default\" data-id=\"928934b\" data-element_type=\"section\" data-settings=\"{&quot;background_background&quot;:&quot;classic&quot;}\" data-e-bg-lazyload=\"\">\n\t\t\t\t\t\t<div class=\"elementor-container elementor-column-gap-extended\">\n\t\t\t\t\t<div class=\"elementor-column elementor-col-100 elementor-top-column elementor-element elementor-element-1f725fd ot-flex-column-vertical\" data-id=\"1f725fd\" data-element_type=\"column\">\n\t\t\t<div class=\"elementor-widget-wrap elementor-element-populated\">\n\t\t\t\t\t\t\t\t<div class=\"elementor-element elementor-element-7157721 elementor-widget elementor-widget-iheading\" data-id=\"7157721\" data-element_type=\"widget\" data-widget_type=\"iheading.default\">\n\t\t\t\t<div class=\"elementor-widget-container\">\n\t\t\t\t\t<div class=\"ot-heading\">\r\n\t        \t            <span>\/\/ Los servicios y soluciones de GRUPOEXPRO est\u00e1n presentes en<\/span>\r\n\t        <h2 class=\"main-heading\">Per\u00fa, Colombia y Chile<\/h2>\t    <\/div>\r\n\t    \t\t<\/div>\n\t\t\t\t<\/div>\n\t\t\t\t\t<\/div>\n\t\t<\/div>\n\t\t\t\t\t\t\t<\/div>\n\t\t<\/section>\n\t\t\t\t<section class=\"elementor-section elementor-top-section elementor-element elementor-element-a85f43d ot-traditional elementor-section-boxed elementor-section-height-default elementor-section-height-default\" data-id=\"a85f43d\" data-element_type=\"section\">\n\t\t\t\t\t\t<div class=\"elementor-container elementor-column-gap-default\">\n\t\t\t\t\t<div class=\"elementor-column elementor-col-100 elementor-top-column elementor-element elementor-element-e6fa892 ot-flex-column-vertical\" data-id=\"e6fa892\" data-element_type=\"column\">\n\t\t\t<div class=\"elementor-widget-wrap elementor-element-populated\">\n\t\t\t\t\t\t\t\t<div class=\"elementor-element elementor-element-9c10857 elementor-widget elementor-widget-iheading\" data-id=\"9c10857\" data-element_type=\"widget\" data-widget_type=\"iheading.default\">\n\t\t\t\t<div class=\"elementor-widget-container\">\n\t\t\t\t\t<div class=\"ot-heading\">\r\n\t        <h2 class=\"main-heading\"><img class=\"wp-image-12169\"src=\"https:\/\/grupoexpro.com\/peru\/wp-content\/uploads\/2024\/04\/icono_peru.svg\" alt=\"\" width=\"50\" \/><\/h2>\t    <\/div>\r\n\t    \t\t<\/div>\n\t\t\t\t<\/div>\n\t\t\t\t\t<\/div>\n\t\t<\/div>\n\t\t\t\t\t\t\t<\/div>\n\t\t<\/section>\n\t\t\t\t<section class=\"elementor-section elementor-top-section elementor-element elementor-element-f229ee4 ot-traditional elementor-section-boxed elementor-section-height-default elementor-section-height-default\" data-id=\"f229ee4\" data-element_type=\"section\">\n\t\t\t\t\t\t<div class=\"elementor-container elementor-column-gap-default\">\n\t\t\t\t\t<div class=\"elementor-column elementor-col-50 elementor-top-column elementor-element elementor-element-c148ced ot-flex-column-vertical\" data-id=\"c148ced\" data-element_type=\"column\">\n\t\t\t<div class=\"elementor-widget-wrap elementor-element-populated\">\n\t\t\t\t\t\t\t\t<div class=\"elementor-element elementor-element-7093f03 elementor-widget elementor-widget-iaccordions\" data-id=\"7093f03\" data-element_type=\"widget\" data-widget_type=\"iaccordions.default\">\n\t\t\t\t<div class=\"elementor-widget-container\">\n\t\t\t\r\n\t\t<div class=\"ot-accordions\">\r\n\t\t\t\t\t\t<div class=\"acc-item\">\r\n\t\t\t\t<span class=\"acc-toggle\" data-default=\"yes\">Lima <i class=\"down flaticon-download-arrow\"><\/i><i class=\"up flaticon-up-arrow\"><\/i><\/span>\r\n\t\t\t\t<div class=\"acc-content\">\r\n\t\t\t\t\t<p>Calle Alcanfores Nro 495 Int. 401 Miraflores\u2013Lima<\/p>\t\t\t\t<\/div>\r\n\t\t\t<\/div>\r\n\t\t\t\t\t\t<div class=\"acc-item\">\r\n\t\t\t\t<span class=\"acc-toggle\" data-default=\"\">Callao <i class=\"down flaticon-download-arrow\"><\/i><i class=\"up flaticon-up-arrow\"><\/i><\/span>\r\n\t\t\t\t<div class=\"acc-content\">\r\n\t\t\t\t\t<p>Av. Elmer Faucett Cdr. 30 Int. 404 Modulo E Centro Aereo Comercial<\/p>\t\t\t\t<\/div>\r\n\t\t\t<\/div>\r\n\t\t\t\t\t\t<div class=\"acc-item\">\r\n\t\t\t\t<span class=\"acc-toggle\" data-default=\"\">Cusco <i class=\"down flaticon-download-arrow\"><\/i><i class=\"up flaticon-up-arrow\"><\/i><\/span>\r\n\t\t\t\t<div class=\"acc-content\">\r\n\t\t\t\t\t<p>Mz K Lote 02 URB. Kari Grande San Sebastian<\/p>\t\t\t\t<\/div>\r\n\t\t\t<\/div>\r\n\t\t\t\t\t\t<div class=\"acc-item\">\r\n\t\t\t\t<span class=\"acc-toggle\" data-default=\"\">Loreto <i class=\"down flaticon-download-arrow\"><\/i><i class=\"up flaticon-up-arrow\"><\/i><\/span>\r\n\t\t\t\t<div class=\"acc-content\">\r\n\t\t\t\t\t<p>Cal. Las Camelias 159 Int 02 Iquitos<\/p>\t\t\t\t<\/div>\r\n\t\t\t<\/div>\r\n\t\t\t\t\t\t<div class=\"acc-item\">\r\n\t\t\t\t<span class=\"acc-toggle\" data-default=\"\">Tacna <i class=\"down flaticon-download-arrow\"><\/i><i class=\"up flaticon-up-arrow\"><\/i><\/span>\r\n\t\t\t\t<div class=\"acc-content\">\r\n\t\t\t\t\t<p>Sec. Para Grande Av. Manuel Odria Mz 36 Lote 9 Tacna<\/p>\t\t\t\t<\/div>\r\n\t\t\t<\/div>\r\n\t\t\t\t\t\t<div class=\"acc-item\">\r\n\t\t\t\t<span class=\"acc-toggle\" data-default=\"\">Ucayali <i class=\"down flaticon-download-arrow\"><\/i><i class=\"up flaticon-up-arrow\"><\/i><\/span>\r\n\t\t\t\t<div class=\"acc-content\">\r\n\t\t\t\t\t<p>A.H. Emancipacion Jr. Los Frutales G Int 6 Coronel Portillo<\/p>\t\t\t\t<\/div>\r\n\t\t\t<\/div>\r\n\t\t\t\t\t\t<div class=\"acc-item\">\r\n\t\t\t\t<span class=\"acc-toggle\" data-default=\"\">Arequipa <i class=\"down flaticon-download-arrow\"><\/i><i class=\"up flaticon-up-arrow\"><\/i><\/span>\r\n\t\t\t\t<div class=\"acc-content\">\r\n\t\t\t\t\t<p>A.H. Belaunde Mz Q Lote 13 Int Zn A Cerro Colorado<\/p>\t\t\t\t<\/div>\r\n\t\t\t<\/div>\r\n\t\t\t\t    <\/div>\r\n\r\n\t    \t\t<\/div>\n\t\t\t\t<\/div>\n\t\t\t\t\t<\/div>\n\t\t<\/div>\n\t\t\t\t<div class=\"elementor-column elementor-col-50 elementor-top-column elementor-element elementor-element-89d4ee0 ot-flex-column-vertical\" data-id=\"89d4ee0\" data-element_type=\"column\">\n\t\t\t<div class=\"elementor-widget-wrap elementor-element-populated\">\n\t\t\t\t\t\t\t\t<div class=\"elementor-element elementor-element-bef04b9 elementor-widget elementor-widget-iaccordions\" data-id=\"bef04b9\" data-element_type=\"widget\" data-widget_type=\"iaccordions.default\">\n\t\t\t\t<div class=\"elementor-widget-container\">\n\t\t\t\r\n\t\t<div class=\"ot-accordions\">\r\n\t\t\t\t\t\t<div class=\"acc-item\">\r\n\t\t\t\t<span class=\"acc-toggle\" data-default=\"\">Piura <i class=\"down flaticon-download-arrow\"><\/i><i class=\"up flaticon-up-arrow\"><\/i><\/span>\r\n\t\t\t\t<div class=\"acc-content\">\r\n\t\t\t\t\t<p>A.H. Maria Goretti Otr. Maria Goretti Mz Q Lote 10-C Int 1-PI Piura<\/p>\t\t\t\t<\/div>\r\n\t\t\t<\/div>\r\n\t\t\t\t\t\t<div class=\"acc-item\">\r\n\t\t\t\t<span class=\"acc-toggle\" data-default=\"\">Junin <i class=\"down flaticon-download-arrow\"><\/i><i class=\"up flaticon-up-arrow\"><\/i><\/span>\r\n\t\t\t\t<div class=\"acc-content\">\r\n\t\t\t\t\t<p>Jr. San Martin 465 Sausa<\/p>\t\t\t\t<\/div>\r\n\t\t\t<\/div>\r\n\t\t\t\t\t\t<div class=\"acc-item\">\r\n\t\t\t\t<span class=\"acc-toggle\" data-default=\"\">Lambayeque <i class=\"down flaticon-download-arrow\"><\/i><i class=\"up flaticon-up-arrow\"><\/i><\/span>\r\n\t\t\t\t<div class=\"acc-content\">\r\n\t\t\t\t\t<p>Urb. San Lorenzo Av. Dorado 2101 Dpto 201 Chiclayo<\/p>\t\t\t\t<\/div>\r\n\t\t\t<\/div>\r\n\t\t\t\t\t\t<div class=\"acc-item\">\r\n\t\t\t\t<span class=\"acc-toggle\" data-default=\"\">Tumbes <i class=\"down flaticon-download-arrow\"><\/i><i class=\"up flaticon-up-arrow\"><\/i><\/span>\r\n\t\t\t\t<div class=\"acc-content\">\r\n\t\t\t\t\t<p>Jr. Pasamayito 209 Tumbes<\/p>\t\t\t\t<\/div>\r\n\t\t\t<\/div>\r\n\t\t\t\t\t\t<div class=\"acc-item\">\r\n\t\t\t\t<span class=\"acc-toggle\" data-default=\"\">Cajamarca <i class=\"down flaticon-download-arrow\"><\/i><i class=\"up flaticon-up-arrow\"><\/i><\/span>\r\n\t\t\t\t<div class=\"acc-content\">\r\n\t\t\t\t\t<p>Urb. Santa Rosa Cal. Los Alamos 335 Cajamarca<\/p>\t\t\t\t<\/div>\r\n\t\t\t<\/div>\r\n\t\t\t\t\t\t<div class=\"acc-item\">\r\n\t\t\t\t<span class=\"acc-toggle\" data-default=\"\">Puno <i class=\"down flaticon-download-arrow\"><\/i><i class=\"up flaticon-up-arrow\"><\/i><\/span>\r\n\t\t\t\t<div class=\"acc-content\">\r\n\t\t\t\t\t<p>Jr. Ramos Castilla 1269 Int 203 Juliaca<\/p>\t\t\t\t<\/div>\r\n\t\t\t<\/div>\r\n\t\t\t\t\t\t<div class=\"acc-item\">\r\n\t\t\t\t<span class=\"acc-toggle\" data-default=\"\">San Mart\u00edn <i class=\"down flaticon-download-arrow\"><\/i><i class=\"up flaticon-up-arrow\"><\/i><\/span>\r\n\t\t\t\t<div class=\"acc-content\">\r\n\t\t\t\t\t<p>Urb. Baltazar Martinez de Compag\u00f1on Mz M Lote 1A Morales<\/p>\t\t\t\t<\/div>\r\n\t\t\t<\/div>\r\n\t\t\t\t\t\t<div class=\"acc-item\">\r\n\t\t\t\t<span class=\"acc-toggle\" data-default=\"\">Ayacucho <i class=\"down flaticon-download-arrow\"><\/i><i class=\"up flaticon-up-arrow\"><\/i><\/span>\r\n\t\t\t\t<div class=\"acc-content\">\r\n\t\t\t\t\t<p>Jr. Los Lirios 380 Huamanga<\/p>\t\t\t\t<\/div>\r\n\t\t\t<\/div>\r\n\t\t\t\t    <\/div>\r\n\r\n\t    \t\t<\/div>\n\t\t\t\t<\/div>\n\t\t\t\t\t<\/div>\n\t\t<\/div>\n\t\t\t\t\t\t\t<\/div>\n\t\t<\/section>\n\t\t\t\t<section class=\"elementor-section elementor-top-section elementor-element elementor-element-fe47f95 ot-traditional elementor-section-boxed elementor-section-height-default elementor-section-height-default\" data-id=\"fe47f95\" data-element_type=\"section\">\n\t\t\t\t\t\t<div class=\"elementor-container elementor-column-gap-default\">\n\t\t\t\t\t<div class=\"elementor-column elementor-col-100 elementor-top-column elementor-element elementor-element-c58dcc1 ot-flex-column-vertical\" data-id=\"c58dcc1\" data-element_type=\"column\">\n\t\t\t<div class=\"elementor-widget-wrap elementor-element-populated\">\n\t\t\t\t\t\t\t\t<section class=\"elementor-section elementor-inner-section elementor-element elementor-element-e57ab94 elementor-section-full_width ot-traditional elementor-section-height-default elementor-section-height-default\" data-id=\"e57ab94\" data-element_type=\"section\" data-settings=\"{&quot;background_background&quot;:&quot;gradient&quot;}\">\n\t\t\t\t\t\t<div class=\"elementor-container elementor-column-gap-extended\">\n\t\t\t\t\t<div class=\"elementor-column elementor-col-25 elementor-inner-column elementor-element elementor-element-9aa8c45 ot-flex-column-vertical\" data-id=\"9aa8c45\" data-element_type=\"column\">\n\t\t\t<div class=\"elementor-widget-wrap elementor-element-populated\">\n\t\t\t\t\t\t\t\t<div class=\"elementor-element elementor-element-4adcc17 elementor-widget__width-inherit elementor-widget elementor-widget-icounter\" data-id=\"4adcc17\" data-element_type=\"widget\" data-widget_type=\"icounter.default\">\n\t\t\t\t<div class=\"elementor-widget-container\">\n\t\t\t\t\t\t\t\t    \t<div class=\"icounter ot-counter\">\r\n\t\t        \t<div>\r\n\t\t        \t\t<span class=\"num\" data-to=\"29\" data-time= \"2000\"><\/span>\r\n\t\t        \t\t<span>+<\/span>\r\n\t\t        \t<\/div>\r\n\t\t        \t<h6>A\u00f1os Experiencia<\/h6>      \t\t\t\t        \r\n\t\t\t    <\/div>\r\n\t\t    \t    \t\t<\/div>\n\t\t\t\t<\/div>\n\t\t\t\t\t<\/div>\n\t\t<\/div>\n\t\t\t\t<div class=\"elementor-column elementor-col-25 elementor-inner-column elementor-element elementor-element-c61aef0 ot-flex-column-vertical\" data-id=\"c61aef0\" data-element_type=\"column\">\n\t\t\t<div class=\"elementor-widget-wrap elementor-element-populated\">\n\t\t\t\t\t\t\t\t<div class=\"elementor-element elementor-element-331b054 elementor-widget elementor-widget-icounter\" data-id=\"331b054\" data-element_type=\"widget\" data-widget_type=\"icounter.default\">\n\t\t\t\t<div class=\"elementor-widget-container\">\n\t\t\t\t\t\t\t\t    \t<div class=\"icounter ot-counter\">\r\n\t\t        \t<div>\r\n\t\t        \t\t<span class=\"num\" data-to=\"3\" data-time= \"2000\"><\/span>\r\n\t\t        \t\t<span><\/span>\r\n\t\t        \t<\/div>\r\n\t\t        \t<h6>Pa\u00edses<\/h6>      \t\t\t\t        \r\n\t\t\t    <\/div>\r\n\t\t    \t    \t\t<\/div>\n\t\t\t\t<\/div>\n\t\t\t\t\t<\/div>\n\t\t<\/div>\n\t\t\t\t<div class=\"elementor-column elementor-col-25 elementor-inner-column elementor-element elementor-element-e1a4467 ot-flex-column-vertical\" data-id=\"e1a4467\" data-element_type=\"column\">\n\t\t\t<div class=\"elementor-widget-wrap elementor-element-populated\">\n\t\t\t\t\t\t\t\t<div class=\"elementor-element elementor-element-4c7f03e elementor-widget elementor-widget-icounter\" data-id=\"4c7f03e\" data-element_type=\"widget\" data-widget_type=\"icounter.default\">\n\t\t\t\t<div class=\"elementor-widget-container\">\n\t\t\t\t\t\t\t\t    \t<div class=\"icounter ot-counter\">\r\n\t\t        \t<div>\r\n\t\t        \t\t<span class=\"num\" data-to=\"12000\" data-time= \"2000\"><\/span>\r\n\t\t        \t\t<span>+<\/span>\r\n\t\t        \t<\/div>\r\n\t\t        \t<h6>Colaboradores<\/h6>      \t\t\t\t        \r\n\t\t\t    <\/div>\r\n\t\t    \t    \t\t<\/div>\n\t\t\t\t<\/div>\n\t\t\t\t\t<\/div>\n\t\t<\/div>\n\t\t\t\t<div class=\"elementor-column elementor-col-25 elementor-inner-column elementor-element elementor-element-b18ae62 ot-flex-column-vertical\" data-id=\"b18ae62\" data-element_type=\"column\">\n\t\t\t<div class=\"elementor-widget-wrap elementor-element-populated\">\n\t\t\t\t\t\t\t\t<div class=\"elementor-element elementor-element-5ded2cb elementor-widget elementor-widget-icounter\" data-id=\"5ded2cb\" data-element_type=\"widget\" data-widget_type=\"icounter.default\">\n\t\t\t\t<div class=\"elementor-widget-container\">\n\t\t\t\t\t\t\t\t    \t<div class=\"icounter ot-counter\">\r\n\t\t        \t<div>\r\n\t\t        \t\t<span class=\"num\" data-to=\"300\" data-time= \"2000\"><\/span>\r\n\t\t        \t\t<span>+<\/span>\r\n\t\t        \t<\/div>\r\n\t\t        \t<h6>Clientes<\/h6>      \t\t\t\t        \r\n\t\t\t    <\/div>\r\n\t\t    \t    \t\t<\/div>\n\t\t\t\t<\/div>\n\t\t\t\t\t<\/div>\n\t\t<\/div>\n\t\t\t\t\t\t\t<\/div>\n\t\t<\/section>\n\t\t\t\t\t<\/div>\n\t\t<\/div>\n\t\t\t\t\t\t\t<\/div>\n\t\t<\/section>\n\t\t\t\t\t\t\t<\/div>\n\t\t","protected":false},"excerpt":{"rendered":"<p>\/\/ Los servicios y soluciones de GRUPOEXPRO est\u00e1n presentes en Per\u00fa, Colombia y Chile Lima Calle Alcanfores Nro 495 Int. 401 Miraflores\u2013Lima Callao Av. Elmer Faucett Cdr. 30 Int. 404 Modulo E Centro Aereo Comercial Cusco Mz K Lote 02 URB. Kari Grande San Sebastian Loreto Cal. Las Camelias 159 Int 02 Iquitos Tacna Sec. [&hellip;]<\/p>\n","protected":false},"author":1,"featured_media":0,"parent":0,"menu_order":0,"comment_status":"closed","ping_status":"closed","template":"","meta":{"footnotes":""},"class_list":["post-13850","page","type-page","status-publish","hentry"],"yoast_head":"<!-- This site is optimized with the Yoast SEO plugin v22.4 - https:\/\/yoast.com\/wordpress\/plugins\/seo\/ -->\n<title>Sucursales \/\/ Cobertura nacional para tu operaci\u00f3n | GrupoExpro procesos estrat\u00e9gicos y soluciones de personal<\/title>\n<meta name=\"description\" content=\"Tenemos presencia mundial con altos est\u00e1ndares de cumplimiento laboral, seguridad y satisfacci\u00f3n de clientes.\" \/>\n<meta name=\"robots\" content=\"index, follow, max-snippet:-1, max-image-preview:large, max-video-preview:-1\" \/>\n<link rel=\"canonical\" href=\"https:\/\/grupoexpro.com\/peru\/sucursales\/\" \/>\n<meta property=\"og:locale\" content=\"es_ES\" \/>\n<meta property=\"og:type\" content=\"article\" \/>\n<meta property=\"og:title\" content=\"Sucursales \/\/ Cobertura nacional para tu operaci\u00f3n | GrupoExpro procesos estrat\u00e9gicos y soluciones de personal\" \/>\n<meta property=\"og:description\" content=\"Tenemos presencia mundial con altos est\u00e1ndares de cumplimiento laboral, seguridad y satisfacci\u00f3n de clientes.\" \/>\n<meta property=\"og:url\" content=\"https:\/\/grupoexpro.com\/peru\/sucursales\/\" \/>\n<meta property=\"og:site_name\" content=\"GrupoExpro\" \/>\n<meta property=\"article:publisher\" content=\"https:\/\/www.facebook.com\/GrupoExpro.Chile\/\" \/>\n<meta property=\"article:modified_time\" content=\"2026-04-01T14:14:54+00:00\" \/>\n<meta property=\"og:image\" content=\"https:\/\/grupoexpro.com\/peru\/wp-content\/uploads\/2023\/10\/rrss-1.jpg\" \/>\n\t<meta property=\"og:image:width\" content=\"1200\" \/>\n\t<meta property=\"og:image:height\" content=\"675\" \/>\n\t<meta property=\"og:image:type\" content=\"image\/jpeg\" \/>\n<meta name=\"twitter:card\" content=\"summary_large_image\" \/>\n<meta name=\"twitter:site\" content=\"@grupoExpro\" \/>\n<meta name=\"twitter:label1\" content=\"Tiempo de lectura\" \/>\n\t<meta name=\"twitter:data1\" content=\"1 minuto\" \/>\n<script type=\"application\/ld+json\" class=\"yoast-schema-graph\">{\"@context\":\"https:\/\/schema.org\",\"@graph\":[{\"@type\":\"WebPage\",\"@id\":\"https:\/\/grupoexpro.com\/peru\/sucursales\/\",\"url\":\"https:\/\/grupoexpro.com\/peru\/sucursales\/\",\"name\":\"Sucursales \/\/ Cobertura nacional para tu operaci\u00f3n | GrupoExpro procesos estrat\u00e9gicos y soluciones de personal\",\"isPartOf\":{\"@id\":\"https:\/\/grupoexpro.com\/peru\/#website\"},\"datePublished\":\"2024-06-24T17:09:17+00:00\",\"dateModified\":\"2026-04-01T14:14:54+00:00\",\"description\":\"Tenemos presencia mundial con altos est\u00e1ndares de cumplimiento laboral, seguridad y satisfacci\u00f3n de clientes.\",\"breadcrumb\":{\"@id\":\"https:\/\/grupoexpro.com\/peru\/sucursales\/#breadcrumb\"},\"inLanguage\":\"es\",\"potentialAction\":[{\"@type\":\"ReadAction\",\"target\":[\"https:\/\/grupoexpro.com\/peru\/sucursales\/\"]}]},{\"@type\":\"BreadcrumbList\",\"@id\":\"https:\/\/grupoexpro.com\/peru\/sucursales\/#breadcrumb\",\"itemListElement\":[{\"@type\":\"ListItem\",\"position\":1,\"name\":\"Portada\",\"item\":\"https:\/\/grupoexpro.com\/peru\/\"},{\"@type\":\"ListItem\",\"position\":2,\"name\":\"Sucursales \/\/ Cobertura nacional para tu operaci\u00f3n\"}]},{\"@type\":\"WebSite\",\"@id\":\"https:\/\/grupoexpro.com\/peru\/#website\",\"url\":\"https:\/\/grupoexpro.com\/peru\/\",\"name\":\"GrupoExpro\",\"description\":\"Web\",\"publisher\":{\"@id\":\"https:\/\/grupoexpro.com\/peru\/#organization\"},\"alternateName\":\"GrupoExpro\",\"inLanguage\":\"es\"},{\"@type\":\"Organization\",\"@id\":\"https:\/\/grupoexpro.com\/peru\/#organization\",\"name\":\"GrupoExpro\",\"alternateName\":\"GrupoExpro\",\"url\":\"https:\/\/grupoexpro.com\/peru\/\",\"logo\":{\"@type\":\"ImageObject\",\"inLanguage\":\"es\",\"@id\":\"https:\/\/grupoexpro.com\/peru\/#\/schema\/logo\/image\/\",\"url\":\"https:\/\/grupoexpro.com\/peru\/wp-content\/uploads\/2023\/10\/rrss.jpg\",\"contentUrl\":\"https:\/\/grupoexpro.com\/peru\/wp-content\/uploads\/2023\/10\/rrss.jpg\",\"width\":1200,\"height\":600,\"caption\":\"GrupoExpro\"},\"image\":{\"@id\":\"https:\/\/grupoexpro.com\/peru\/#\/schema\/logo\/image\/\"},\"sameAs\":[\"https:\/\/www.facebook.com\/GrupoExpro.Chile\/\",\"https:\/\/twitter.com\/grupoExpro\",\"https:\/\/www.linkedin.com\/company\/grupo-expro\/\",\"https:\/\/www.instagram.com\/grupo_expro\/?hl=es-la\"]}]}<\/script>\n<!-- \/ Yoast SEO plugin. -->","yoast_head_json":{"title":"Sucursales \/\/ Cobertura nacional para tu operaci\u00f3n | GrupoExpro procesos estrat\u00e9gicos y soluciones de personal","description":"Tenemos presencia mundial con altos est\u00e1ndares de cumplimiento laboral, seguridad y satisfacci\u00f3n de clientes.","robots":{"index":"index","follow":"follow","max-snippet":"max-snippet:-1","max-image-preview":"max-image-preview:large","max-video-preview":"max-video-preview:-1"},"canonical":"https:\/\/grupoexpro.com\/peru\/sucursales\/","og_locale":"es_ES","og_type":"article","og_title":"Sucursales \/\/ Cobertura nacional para tu operaci\u00f3n | GrupoExpro procesos estrat\u00e9gicos y soluciones de personal","og_description":"Tenemos presencia mundial con altos est\u00e1ndares de cumplimiento laboral, seguridad y satisfacci\u00f3n de clientes.","og_url":"https:\/\/grupoexpro.com\/peru\/sucursales\/","og_site_name":"GrupoExpro","article_publisher":"https:\/\/www.facebook.com\/GrupoExpro.Chile\/","article_modified_time":"2026-04-01T14:14:54+00:00","og_image":[{"width":1200,"height":675,"url":"https:\/\/grupoexpro.com\/peru\/wp-content\/uploads\/2023\/10\/rrss-1.jpg","type":"image\/jpeg"}],"twitter_card":"summary_large_image","twitter_site":"@grupoExpro","twitter_misc":{"Tiempo de lectura":"1 minuto"},"schema":{"@context":"https:\/\/schema.org","@graph":[{"@type":"WebPage","@id":"https:\/\/grupoexpro.com\/peru\/sucursales\/","url":"https:\/\/grupoexpro.com\/peru\/sucursales\/","name":"Sucursales \/\/ Cobertura nacional para tu operaci\u00f3n | GrupoExpro procesos estrat\u00e9gicos y soluciones de personal","isPartOf":{"@id":"https:\/\/grupoexpro.com\/peru\/#website"},"datePublished":"2024-06-24T17:09:17+00:00","dateModified":"2026-04-01T14:14:54+00:00","description":"Tenemos presencia mundial con altos est\u00e1ndares de cumplimiento laboral, seguridad y satisfacci\u00f3n de clientes.","breadcrumb":{"@id":"https:\/\/grupoexpro.com\/peru\/sucursales\/#breadcrumb"},"inLanguage":"es","potentialAction":[{"@type":"ReadAction","target":["https:\/\/grupoexpro.com\/peru\/sucursales\/"]}]},{"@type":"BreadcrumbList","@id":"https:\/\/grupoexpro.com\/peru\/sucursales\/#breadcrumb","itemListElement":[{"@type":"ListItem","position":1,"name":"Portada","item":"https:\/\/grupoexpro.com\/peru\/"},{"@type":"ListItem","position":2,"name":"Sucursales \/\/ Cobertura nacional para tu operaci\u00f3n"}]},{"@type":"WebSite","@id":"https:\/\/grupoexpro.com\/peru\/#website","url":"https:\/\/grupoexpro.com\/peru\/","name":"GrupoExpro","description":"Web","publisher":{"@id":"https:\/\/grupoexpro.com\/peru\/#organization"},"alternateName":"GrupoExpro","inLanguage":"es"},{"@type":"Organization","@id":"https:\/\/grupoexpro.com\/peru\/#organization","name":"GrupoExpro","alternateName":"GrupoExpro","url":"https:\/\/grupoexpro.com\/peru\/","logo":{"@type":"ImageObject","inLanguage":"es","@id":"https:\/\/grupoexpro.com\/peru\/#\/schema\/logo\/image\/","url":"https:\/\/grupoexpro.com\/peru\/wp-content\/uploads\/2023\/10\/rrss.jpg","contentUrl":"https:\/\/grupoexpro.com\/peru\/wp-content\/uploads\/2023\/10\/rrss.jpg","width":1200,"height":600,"caption":"GrupoExpro"},"image":{"@id":"https:\/\/grupoexpro.com\/peru\/#\/schema\/logo\/image\/"},"sameAs":["https:\/\/www.facebook.com\/GrupoExpro.Chile\/","https:\/\/twitter.com\/grupoExpro","https:\/\/www.linkedin.com\/company\/grupo-expro\/","https:\/\/www.instagram.com\/grupo_expro\/?hl=es-la"]}]}},"_links":{"self":[{"href":"https:\/\/grupoexpro.com\/peru\/wp-json\/wp\/v2\/pages\/13850","targetHints":{"allow":["GET"]}}],"collection":[{"href":"https:\/\/grupoexpro.com\/peru\/wp-json\/wp\/v2\/pages"}],"about":[{"href":"https:\/\/grupoexpro.com\/peru\/wp-json\/wp\/v2\/types\/page"}],"author":[{"embeddable":true,"href":"https:\/\/grupoexpro.com\/peru\/wp-json\/wp\/v2\/users\/1"}],"replies":[{"embeddable":true,"href":"https:\/\/grupoexpro.com\/peru\/wp-json\/wp\/v2\/comments?post=13850"}],"version-history":[{"count":130,"href":"https:\/\/grupoexpro.com\/peru\/wp-json\/wp\/v2\/pages\/13850\/revisions"}],"predecessor-version":[{"id":16733,"href":"https:\/\/grupoexpro.com\/peru\/wp-json\/wp\/v2\/pages\/13850\/revisions\/16733"}],"wp:attachment":[{"href":"https:\/\/grupoexpro.com\/peru\/wp-json\/wp\/v2\/media?parent=13850"}],"curies":[{"name":"wp","href":"https:\/\/api.w.org\/{rel}","templated":true}]}}